{"id":5754,"date":"2026-02-26T14:34:44","date_gmt":"2026-02-26T13:34:44","guid":{"rendered":"https:\/\/nntt.auria.org\/?post_type=product&#038;p=5754"},"modified":"2026-02-26T14:41:45","modified_gmt":"2026-02-26T13:41:45","slug":"aranya-de-massatge","status":"publish","type":"product","link":"https:\/\/nntt2.auria.org\/index.php\/producte\/aranya-de-massatge\/","title":{"rendered":"Aranya de massatge"},"content":{"rendered":"<p data-path-to-node=\"5,0,0\">El seu disseny lleuger i ergon\u00f2mic permet que la persona pugui gestionar el seu propi moment de relaxaci\u00f3. El fet de poder aplicar-se el massatge un mateix refor\u00e7a la independ\u00e8ncia i la capacitat de decidir sobre el propi benestar.<\/p>\n<p data-path-to-node=\"5,1,0\"><b data-path-to-node=\"5,1,0\" data-index-in-node=\"0\">Estimulaci\u00f3 sensorial:<\/b> Les varetes flexibles ajuden a treballar la <b data-path-to-node=\"5,1,0\" data-index-in-node=\"67\">percepci\u00f3 corporal<\/b> (propiocepci\u00f3). Proporcionen est\u00edmuls t\u00e0ctils suaus que ajuden a identificar i relaxar zones de tensi\u00f3 al cuir cabellut i el coll.<\/p>\n<p data-path-to-node=\"5,2,0\"><b data-path-to-node=\"5,2,0\" data-index-in-node=\"0\">Accessibilitat:<\/b> Gr\u00e0cies al seu m\u00e0nec de f\u00e0cil subjecci\u00f3, requereix molt poc esfor\u00e7 f\u00edsic i una coordinaci\u00f3 motora m\u00ednima per obtenir un resultat satisfactori de forma immediata.<\/p>\n<p data-path-to-node=\"5,3,0\"><b data-path-to-node=\"5,3,0\" data-index-in-node=\"0\">Beneficis emocionals:<\/b> Contribueix directament a la reducci\u00f3 de l&#8217;estr\u00e8s i l&#8217;ansietat, oferint una via r\u00e0pida cap a la calma en moments de sobrec\u00e0rrega sensorial o emocional.<\/p>\n<p>&nbsp;<\/p>\n","protected":false},"excerpt":{"rendered":"<p>Estri per aplicar massatges relaxants al cap.<\/p>\n","protected":false},"featured_media":5755,"template":"","meta":[],"product_brand":[],"product_cat":[403],"product_tag":[],"class_list":{"0":"post-5754","1":"product","2":"type-product","3":"status-publish","4":"has-post-thumbnail","6":"product_cat-vida-diria","8":"first","9":"instock","10":"sold-individually","11":"shipping-taxable","12":"purchasable","13":"product-type-simple"},"_links":{"self":[{"href":"https:\/\/nntt2.auria.org\/index.php\/wp-json\/wp\/v2\/product\/5754","targetHints":{"allow":["GET"]}}],"collection":[{"href":"https:\/\/nntt2.auria.org\/index.php\/wp-json\/wp\/v2\/product"}],"about":[{"href":"https:\/\/nntt2.auria.org\/index.php\/wp-json\/wp\/v2\/types\/product"}],"wp:featuredmedia":[{"embeddable":true,"href":"https:\/\/nntt2.auria.org\/index.php\/wp-json\/wp\/v2\/media\/5755"}],"wp:attachment":[{"href":"https:\/\/nntt2.auria.org\/index.php\/wp-json\/wp\/v2\/media?parent=5754"}],"wp:term":[{"taxonomy":"product_brand","embeddable":true,"href":"https:\/\/nntt2.auria.org\/index.php\/wp-json\/wp\/v2\/product_brand?post=5754"},{"taxonomy":"product_cat","embeddable":true,"href":"https:\/\/nntt2.auria.org\/index.php\/wp-json\/wp\/v2\/product_cat?post=5754"},{"taxonomy":"product_tag","embeddable":true,"href":"https:\/\/nntt2.auria.org\/index.php\/wp-json\/wp\/v2\/product_tag?post=5754"}],"curies":[{"name":"wp","href":"https:\/\/api.w.org\/{rel}","templated":true}]}}