{"id":5400,"date":"2025-09-05T14:06:43","date_gmt":"2025-09-05T13:06:43","guid":{"rendered":"https:\/\/nntt.auria.org\/?post_type=product&#038;p=5400"},"modified":"2026-03-10T12:01:13","modified_gmt":"2026-03-10T11:01:13","slug":"atril-per-subjectar-cartes","status":"publish","type":"product","link":"https:\/\/nntt2.auria.org\/index.php\/producte\/atril-per-subjectar-cartes\/","title":{"rendered":"Atril per subjectar cartes"},"content":{"rendered":"<p>Atril recte per subjectar cartes.<\/p>\n<p>T\u00e9 dos nivells.<\/p>\n<p>Hi caben 6 cartes sobrant espai 0 8 cartes sobresortint una mica per\u00f2 perfectament subjectades.<\/p>\n<p>Creat per <b>\u00c0uria Fundaci\u00f3<\/b><\/p>\n","protected":false},"excerpt":{"rendered":"<p>Atril recte per subjectar cartes. T\u00e9 dos nivells. Hi caben 6 cartes sobrant espai 0 8 cartes sobresortint una mica per\u00f2 perfectament subjectades. Creat per \u00c0uria Fundaci\u00f3<\/p>\n","protected":false},"featured_media":5401,"template":"","meta":[],"product_brand":[],"product_cat":[402],"product_tag":[],"class_list":{"0":"post-5400","1":"product","2":"type-product","3":"status-publish","4":"has-post-thumbnail","6":"product_cat-productes-educatius","8":"first","9":"instock","10":"sold-individually","11":"shipping-taxable","12":"purchasable","13":"product-type-simple"},"_links":{"self":[{"href":"https:\/\/nntt2.auria.org\/index.php\/wp-json\/wp\/v2\/product\/5400","targetHints":{"allow":["GET"]}}],"collection":[{"href":"https:\/\/nntt2.auria.org\/index.php\/wp-json\/wp\/v2\/product"}],"about":[{"href":"https:\/\/nntt2.auria.org\/index.php\/wp-json\/wp\/v2\/types\/product"}],"wp:featuredmedia":[{"embeddable":true,"href":"https:\/\/nntt2.auria.org\/index.php\/wp-json\/wp\/v2\/media\/5401"}],"wp:attachment":[{"href":"https:\/\/nntt2.auria.org\/index.php\/wp-json\/wp\/v2\/media?parent=5400"}],"wp:term":[{"taxonomy":"product_brand","embeddable":true,"href":"https:\/\/nntt2.auria.org\/index.php\/wp-json\/wp\/v2\/product_brand?post=5400"},{"taxonomy":"product_cat","embeddable":true,"href":"https:\/\/nntt2.auria.org\/index.php\/wp-json\/wp\/v2\/product_cat?post=5400"},{"taxonomy":"product_tag","embeddable":true,"href":"https:\/\/nntt2.auria.org\/index.php\/wp-json\/wp\/v2\/product_tag?post=5400"}],"curies":[{"name":"wp","href":"https:\/\/api.w.org\/{rel}","templated":true}]}}