{"id":5247,"date":"2025-07-29T16:59:13","date_gmt":"2025-07-29T15:59:13","guid":{"rendered":"https:\/\/nntt.auria.org\/index.php\/producte\/suport-per-telfon-mbil\/"},"modified":"2025-09-05T11:55:38","modified_gmt":"2025-09-05T10:55:38","slug":"suport-per-telfon-mbil","status":"publish","type":"product","link":"https:\/\/nntt2.auria.org\/index.php\/producte\/suport-per-telfon-mbil\/","title":{"rendered":"Suport per tel\u00e8fon m\u00f2bil"},"content":{"rendered":"<p data-pm-slice=\"1 1 []\">Suport per tel\u00e8fon m\u00f2bil.<br \/>\nEn plegar-lo queda amb el mateix format que una targeta de cr\u00e8dit.<br \/>\nEs pot regular la inclinaci\u00f3.<\/p>\n<p>Creat per l&#8217;usuari de Thingiverse jonning<\/p>\n","protected":false},"excerpt":{"rendered":"<p>Suport per tel\u00e8fon m\u00f2bil. En plegar-lo queda amb el mateix format que una targeta de cr\u00e8dit. Es pot regular la inclinaci\u00f3. Creat per l&#8217;usuari de Thingiverse jonning<\/p>\n","protected":false},"featured_media":5336,"template":"","meta":[],"product_brand":[],"product_cat":[403],"product_tag":[],"class_list":{"0":"post-5247","1":"product","2":"type-product","3":"status-publish","4":"has-post-thumbnail","6":"product_cat-vida-diria","8":"first","9":"instock","10":"sold-individually","11":"shipping-taxable","12":"purchasable","13":"product-type-simple"},"_links":{"self":[{"href":"https:\/\/nntt2.auria.org\/index.php\/wp-json\/wp\/v2\/product\/5247","targetHints":{"allow":["GET"]}}],"collection":[{"href":"https:\/\/nntt2.auria.org\/index.php\/wp-json\/wp\/v2\/product"}],"about":[{"href":"https:\/\/nntt2.auria.org\/index.php\/wp-json\/wp\/v2\/types\/product"}],"wp:featuredmedia":[{"embeddable":true,"href":"https:\/\/nntt2.auria.org\/index.php\/wp-json\/wp\/v2\/media\/5336"}],"wp:attachment":[{"href":"https:\/\/nntt2.auria.org\/index.php\/wp-json\/wp\/v2\/media?parent=5247"}],"wp:term":[{"taxonomy":"product_brand","embeddable":true,"href":"https:\/\/nntt2.auria.org\/index.php\/wp-json\/wp\/v2\/product_brand?post=5247"},{"taxonomy":"product_cat","embeddable":true,"href":"https:\/\/nntt2.auria.org\/index.php\/wp-json\/wp\/v2\/product_cat?post=5247"},{"taxonomy":"product_tag","embeddable":true,"href":"https:\/\/nntt2.auria.org\/index.php\/wp-json\/wp\/v2\/product_tag?post=5247"}],"curies":[{"name":"wp","href":"https:\/\/api.w.org\/{rel}","templated":true}]}}