{"id":5244,"date":"2025-07-29T16:59:09","date_gmt":"2025-07-29T15:59:09","guid":{"rendered":"https:\/\/nntt.auria.org\/index.php\/producte\/pressionador-de-m\/"},"modified":"2025-09-05T12:03:21","modified_gmt":"2025-09-05T11:03:21","slug":"pressionador-de-ma","status":"publish","type":"product","link":"https:\/\/nntt2.auria.org\/index.php\/producte\/pressionador-de-ma\/","title":{"rendered":"Pressionador de m\u00e0"},"content":{"rendered":"<p>Estri per treballar i mantenir la tonificaci\u00f3 als m\u00fasculs de la m\u00e0 i l&#8217;avantbra\u00e7.<\/p>\n<p>Ideal per fer sessions de manteniment f\u00edsic individuals asseguts a la cadira.<\/p>\n<p>Creat per l&#8217;usuari de thingiverse<br \/>\nHHP_UNCC<\/p>\n","protected":false},"excerpt":{"rendered":"<p>Estri per treballar i mantenir la tonificaci\u00f3 als m\u00fasculs de la m\u00e0 i l&#8217;avantbra\u00e7. Ideal per fer sessions de manteniment f\u00edsic individuals asseguts a la cadira. Creat per l&#8217;usuari de thingiverse HHP_UNCC<\/p>\n","protected":false},"featured_media":5342,"template":"","meta":[],"product_brand":[],"product_cat":[403],"product_tag":[],"class_list":{"0":"post-5244","1":"product","2":"type-product","3":"status-publish","4":"has-post-thumbnail","6":"product_cat-vida-diria","8":"first","9":"instock","10":"sold-individually","11":"shipping-taxable","12":"purchasable","13":"product-type-simple"},"_links":{"self":[{"href":"https:\/\/nntt2.auria.org\/index.php\/wp-json\/wp\/v2\/product\/5244","targetHints":{"allow":["GET"]}}],"collection":[{"href":"https:\/\/nntt2.auria.org\/index.php\/wp-json\/wp\/v2\/product"}],"about":[{"href":"https:\/\/nntt2.auria.org\/index.php\/wp-json\/wp\/v2\/types\/product"}],"wp:featuredmedia":[{"embeddable":true,"href":"https:\/\/nntt2.auria.org\/index.php\/wp-json\/wp\/v2\/media\/5342"}],"wp:attachment":[{"href":"https:\/\/nntt2.auria.org\/index.php\/wp-json\/wp\/v2\/media?parent=5244"}],"wp:term":[{"taxonomy":"product_brand","embeddable":true,"href":"https:\/\/nntt2.auria.org\/index.php\/wp-json\/wp\/v2\/product_brand?post=5244"},{"taxonomy":"product_cat","embeddable":true,"href":"https:\/\/nntt2.auria.org\/index.php\/wp-json\/wp\/v2\/product_cat?post=5244"},{"taxonomy":"product_tag","embeddable":true,"href":"https:\/\/nntt2.auria.org\/index.php\/wp-json\/wp\/v2\/product_tag?post=5244"}],"curies":[{"name":"wp","href":"https:\/\/api.w.org\/{rel}","templated":true}]}}