{"id":5242,"date":"2025-07-29T16:59:08","date_gmt":"2025-07-29T15:59:08","guid":{"rendered":"https:\/\/nntt.auria.org\/index.php\/producte\/pinta-amb-mnec-adaptat\/"},"modified":"2025-09-05T12:12:45","modified_gmt":"2025-09-05T11:12:45","slug":"pinta-amb-manec-adaptat","status":"publish","type":"product","link":"https:\/\/nntt2.auria.org\/index.php\/producte\/pinta-amb-manec-adaptat\/","title":{"rendered":"Pinta amb m\u00e0nec adaptat"},"content":{"rendered":"<p>Pinta amb ansa per una f\u00e0cil subjecci\u00f3.<\/p>\n<p>Creat per l&#8217;usuari de REHAB-LAB BEAULIEU &#8211; CLINIQUE FSEF RENNES BEAULIEU<\/p>\n","protected":false},"excerpt":{"rendered":"<p>Pinta amb ansa per una f\u00e0cil subjecci\u00f3. Creat per l&#8217;usuari de REHAB-LAB BEAULIEU &#8211; CLINIQUE FSEF RENNES BEAULIEU<\/p>\n","protected":false},"featured_media":5347,"template":"","meta":[],"product_brand":[],"product_cat":[403],"product_tag":[],"class_list":{"0":"post-5242","1":"product","2":"type-product","3":"status-publish","4":"has-post-thumbnail","6":"product_cat-vida-diria","8":"first","9":"instock","10":"sold-individually","11":"shipping-taxable","12":"purchasable","13":"product-type-simple"},"_links":{"self":[{"href":"https:\/\/nntt2.auria.org\/index.php\/wp-json\/wp\/v2\/product\/5242","targetHints":{"allow":["GET"]}}],"collection":[{"href":"https:\/\/nntt2.auria.org\/index.php\/wp-json\/wp\/v2\/product"}],"about":[{"href":"https:\/\/nntt2.auria.org\/index.php\/wp-json\/wp\/v2\/types\/product"}],"wp:featuredmedia":[{"embeddable":true,"href":"https:\/\/nntt2.auria.org\/index.php\/wp-json\/wp\/v2\/media\/5347"}],"wp:attachment":[{"href":"https:\/\/nntt2.auria.org\/index.php\/wp-json\/wp\/v2\/media?parent=5242"}],"wp:term":[{"taxonomy":"product_brand","embeddable":true,"href":"https:\/\/nntt2.auria.org\/index.php\/wp-json\/wp\/v2\/product_brand?post=5242"},{"taxonomy":"product_cat","embeddable":true,"href":"https:\/\/nntt2.auria.org\/index.php\/wp-json\/wp\/v2\/product_cat?post=5242"},{"taxonomy":"product_tag","embeddable":true,"href":"https:\/\/nntt2.auria.org\/index.php\/wp-json\/wp\/v2\/product_tag?post=5242"}],"curies":[{"name":"wp","href":"https:\/\/api.w.org\/{rel}","templated":true}]}}