{"id":5237,"date":"2025-07-29T16:59:07","date_gmt":"2025-07-29T15:59:07","guid":{"rendered":"https:\/\/nntt.auria.org\/index.php\/producte\/puzzle-en-braille\/"},"modified":"2025-09-05T12:18:32","modified_gmt":"2025-09-05T11:18:32","slug":"puzle-en-braille","status":"publish","type":"product","link":"https:\/\/nntt2.auria.org\/index.php\/producte\/puzle-en-braille\/","title":{"rendered":"Puzzle peix en Braille + alt contrast"},"content":{"rendered":"<p>Puzzle de 4 peces en forma de peix.<\/p>\n<p>Cada pe\u00e7a t\u00e9 una lletra i juntes formen la paraula en angl\u00e8s \u201c<b>FISH<\/b>\u201d<\/p>\n<p>Creat per l&#8217;usuari de Thingiverse Fittle<\/p>\n","protected":false},"excerpt":{"rendered":"<p>Puzzle de 4 peces en forma de peix. Cada pe\u00e7a t\u00e9 una lletra i juntes formen la paraula en angl\u00e8s \u201cFISH\u201d Creat per l&#8217;usuari de Thingiverse Fittle<\/p>\n","protected":false},"featured_media":5351,"template":"","meta":[],"product_brand":[],"product_cat":[402],"product_tag":[],"class_list":{"0":"post-5237","1":"product","2":"type-product","3":"status-publish","4":"has-post-thumbnail","6":"product_cat-productes-educatius","8":"first","9":"instock","10":"sold-individually","11":"shipping-taxable","12":"purchasable","13":"product-type-simple"},"_links":{"self":[{"href":"https:\/\/nntt2.auria.org\/index.php\/wp-json\/wp\/v2\/product\/5237","targetHints":{"allow":["GET"]}}],"collection":[{"href":"https:\/\/nntt2.auria.org\/index.php\/wp-json\/wp\/v2\/product"}],"about":[{"href":"https:\/\/nntt2.auria.org\/index.php\/wp-json\/wp\/v2\/types\/product"}],"wp:featuredmedia":[{"embeddable":true,"href":"https:\/\/nntt2.auria.org\/index.php\/wp-json\/wp\/v2\/media\/5351"}],"wp:attachment":[{"href":"https:\/\/nntt2.auria.org\/index.php\/wp-json\/wp\/v2\/media?parent=5237"}],"wp:term":[{"taxonomy":"product_brand","embeddable":true,"href":"https:\/\/nntt2.auria.org\/index.php\/wp-json\/wp\/v2\/product_brand?post=5237"},{"taxonomy":"product_cat","embeddable":true,"href":"https:\/\/nntt2.auria.org\/index.php\/wp-json\/wp\/v2\/product_cat?post=5237"},{"taxonomy":"product_tag","embeddable":true,"href":"https:\/\/nntt2.auria.org\/index.php\/wp-json\/wp\/v2\/product_tag?post=5237"}],"curies":[{"name":"wp","href":"https:\/\/api.w.org\/{rel}","templated":true}]}}