{"id":5236,"date":"2025-07-29T16:59:07","date_gmt":"2025-07-29T15:59:07","guid":{"rendered":"https:\/\/nntt.auria.org\/index.php\/producte\/laberint-en-relleu-1\/"},"modified":"2025-09-05T12:20:12","modified_gmt":"2025-09-05T11:20:12","slug":"laberint-en-relleu-1","status":"publish","type":"product","link":"https:\/\/nntt2.auria.org\/index.php\/producte\/laberint-en-relleu-1\/","title":{"rendered":"Laberint en relleu + alt contrast dificultat baixa"},"content":{"rendered":"<p>Laberint senzill amb relleu i alt contrast per qu\u00e8 les persones amb dificultats de visi\u00f3 o sense visi\u00f3 el puguin resseguir amb el dit.<\/p>\n<p>Aquest laberint t\u00e9 un grau de dificultat molt baix.<\/p>\n<p>Inclou una figureta d\u2019un gos, un conill, un os i una pastanaga.<\/p>\n<p>Creat per \u00c0uria Fundaci\u00f3<\/p>\n","protected":false},"excerpt":{"rendered":"<p>Laberint senzill amb relleu i alt contrast per qu\u00e8 les persones amb dificultats de visi\u00f3 o sense visi\u00f3 el puguin resseguir amb el dit. Aquest laberint t\u00e9 un grau de dificultat molt<a class=\"moretag\" href=\"https:\/\/nntt2.auria.org\/index.php\/producte\/laberint-en-relleu-1\/\">Read More&#8230;<\/a><\/p>\n","protected":false},"featured_media":5353,"template":"","meta":[],"product_brand":[],"product_cat":[402],"product_tag":[],"class_list":{"0":"post-5236","1":"product","2":"type-product","3":"status-publish","4":"has-post-thumbnail","6":"product_cat-productes-educatius","8":"first","9":"instock","10":"sold-individually","11":"shipping-taxable","12":"purchasable","13":"product-type-simple"},"_links":{"self":[{"href":"https:\/\/nntt2.auria.org\/index.php\/wp-json\/wp\/v2\/product\/5236","targetHints":{"allow":["GET"]}}],"collection":[{"href":"https:\/\/nntt2.auria.org\/index.php\/wp-json\/wp\/v2\/product"}],"about":[{"href":"https:\/\/nntt2.auria.org\/index.php\/wp-json\/wp\/v2\/types\/product"}],"wp:featuredmedia":[{"embeddable":true,"href":"https:\/\/nntt2.auria.org\/index.php\/wp-json\/wp\/v2\/media\/5353"}],"wp:attachment":[{"href":"https:\/\/nntt2.auria.org\/index.php\/wp-json\/wp\/v2\/media?parent=5236"}],"wp:term":[{"taxonomy":"product_brand","embeddable":true,"href":"https:\/\/nntt2.auria.org\/index.php\/wp-json\/wp\/v2\/product_brand?post=5236"},{"taxonomy":"product_cat","embeddable":true,"href":"https:\/\/nntt2.auria.org\/index.php\/wp-json\/wp\/v2\/product_cat?post=5236"},{"taxonomy":"product_tag","embeddable":true,"href":"https:\/\/nntt2.auria.org\/index.php\/wp-json\/wp\/v2\/product_tag?post=5236"}],"curies":[{"name":"wp","href":"https:\/\/api.w.org\/{rel}","templated":true}]}}