{"id":5235,"date":"2025-07-29T16:59:06","date_gmt":"2025-07-29T15:59:06","guid":{"rendered":"https:\/\/nntt.auria.org\/index.php\/producte\/dau-amb-alt-contrast\/"},"modified":"2025-09-05T12:43:26","modified_gmt":"2025-09-05T11:43:26","slug":"dau-amb-alt-contrast","status":"publish","type":"product","link":"https:\/\/nntt2.auria.org\/index.php\/producte\/dau-amb-alt-contrast\/","title":{"rendered":"Dau amb alt contrast i lletra vista"},"content":{"rendered":"<p data-pm-slice=\"1 1 []\">Dau de 6 cares amb n\u00fameros amb relleu de color negre sobre fons groc.<\/p>\n<p>Creat per \u00c0uria Fundaci\u00f3<\/p>\n","protected":false},"excerpt":{"rendered":"<p>Dau de 6 cares amb n\u00fameros amb relleu de color negre sobre fons groc. Creat per \u00c0uria Fundaci\u00f3<\/p>\n","protected":false},"featured_media":5357,"template":"","meta":[],"product_brand":[],"product_cat":[402],"product_tag":[],"class_list":{"0":"post-5235","1":"product","2":"type-product","3":"status-publish","4":"has-post-thumbnail","6":"product_cat-productes-educatius","8":"first","9":"instock","10":"sold-individually","11":"shipping-taxable","12":"purchasable","13":"product-type-simple"},"_links":{"self":[{"href":"https:\/\/nntt2.auria.org\/index.php\/wp-json\/wp\/v2\/product\/5235","targetHints":{"allow":["GET"]}}],"collection":[{"href":"https:\/\/nntt2.auria.org\/index.php\/wp-json\/wp\/v2\/product"}],"about":[{"href":"https:\/\/nntt2.auria.org\/index.php\/wp-json\/wp\/v2\/types\/product"}],"wp:featuredmedia":[{"embeddable":true,"href":"https:\/\/nntt2.auria.org\/index.php\/wp-json\/wp\/v2\/media\/5357"}],"wp:attachment":[{"href":"https:\/\/nntt2.auria.org\/index.php\/wp-json\/wp\/v2\/media?parent=5235"}],"wp:term":[{"taxonomy":"product_brand","embeddable":true,"href":"https:\/\/nntt2.auria.org\/index.php\/wp-json\/wp\/v2\/product_brand?post=5235"},{"taxonomy":"product_cat","embeddable":true,"href":"https:\/\/nntt2.auria.org\/index.php\/wp-json\/wp\/v2\/product_cat?post=5235"},{"taxonomy":"product_tag","embeddable":true,"href":"https:\/\/nntt2.auria.org\/index.php\/wp-json\/wp\/v2\/product_tag?post=5235"}],"curies":[{"name":"wp","href":"https:\/\/api.w.org\/{rel}","templated":true}]}}