{"id":5233,"date":"2025-07-29T16:59:06","date_gmt":"2025-07-29T15:59:06","guid":{"rendered":"https:\/\/nntt.auria.org\/index.php\/producte\/joc-de-cartes-amb-relleu\/"},"modified":"2025-09-05T12:42:08","modified_gmt":"2025-09-05T11:42:08","slug":"joc-de-cartes-amb-relleu","status":"publish","type":"product","link":"https:\/\/nntt2.auria.org\/index.php\/producte\/joc-de-cartes-amb-relleu\/","title":{"rendered":"Joc de cartes amb relleu"},"content":{"rendered":"<p>Cada carta cont\u00e9 una forma amb relleu i un n\u00famero amb Braille i amb lletra vista.<\/p>\n<p>Es pot jugar a multitud de jocs per comen\u00e7ar a treballar la identificaci\u00f3 t\u00e0ctil.<\/p>\n<p>Creat per \u00c0uria Fundaci\u00f3<\/p>\n","protected":false},"excerpt":{"rendered":"<p>Cada carta cont\u00e9 una forma amb relleu i un n\u00famero amb Braille i amb lletra vista. Es pot jugar a multitud de jocs per comen\u00e7ar a treballar la identificaci\u00f3 t\u00e0ctil. Creat per<a class=\"moretag\" href=\"https:\/\/nntt2.auria.org\/index.php\/producte\/joc-de-cartes-amb-relleu\/\">Read More&#8230;<\/a><\/p>\n","protected":false},"featured_media":5356,"template":"","meta":[],"product_brand":[],"product_cat":[402],"product_tag":[],"class_list":{"0":"post-5233","1":"product","2":"type-product","3":"status-publish","4":"has-post-thumbnail","6":"product_cat-productes-educatius","8":"first","9":"instock","10":"sold-individually","11":"shipping-taxable","12":"purchasable","13":"product-type-simple"},"_links":{"self":[{"href":"https:\/\/nntt2.auria.org\/index.php\/wp-json\/wp\/v2\/product\/5233","targetHints":{"allow":["GET"]}}],"collection":[{"href":"https:\/\/nntt2.auria.org\/index.php\/wp-json\/wp\/v2\/product"}],"about":[{"href":"https:\/\/nntt2.auria.org\/index.php\/wp-json\/wp\/v2\/types\/product"}],"wp:featuredmedia":[{"embeddable":true,"href":"https:\/\/nntt2.auria.org\/index.php\/wp-json\/wp\/v2\/media\/5356"}],"wp:attachment":[{"href":"https:\/\/nntt2.auria.org\/index.php\/wp-json\/wp\/v2\/media?parent=5233"}],"wp:term":[{"taxonomy":"product_brand","embeddable":true,"href":"https:\/\/nntt2.auria.org\/index.php\/wp-json\/wp\/v2\/product_brand?post=5233"},{"taxonomy":"product_cat","embeddable":true,"href":"https:\/\/nntt2.auria.org\/index.php\/wp-json\/wp\/v2\/product_cat?post=5233"},{"taxonomy":"product_tag","embeddable":true,"href":"https:\/\/nntt2.auria.org\/index.php\/wp-json\/wp\/v2\/product_tag?post=5233"}],"curies":[{"name":"wp","href":"https:\/\/api.w.org\/{rel}","templated":true}]}}