{"id":5231,"date":"2025-07-29T16:59:06","date_gmt":"2025-07-29T15:59:06","guid":{"rendered":"https:\/\/nntt.auria.org\/index.php\/producte\/conte-del-patufet-en-relleu-i-braille\/"},"modified":"2025-07-30T10:06:59","modified_gmt":"2025-07-30T09:06:59","slug":"conte-del-patufet-en-relleu-i-braille","status":"publish","type":"product","link":"https:\/\/nntt2.auria.org\/index.php\/producte\/conte-del-patufet-en-relleu-i-braille\/","title":{"rendered":"Conte del Patufet en relleu i Braille"},"content":{"rendered":"<p>Adaptaci\u00f3 molt resumida del cl\u00e0ssic conte del Patufet en 5 p\u00e0gines en relleu + Braille<\/p>\n<p>Creat per \u00e0uria Fundaci\u00f3<\/p>\n","protected":false},"excerpt":{"rendered":"<p>Adaptaci\u00f3 molt resumida del cl\u00e0ssic conte del Patufet en 5 p\u00e0gines en relleu + Braille Creat per \u00e0uria Fundaci\u00f3<\/p>\n","protected":false},"featured_media":5166,"template":"","meta":[],"product_brand":[],"product_cat":[402],"product_tag":[],"class_list":{"0":"post-5231","1":"product","2":"type-product","3":"status-publish","4":"has-post-thumbnail","6":"product_cat-productes-educatius","8":"first","9":"instock","10":"sold-individually","11":"shipping-taxable","12":"purchasable","13":"product-type-simple"},"_links":{"self":[{"href":"https:\/\/nntt2.auria.org\/index.php\/wp-json\/wp\/v2\/product\/5231","targetHints":{"allow":["GET"]}}],"collection":[{"href":"https:\/\/nntt2.auria.org\/index.php\/wp-json\/wp\/v2\/product"}],"about":[{"href":"https:\/\/nntt2.auria.org\/index.php\/wp-json\/wp\/v2\/types\/product"}],"wp:featuredmedia":[{"embeddable":true,"href":"https:\/\/nntt2.auria.org\/index.php\/wp-json\/wp\/v2\/media\/5166"}],"wp:attachment":[{"href":"https:\/\/nntt2.auria.org\/index.php\/wp-json\/wp\/v2\/media?parent=5231"}],"wp:term":[{"taxonomy":"product_brand","embeddable":true,"href":"https:\/\/nntt2.auria.org\/index.php\/wp-json\/wp\/v2\/product_brand?post=5231"},{"taxonomy":"product_cat","embeddable":true,"href":"https:\/\/nntt2.auria.org\/index.php\/wp-json\/wp\/v2\/product_cat?post=5231"},{"taxonomy":"product_tag","embeddable":true,"href":"https:\/\/nntt2.auria.org\/index.php\/wp-json\/wp\/v2\/product_tag?post=5231"}],"curies":[{"name":"wp","href":"https:\/\/api.w.org\/{rel}","templated":true}]}}