{"id":5229,"date":"2025-07-29T16:59:05","date_gmt":"2025-07-29T15:59:05","guid":{"rendered":"https:\/\/nntt.auria.org\/index.php\/producte\/joc-per-fer-formes-amb-gomes-de-pollastre-2\/"},"modified":"2025-09-05T12:55:44","modified_gmt":"2025-09-05T11:55:44","slug":"joc-simple-per-fer-formes-amb-gomes-de-pollastre-2","status":"publish","type":"product","link":"https:\/\/nntt2.auria.org\/index.php\/producte\/joc-simple-per-fer-formes-amb-gomes-de-pollastre-2\/","title":{"rendered":"Joc simple per fer formes amb gomes de pollastre"},"content":{"rendered":"<p>Planxa de 16&#215;16 cm amb 25 punts sobresortits per a fer creacions amb gomes de pollastre. Des de Practicar lletres, formes geom\u00e8triques o composicions abstractes. Ajuda a treballar la coordinaci\u00f3 oculomanual i la concentraci\u00f3.<\/p>\n<p>Creat per \u00c0uria Fundaci\u00f3<\/p>\n","protected":false},"excerpt":{"rendered":"<p>Planxa de 16&#215;16 cm amb 25 punts sobresortits per a fer creacions amb gomes de pollastre. Des de Practicar lletres, formes geom\u00e8triques o composicions abstractes. Ajuda a treballar la coordinaci\u00f3 oculomanual i<a class=\"moretag\" href=\"https:\/\/nntt2.auria.org\/index.php\/producte\/joc-simple-per-fer-formes-amb-gomes-de-pollastre-2\/\">Read More&#8230;<\/a><\/p>\n","protected":false},"featured_media":5364,"template":"","meta":[],"product_brand":[],"product_cat":[402],"product_tag":[],"class_list":{"0":"post-5229","1":"product","2":"type-product","3":"status-publish","4":"has-post-thumbnail","6":"product_cat-productes-educatius","8":"first","9":"instock","10":"sold-individually","11":"shipping-taxable","12":"purchasable","13":"product-type-simple"},"_links":{"self":[{"href":"https:\/\/nntt2.auria.org\/index.php\/wp-json\/wp\/v2\/product\/5229","targetHints":{"allow":["GET"]}}],"collection":[{"href":"https:\/\/nntt2.auria.org\/index.php\/wp-json\/wp\/v2\/product"}],"about":[{"href":"https:\/\/nntt2.auria.org\/index.php\/wp-json\/wp\/v2\/types\/product"}],"wp:featuredmedia":[{"embeddable":true,"href":"https:\/\/nntt2.auria.org\/index.php\/wp-json\/wp\/v2\/media\/5364"}],"wp:attachment":[{"href":"https:\/\/nntt2.auria.org\/index.php\/wp-json\/wp\/v2\/media?parent=5229"}],"wp:term":[{"taxonomy":"product_brand","embeddable":true,"href":"https:\/\/nntt2.auria.org\/index.php\/wp-json\/wp\/v2\/product_brand?post=5229"},{"taxonomy":"product_cat","embeddable":true,"href":"https:\/\/nntt2.auria.org\/index.php\/wp-json\/wp\/v2\/product_cat?post=5229"},{"taxonomy":"product_tag","embeddable":true,"href":"https:\/\/nntt2.auria.org\/index.php\/wp-json\/wp\/v2\/product_tag?post=5229"}],"curies":[{"name":"wp","href":"https:\/\/api.w.org\/{rel}","templated":true}]}}