{"id":5226,"date":"2025-07-29T16:59:05","date_gmt":"2025-07-29T15:59:05","guid":{"rendered":"https:\/\/nntt.auria.org\/index.php\/producte\/regle-amb-agafador\/"},"modified":"2025-09-05T12:54:46","modified_gmt":"2025-09-05T11:54:46","slug":"regle-amb-agafador","status":"publish","type":"product","link":"https:\/\/nntt2.auria.org\/index.php\/producte\/regle-amb-agafador\/","title":{"rendered":"Regle amb agafador"},"content":{"rendered":"<p>Regle de 15 cm amb base groga i separacions i n\u00fameros negres per oferir alt contrast visual.<\/p>\n<p>Els n\u00fameros s\u00f3n grans i nom\u00e9s estan numerades les separacions de cm en cm. Els mitjons cm estan indcats nom\u00e9s amb ratlleta. Per no sobresaturar. Disposa d\u2019un agafador per poder agafar millor.<\/p>\n<p>Creat per \u00c0uria Fundaci\u00f3<\/p>\n","protected":false},"excerpt":{"rendered":"<p>Regle de 15 cm amb base groga i separacions i n\u00fameros negres per oferir alt contrast visual. Els n\u00fameros s\u00f3n grans i nom\u00e9s estan numerades les separacions de cm en cm. Els<a class=\"moretag\" href=\"https:\/\/nntt2.auria.org\/index.php\/producte\/regle-amb-agafador\/\">Read More&#8230;<\/a><\/p>\n","protected":false},"featured_media":5363,"template":"","meta":[],"product_brand":[],"product_cat":[402],"product_tag":[],"class_list":{"0":"post-5226","1":"product","2":"type-product","3":"status-publish","4":"has-post-thumbnail","6":"product_cat-productes-educatius","8":"first","9":"instock","10":"sold-individually","11":"shipping-taxable","12":"purchasable","13":"product-type-simple"},"_links":{"self":[{"href":"https:\/\/nntt2.auria.org\/index.php\/wp-json\/wp\/v2\/product\/5226","targetHints":{"allow":["GET"]}}],"collection":[{"href":"https:\/\/nntt2.auria.org\/index.php\/wp-json\/wp\/v2\/product"}],"about":[{"href":"https:\/\/nntt2.auria.org\/index.php\/wp-json\/wp\/v2\/types\/product"}],"wp:featuredmedia":[{"embeddable":true,"href":"https:\/\/nntt2.auria.org\/index.php\/wp-json\/wp\/v2\/media\/5363"}],"wp:attachment":[{"href":"https:\/\/nntt2.auria.org\/index.php\/wp-json\/wp\/v2\/media?parent=5226"}],"wp:term":[{"taxonomy":"product_brand","embeddable":true,"href":"https:\/\/nntt2.auria.org\/index.php\/wp-json\/wp\/v2\/product_brand?post=5226"},{"taxonomy":"product_cat","embeddable":true,"href":"https:\/\/nntt2.auria.org\/index.php\/wp-json\/wp\/v2\/product_cat?post=5226"},{"taxonomy":"product_tag","embeddable":true,"href":"https:\/\/nntt2.auria.org\/index.php\/wp-json\/wp\/v2\/product_tag?post=5226"}],"curies":[{"name":"wp","href":"https:\/\/api.w.org\/{rel}","templated":true}]}}