{"id":5224,"date":"2025-07-29T16:59:04","date_gmt":"2025-07-29T15:59:04","guid":{"rendered":"https:\/\/nntt.auria.org\/index.php\/producte\/puzzle-de-dues-peces-textura-en-forma-darbambre\/"},"modified":"2025-09-05T13:02:04","modified_gmt":"2025-09-05T12:02:04","slug":"puzle-de-dues-peces-textura-en-forma-samarreta","status":"publish","type":"product","link":"https:\/\/nntt2.auria.org\/index.php\/producte\/puzle-de-dues-peces-textura-en-forma-samarreta\/","title":{"rendered":"Puzzle de dues peces amb forma de samarreta i textura d&#8217;ondulacions"},"content":{"rendered":"<p>Puzzle senzill de dues peces amb textura d&#8217;ondulacions i forma de samarreta.<\/p>\n<p>\u00c9s f\u00e0cil d&#8217;encaixar i de recon\u00e8ixer amb per la textura.<\/p>\n<p>Ideal per comen\u00e7ar a treballar el tacte amb nens cecs o amb baixa visi\u00f3.<\/p>\n<p>Creat per \u00c0uria Fundaci\u00f3<\/p>\n","protected":false},"excerpt":{"rendered":"<p>Puzzle senzill de dues peces amb textura d&#8217;ondulacions i forma de samarreta. \u00c9s f\u00e0cil d&#8217;encaixar i de recon\u00e8ixer amb per la textura. Ideal per comen\u00e7ar a treballar el tacte amb nens cecs<a class=\"moretag\" href=\"https:\/\/nntt2.auria.org\/index.php\/producte\/puzle-de-dues-peces-textura-en-forma-samarreta\/\">Read More&#8230;<\/a><\/p>\n","protected":false},"featured_media":5366,"template":"","meta":[],"product_brand":[],"product_cat":[402],"product_tag":[],"class_list":{"0":"post-5224","1":"product","2":"type-product","3":"status-publish","4":"has-post-thumbnail","6":"product_cat-productes-educatius","8":"first","9":"instock","10":"sold-individually","11":"shipping-taxable","12":"purchasable","13":"product-type-simple"},"_links":{"self":[{"href":"https:\/\/nntt2.auria.org\/index.php\/wp-json\/wp\/v2\/product\/5224","targetHints":{"allow":["GET"]}}],"collection":[{"href":"https:\/\/nntt2.auria.org\/index.php\/wp-json\/wp\/v2\/product"}],"about":[{"href":"https:\/\/nntt2.auria.org\/index.php\/wp-json\/wp\/v2\/types\/product"}],"wp:featuredmedia":[{"embeddable":true,"href":"https:\/\/nntt2.auria.org\/index.php\/wp-json\/wp\/v2\/media\/5366"}],"wp:attachment":[{"href":"https:\/\/nntt2.auria.org\/index.php\/wp-json\/wp\/v2\/media?parent=5224"}],"wp:term":[{"taxonomy":"product_brand","embeddable":true,"href":"https:\/\/nntt2.auria.org\/index.php\/wp-json\/wp\/v2\/product_brand?post=5224"},{"taxonomy":"product_cat","embeddable":true,"href":"https:\/\/nntt2.auria.org\/index.php\/wp-json\/wp\/v2\/product_cat?post=5224"},{"taxonomy":"product_tag","embeddable":true,"href":"https:\/\/nntt2.auria.org\/index.php\/wp-json\/wp\/v2\/product_tag?post=5224"}],"curies":[{"name":"wp","href":"https:\/\/api.w.org\/{rel}","templated":true}]}}