{"id":5209,"date":"2025-07-29T16:57:22","date_gmt":"2025-07-29T15:57:22","guid":{"rendered":"https:\/\/nntt.auria.org\/index.php\/producte\/suport-per-a-talla-ungles\/"},"modified":"2025-09-05T13:21:34","modified_gmt":"2025-09-05T12:21:34","slug":"suport-per-a-talla-ungles","status":"publish","type":"product","link":"https:\/\/nntt2.auria.org\/index.php\/producte\/suport-per-a-talla-ungles\/","title":{"rendered":"Suport per a talla ungles"},"content":{"rendered":"<p>Aquest suport per a talla ungles est\u00e0ndard ofereix m\u00e9s base de suport i de pressi\u00f3, cosa que permet tallar-se les ungles mantenint-lo sobre la taula.<\/p>\n<p>Creat per l&#8217;usuari de Thingiverse Kawboy76<\/p>\n","protected":false},"excerpt":{"rendered":"<p>Aquest suport per a talla ungles est\u00e0ndard ofereix m\u00e9s base de suport i de pressi\u00f3, cosa que permet tallar-se les ungles mantenint-lo sobre la taula. Creat per l&#8217;usuari de Thingiverse Kawboy76<\/p>\n","protected":false},"featured_media":5381,"template":"","meta":[],"product_brand":[],"product_cat":[382],"product_tag":[],"class_list":{"0":"post-5209","1":"product","2":"type-product","3":"status-publish","4":"has-post-thumbnail","6":"product_cat-higiene","8":"first","9":"instock","10":"sold-individually","11":"shipping-taxable","12":"purchasable","13":"product-type-simple"},"_links":{"self":[{"href":"https:\/\/nntt2.auria.org\/index.php\/wp-json\/wp\/v2\/product\/5209","targetHints":{"allow":["GET"]}}],"collection":[{"href":"https:\/\/nntt2.auria.org\/index.php\/wp-json\/wp\/v2\/product"}],"about":[{"href":"https:\/\/nntt2.auria.org\/index.php\/wp-json\/wp\/v2\/types\/product"}],"wp:featuredmedia":[{"embeddable":true,"href":"https:\/\/nntt2.auria.org\/index.php\/wp-json\/wp\/v2\/media\/5381"}],"wp:attachment":[{"href":"https:\/\/nntt2.auria.org\/index.php\/wp-json\/wp\/v2\/media?parent=5209"}],"wp:term":[{"taxonomy":"product_brand","embeddable":true,"href":"https:\/\/nntt2.auria.org\/index.php\/wp-json\/wp\/v2\/product_brand?post=5209"},{"taxonomy":"product_cat","embeddable":true,"href":"https:\/\/nntt2.auria.org\/index.php\/wp-json\/wp\/v2\/product_cat?post=5209"},{"taxonomy":"product_tag","embeddable":true,"href":"https:\/\/nntt2.auria.org\/index.php\/wp-json\/wp\/v2\/product_tag?post=5209"}],"curies":[{"name":"wp","href":"https:\/\/api.w.org\/{rel}","templated":true}]}}