{"id":5206,"date":"2025-07-29T16:56:47","date_gmt":"2025-07-29T15:56:47","guid":{"rendered":"https:\/\/nntt.auria.org\/index.php\/producte\/pressionador-de-dispensador-de-sab\/"},"modified":"2025-09-05T13:24:27","modified_gmt":"2025-09-05T12:24:27","slug":"pressionador-de-dispensador-de-sabo","status":"publish","type":"product","link":"https:\/\/nntt2.auria.org\/index.php\/producte\/pressionador-de-dispensador-de-sabo\/","title":{"rendered":"Pressionador de dispensador de sab\u00f3"},"content":{"rendered":"<p>Ofereix una base m\u00e9s gran a l&#8217;hora de pressionar el cap\u00e7al dels pots de dispensador de, per exemple sab\u00f3.<\/p>\n<p>Creat per l&#8217;usuari de Thingiverse hairyfacedhooman<\/p>\n","protected":false},"excerpt":{"rendered":"<p>Ofereix una base m\u00e9s gran a l&#8217;hora de pressionar el cap\u00e7al dels pots de dispensador de, per exemple sab\u00f3. Creat per l&#8217;usuari de Thingiverse hairyfacedhooman<\/p>\n","protected":false},"featured_media":5384,"template":"","meta":[],"product_brand":[],"product_cat":[382],"product_tag":[],"class_list":{"0":"post-5206","1":"product","2":"type-product","3":"status-publish","4":"has-post-thumbnail","6":"product_cat-higiene","8":"first","9":"instock","10":"sold-individually","11":"shipping-taxable","12":"purchasable","13":"product-type-simple"},"_links":{"self":[{"href":"https:\/\/nntt2.auria.org\/index.php\/wp-json\/wp\/v2\/product\/5206","targetHints":{"allow":["GET"]}}],"collection":[{"href":"https:\/\/nntt2.auria.org\/index.php\/wp-json\/wp\/v2\/product"}],"about":[{"href":"https:\/\/nntt2.auria.org\/index.php\/wp-json\/wp\/v2\/types\/product"}],"wp:featuredmedia":[{"embeddable":true,"href":"https:\/\/nntt2.auria.org\/index.php\/wp-json\/wp\/v2\/media\/5384"}],"wp:attachment":[{"href":"https:\/\/nntt2.auria.org\/index.php\/wp-json\/wp\/v2\/media?parent=5206"}],"wp:term":[{"taxonomy":"product_brand","embeddable":true,"href":"https:\/\/nntt2.auria.org\/index.php\/wp-json\/wp\/v2\/product_brand?post=5206"},{"taxonomy":"product_cat","embeddable":true,"href":"https:\/\/nntt2.auria.org\/index.php\/wp-json\/wp\/v2\/product_cat?post=5206"},{"taxonomy":"product_tag","embeddable":true,"href":"https:\/\/nntt2.auria.org\/index.php\/wp-json\/wp\/v2\/product_tag?post=5206"}],"curies":[{"name":"wp","href":"https:\/\/api.w.org\/{rel}","templated":true}]}}