{"id":5204,"date":"2025-07-29T16:56:14","date_gmt":"2025-07-29T15:56:14","guid":{"rendered":"https:\/\/nntt.auria.org\/index.php\/producte\/suport-amb-2-nances-per-a-llaunes-de-format-estndard\/"},"modified":"2025-09-05T13:28:14","modified_gmt":"2025-09-05T12:28:14","slug":"suport-amb-2-nances-per-a-llaunes-de-format-estandard","status":"publish","type":"product","link":"https:\/\/nntt2.auria.org\/index.php\/producte\/suport-amb-2-nances-per-a-llaunes-de-format-estandard\/","title":{"rendered":"Suport amb 2 nances per a llaunes de format est\u00e0ndard."},"content":{"rendered":"<p data-pm-slice=\"1 1 []\">Suport per a llaunes de refresc amb tamany europeu est\u00e0ndard.<br \/>\nS&#8217;introdueix la llauna en el forat (va una mica a pressi\u00f3). Aix\u00ed proporciona a la persona dues nanses de subjecci\u00f3 de la llauna.<br \/>\nLa ranura gran serveix per poder veure quina llauna hi ha dins.<\/p>\n<p data-pm-slice=\"1 1 []\">\n<p>Creat per \u00c0uria Fundaci\u00f3<\/p>\n","protected":false},"excerpt":{"rendered":"<p>Suport per a llaunes de refresc amb tamany europeu est\u00e0ndard. S&#8217;introdueix la llauna en el forat (va una mica a pressi\u00f3). Aix\u00ed proporciona a la persona dues nanses de subjecci\u00f3 de la<a class=\"moretag\" href=\"https:\/\/nntt2.auria.org\/index.php\/producte\/suport-amb-2-nances-per-a-llaunes-de-format-estandard\/\">Read More&#8230;<\/a><\/p>\n","protected":false},"featured_media":5386,"template":"","meta":[],"product_brand":[],"product_cat":[400],"product_tag":[],"class_list":{"0":"post-5204","1":"product","2":"type-product","3":"status-publish","4":"has-post-thumbnail","6":"product_cat-alimentacio","8":"first","9":"instock","10":"sold-individually","11":"shipping-taxable","12":"purchasable","13":"product-type-simple"},"_links":{"self":[{"href":"https:\/\/nntt2.auria.org\/index.php\/wp-json\/wp\/v2\/product\/5204","targetHints":{"allow":["GET"]}}],"collection":[{"href":"https:\/\/nntt2.auria.org\/index.php\/wp-json\/wp\/v2\/product"}],"about":[{"href":"https:\/\/nntt2.auria.org\/index.php\/wp-json\/wp\/v2\/types\/product"}],"wp:featuredmedia":[{"embeddable":true,"href":"https:\/\/nntt2.auria.org\/index.php\/wp-json\/wp\/v2\/media\/5386"}],"wp:attachment":[{"href":"https:\/\/nntt2.auria.org\/index.php\/wp-json\/wp\/v2\/media?parent=5204"}],"wp:term":[{"taxonomy":"product_brand","embeddable":true,"href":"https:\/\/nntt2.auria.org\/index.php\/wp-json\/wp\/v2\/product_brand?post=5204"},{"taxonomy":"product_cat","embeddable":true,"href":"https:\/\/nntt2.auria.org\/index.php\/wp-json\/wp\/v2\/product_cat?post=5204"},{"taxonomy":"product_tag","embeddable":true,"href":"https:\/\/nntt2.auria.org\/index.php\/wp-json\/wp\/v2\/product_tag?post=5204"}],"curies":[{"name":"wp","href":"https:\/\/api.w.org\/{rel}","templated":true}]}}