{"id":5202,"date":"2025-07-29T16:55:51","date_gmt":"2025-07-29T15:55:51","guid":{"rendered":"https:\/\/nntt.auria.org\/index.php\/producte\/engruixidor-de-chupa-chups-i-piruletes\/"},"modified":"2025-09-05T13:31:28","modified_gmt":"2025-09-05T12:31:28","slug":"engruixidor-de-chupa-chups-i-piruletes","status":"publish","type":"product","link":"https:\/\/nntt2.auria.org\/index.php\/producte\/engruixidor-de-chupa-chups-i-piruletes\/","title":{"rendered":"Engruixidor de Chupa Chups i piruletes"},"content":{"rendered":"<p data-pm-slice=\"1 1 []\">Estri dissenyat per facilitar la subjecci\u00f3 dels pals d&#8217;alguns tipus de caramels com piruletes, Chupa Chups, etc. \u00datil quan a la persona aquest tipus de pals li resulten massa fins i no t\u00e9 prou capacitat de subjecci\u00f3 amb la m\u00e0.<\/p>\n<p>Creat per <a href=\"http:\/\/accessibilitas.es\" target=\"_blank\" rel=\"noopener noreferrer nofollow\">accessibilitas.es<\/a><\/p>\n","protected":false},"excerpt":{"rendered":"<p>Estri dissenyat per facilitar la subjecci\u00f3 dels pals d&#8217;alguns tipus de caramels com piruletes, Chupa Chups, etc. \u00datil quan a la persona aquest tipus de pals li resulten massa fins i no<a class=\"moretag\" href=\"https:\/\/nntt2.auria.org\/index.php\/producte\/engruixidor-de-chupa-chups-i-piruletes\/\">Read More&#8230;<\/a><\/p>\n","protected":false},"featured_media":5389,"template":"","meta":[],"product_brand":[],"product_cat":[400],"product_tag":[],"class_list":{"0":"post-5202","1":"product","2":"type-product","3":"status-publish","4":"has-post-thumbnail","6":"product_cat-alimentacio","8":"first","9":"instock","10":"sold-individually","11":"shipping-taxable","12":"purchasable","13":"product-type-simple"},"_links":{"self":[{"href":"https:\/\/nntt2.auria.org\/index.php\/wp-json\/wp\/v2\/product\/5202","targetHints":{"allow":["GET"]}}],"collection":[{"href":"https:\/\/nntt2.auria.org\/index.php\/wp-json\/wp\/v2\/product"}],"about":[{"href":"https:\/\/nntt2.auria.org\/index.php\/wp-json\/wp\/v2\/types\/product"}],"wp:featuredmedia":[{"embeddable":true,"href":"https:\/\/nntt2.auria.org\/index.php\/wp-json\/wp\/v2\/media\/5389"}],"wp:attachment":[{"href":"https:\/\/nntt2.auria.org\/index.php\/wp-json\/wp\/v2\/media?parent=5202"}],"wp:term":[{"taxonomy":"product_brand","embeddable":true,"href":"https:\/\/nntt2.auria.org\/index.php\/wp-json\/wp\/v2\/product_brand?post=5202"},{"taxonomy":"product_cat","embeddable":true,"href":"https:\/\/nntt2.auria.org\/index.php\/wp-json\/wp\/v2\/product_cat?post=5202"},{"taxonomy":"product_tag","embeddable":true,"href":"https:\/\/nntt2.auria.org\/index.php\/wp-json\/wp\/v2\/product_tag?post=5202"}],"curies":[{"name":"wp","href":"https:\/\/api.w.org\/{rel}","templated":true}]}}