{"id":5196,"date":"2025-07-29T16:54:42","date_gmt":"2025-07-29T15:54:42","guid":{"rendered":"https:\/\/nntt.auria.org\/index.php\/producte\/engruixidor-de-coberts\/"},"modified":"2025-09-05T13:39:15","modified_gmt":"2025-09-05T12:39:15","slug":"engruixidor-de-coberts","status":"publish","type":"product","link":"https:\/\/nntt2.auria.org\/index.php\/producte\/engruixidor-de-coberts\/","title":{"rendered":"Engruixidor de coberts"},"content":{"rendered":"<p data-pm-slice=\"1 1 []\">Estri per ajudar en la subjecci\u00f3 de la forquilla, cullera o ganivet.<\/p>\n<p data-pm-slice=\"1 1 []\">\nEn aquest cas \u00e9s la mateixa persona qui ha d&#8217;estr\u00e8nyer la m\u00e0 per subjectar-ho.<\/p>\n<p>Creat per CEAPAT<\/p>\n","protected":false},"excerpt":{"rendered":"<p>Estri per ajudar en la subjecci\u00f3 de la forquilla, cullera o ganivet. En aquest cas \u00e9s la mateixa persona qui ha d&#8217;estr\u00e8nyer la m\u00e0 per subjectar-ho. Creat per CEAPAT<\/p>\n","protected":false},"featured_media":5395,"template":"","meta":[],"product_brand":[],"product_cat":[400],"product_tag":[],"class_list":{"0":"post-5196","1":"product","2":"type-product","3":"status-publish","4":"has-post-thumbnail","6":"product_cat-alimentacio","8":"first","9":"instock","10":"sold-individually","11":"shipping-taxable","12":"purchasable","13":"product-type-simple"},"_links":{"self":[{"href":"https:\/\/nntt2.auria.org\/index.php\/wp-json\/wp\/v2\/product\/5196","targetHints":{"allow":["GET"]}}],"collection":[{"href":"https:\/\/nntt2.auria.org\/index.php\/wp-json\/wp\/v2\/product"}],"about":[{"href":"https:\/\/nntt2.auria.org\/index.php\/wp-json\/wp\/v2\/types\/product"}],"wp:featuredmedia":[{"embeddable":true,"href":"https:\/\/nntt2.auria.org\/index.php\/wp-json\/wp\/v2\/media\/5395"}],"wp:attachment":[{"href":"https:\/\/nntt2.auria.org\/index.php\/wp-json\/wp\/v2\/media?parent=5196"}],"wp:term":[{"taxonomy":"product_brand","embeddable":true,"href":"https:\/\/nntt2.auria.org\/index.php\/wp-json\/wp\/v2\/product_brand?post=5196"},{"taxonomy":"product_cat","embeddable":true,"href":"https:\/\/nntt2.auria.org\/index.php\/wp-json\/wp\/v2\/product_cat?post=5196"},{"taxonomy":"product_tag","embeddable":true,"href":"https:\/\/nntt2.auria.org\/index.php\/wp-json\/wp\/v2\/product_tag?post=5196"}],"curies":[{"name":"wp","href":"https:\/\/api.w.org\/{rel}","templated":true}]}}