{"id":5193,"date":"2025-07-29T16:54:13","date_gmt":"2025-07-29T15:54:13","guid":{"rendered":"https:\/\/nntt.auria.org\/index.php\/producte\/obridor-universal-de-taps-dampolles\/"},"modified":"2025-09-05T13:45:49","modified_gmt":"2025-09-05T12:45:49","slug":"obridor-universal-de-taps-dampolles","status":"publish","type":"product","link":"https:\/\/nntt2.auria.org\/index.php\/producte\/obridor-universal-de-taps-dampolles\/","title":{"rendered":"Obridor universal de taps d&#8217;ampolles"},"content":{"rendered":"<p>Estri que ajuda a obrir taps d&#8217;ampolla de rosca tamany estand\u00e0rd ampolla d&#8217;aigua.<\/p>\n<p>S&#8217;utilitza aplicant pressi\u00f3 amb una sola m\u00e0 i fent el gir.<\/p>\n<p>Creat per l&#8217;usuari de Thingiverse makersmakingchange<\/p>\n","protected":false},"excerpt":{"rendered":"<p>Estri que ajuda a obrir taps d&#8217;ampolla de rosca tamany estand\u00e0rd ampolla d&#8217;aigua. S&#8217;utilitza aplicant pressi\u00f3 amb una sola m\u00e0 i fent el gir. Creat per l&#8217;usuari de Thingiverse makersmakingchange<\/p>\n","protected":false},"featured_media":5399,"template":"","meta":[],"product_brand":[],"product_cat":[400],"product_tag":[],"class_list":{"0":"post-5193","1":"product","2":"type-product","3":"status-publish","4":"has-post-thumbnail","6":"product_cat-alimentacio","8":"first","9":"instock","10":"sold-individually","11":"shipping-taxable","12":"purchasable","13":"product-type-simple"},"_links":{"self":[{"href":"https:\/\/nntt2.auria.org\/index.php\/wp-json\/wp\/v2\/product\/5193","targetHints":{"allow":["GET"]}}],"collection":[{"href":"https:\/\/nntt2.auria.org\/index.php\/wp-json\/wp\/v2\/product"}],"about":[{"href":"https:\/\/nntt2.auria.org\/index.php\/wp-json\/wp\/v2\/types\/product"}],"wp:featuredmedia":[{"embeddable":true,"href":"https:\/\/nntt2.auria.org\/index.php\/wp-json\/wp\/v2\/media\/5399"}],"wp:attachment":[{"href":"https:\/\/nntt2.auria.org\/index.php\/wp-json\/wp\/v2\/media?parent=5193"}],"wp:term":[{"taxonomy":"product_brand","embeddable":true,"href":"https:\/\/nntt2.auria.org\/index.php\/wp-json\/wp\/v2\/product_brand?post=5193"},{"taxonomy":"product_cat","embeddable":true,"href":"https:\/\/nntt2.auria.org\/index.php\/wp-json\/wp\/v2\/product_cat?post=5193"},{"taxonomy":"product_tag","embeddable":true,"href":"https:\/\/nntt2.auria.org\/index.php\/wp-json\/wp\/v2\/product_tag?post=5193"}],"curies":[{"name":"wp","href":"https:\/\/api.w.org\/{rel}","templated":true}]}}