{"id":884,"date":"2020-10-01T14:32:09","date_gmt":"2020-10-01T14:32:09","guid":{"rendered":"https:\/\/nntt.auria.org\/?page_id=884"},"modified":"2023-11-30T17:10:55","modified_gmt":"2023-11-30T16:10:55","slug":"recursos","status":"publish","type":"page","link":"https:\/\/nntt2.auria.org\/index.php\/recursos\/","title":{"rendered":"Recursos"},"content":{"rendered":"\n<div class=\"wp-block-media-text alignwide is-stacked-on-mobile is-vertically-aligned-center\" style=\"grid-template-columns:26% auto\"><figure class=\"wp-block-media-text__media\"><a href=\"https:\/\/nntt2.auria.org\/index.php\/recursos\/jocs\/\"><img loading=\"lazy\" decoding=\"async\" width=\"402\" height=\"402\" src=\"https:\/\/nntt2.auria.org\/wp-content\/uploads\/2020\/10\/iconaLateralJocsEnLinia.png\" alt=\"\" class=\"wp-image-1202 size-full\" srcset=\"https:\/\/nntt2.auria.org\/wp-content\/uploads\/2020\/10\/iconaLateralJocsEnLinia.png 402w, https:\/\/nntt2.auria.org\/wp-content\/uploads\/2020\/10\/iconaLateralJocsEnLinia-300x300.png 300w, https:\/\/nntt2.auria.org\/wp-content\/uploads\/2020\/10\/iconaLateralJocsEnLinia-100x100.png 100w, https:\/\/nntt2.auria.org\/wp-content\/uploads\/2020\/10\/iconaLateralJocsEnLinia-150x150.png 150w\" sizes=\"auto, (max-width: 402px) 100vw, 402px\" \/><\/a><\/figure><div class=\"wp-block-media-text__content\">\n<p class=\"has-normal-font-size\">En aquest apartat trobareu un recull de jocs en l\u00ednia classificats per diferentes tem\u00e0tiques i car\u00e0cter\u00edstiques. Hi trobareu jocs d&#8217;<strong>associaci\u00f3<\/strong>, per a <strong>polsador<\/strong>, de caire <strong>visual<\/strong>, <strong>musicals<\/strong>, per treballar la <strong>lectoescriptura<\/strong>, de <strong>causa-efecte<\/strong>, per treballar la <strong>l\u00f2gica i l&#8217;enginy<\/strong>, els cl\u00e0ssics de <strong>destressa<\/strong>, per treballar la <strong>mem\u00f2ria<\/strong> i els jocs que es poden <strong>controlar amb la mirada<\/strong>.<\/p>\n<\/div><\/div>\n\n\n\n<div style=\"height:50px\" aria-hidden=\"true\" class=\"wp-block-spacer\"><\/div>\n\n\n\n<div class=\"wp-block-media-text alignwide is-stacked-on-mobile is-vertically-aligned-center\" style=\"grid-template-columns:26% auto\"><figure class=\"wp-block-media-text__media\"><a href=\"https:\/\/nntt2.auria.org\/index.php\/recursos\/descarregues\/\"><img loading=\"lazy\" decoding=\"async\" width=\"402\" height=\"402\" src=\"https:\/\/nntt2.auria.org\/wp-content\/uploads\/2020\/10\/DescarreguesAmbNom.png\" alt=\"\" class=\"wp-image-1492 size-full\" srcset=\"https:\/\/nntt2.auria.org\/wp-content\/uploads\/2020\/10\/DescarreguesAmbNom.png 402w, https:\/\/nntt2.auria.org\/wp-content\/uploads\/2020\/10\/DescarreguesAmbNom-300x300.png 300w, https:\/\/nntt2.auria.org\/wp-content\/uploads\/2020\/10\/DescarreguesAmbNom-100x100.png 100w, https:\/\/nntt2.auria.org\/wp-content\/uploads\/2020\/10\/DescarreguesAmbNom-150x150.png 150w\" sizes=\"auto, (max-width: 402px) 100vw, 402px\" \/><\/a><\/figure><div class=\"wp-block-media-text__content\">\n<p class=\"has-normal-font-size\">En aquest apartat trobareu desc\u00e0rregues que desde el programa de NNTT creiem que s\u00f3n interessant per treballar amb els nostres usuaris o fins i tot per fer m\u00e9s efica\u00e7 i efectiu la feina dels professionals. Des de <strong>desc\u00e0rregues per a ordinador<\/strong> fins a <strong>desc\u00e0rregues per Android<\/strong>.<\/p>\n<\/div><\/div>\n\n\n\n<div style=\"height:50px\" aria-hidden=\"true\" class=\"wp-block-spacer\"><\/div>\n\n\n\n<div class=\"wp-block-media-text alignwide is-stacked-on-mobile is-vertically-aligned-center\" style=\"grid-template-columns:26% auto\"><figure class=\"wp-block-media-text__media\"><a href=\"https:\/\/nntt2.auria.org\/index.php\/recursos\/material-tecnologic\/\"><img loading=\"lazy\" decoding=\"async\" width=\"402\" height=\"402\" src=\"https:\/\/nntt2.auria.org\/wp-content\/uploads\/2020\/10\/IconaLateralMaterialTecnologic.png\" alt=\"\" class=\"wp-image-1211 size-full\" srcset=\"https:\/\/nntt2.auria.org\/wp-content\/uploads\/2020\/10\/IconaLateralMaterialTecnologic.png 402w, https:\/\/nntt2.auria.org\/wp-content\/uploads\/2020\/10\/IconaLateralMaterialTecnologic-300x300.png 300w, https:\/\/nntt2.auria.org\/wp-content\/uploads\/2020\/10\/IconaLateralMaterialTecnologic-100x100.png 100w, https:\/\/nntt2.auria.org\/wp-content\/uploads\/2020\/10\/IconaLateralMaterialTecnologic-150x150.png 150w\" sizes=\"auto, (max-width: 402px) 100vw, 402px\" \/><\/a><\/figure><div class=\"wp-block-media-text__content\">\n<p class=\"has-normal-font-size\">\u00c9s una evid\u00e8ncia que les NNTT estan comen\u00e7ant a perfilar les formes de treball, per aix\u00f2 us presentem un recull de material tecnol\u00f2gic amb els quals podem treballar les noves tecnologies amb els nostres usuaris. En aquest apartat volem donar a coneixer alguns d&#8217;aquests materials, sobretot aquells amb els quals hi hem pogut treballar. <\/p>\n<\/div><\/div>\n\n\n\n<div style=\"height:50px\" aria-hidden=\"true\" class=\"wp-block-spacer\"><\/div>\n\n\n\n<div class=\"wp-block-media-text alignwide is-stacked-on-mobile is-vertically-aligned-center\" style=\"grid-template-columns:26% auto\"><figure class=\"wp-block-media-text__media\"><a href=\"https:\/\/nntt2.auria.org\/index.php\/recursos\/accessibilitat\/\"><img loading=\"lazy\" decoding=\"async\" width=\"402\" height=\"402\" src=\"https:\/\/nntt2.auria.org\/wp-content\/uploads\/2020\/10\/IconaLateralAccessibilitatTIC.png\" alt=\"\" class=\"wp-image-1206 size-full\" srcset=\"https:\/\/nntt2.auria.org\/wp-content\/uploads\/2020\/10\/IconaLateralAccessibilitatTIC.png 402w, https:\/\/nntt2.auria.org\/wp-content\/uploads\/2020\/10\/IconaLateralAccessibilitatTIC-300x300.png 300w, https:\/\/nntt2.auria.org\/wp-content\/uploads\/2020\/10\/IconaLateralAccessibilitatTIC-100x100.png 100w, https:\/\/nntt2.auria.org\/wp-content\/uploads\/2020\/10\/IconaLateralAccessibilitatTIC-150x150.png 150w\" sizes=\"auto, (max-width: 402px) 100vw, 402px\" \/><\/a><\/figure><div class=\"wp-block-media-text__content\">\n<p class=\"has-normal-font-size\">Tot i que les TIC haurien de ser accessibles en la seva base moltes vegades ens trobem en que la realitat \u00e9s una altre. En el moment en que vam engegar el programa de NNTT ens vam donar compte de que costava molt trobar p\u00e0gines o projectes que fossin accessibles o treballessin l&#8217;accessibilitat. Per aquest motiu hem decidit compartir les p\u00e0gines i projectes que anem trobant al llarg del temps.<\/p>\n<\/div><\/div>\n\n\n\n<div style=\"height:50px\" aria-hidden=\"true\" class=\"wp-block-spacer\"><\/div>\n\n\n\n<div class=\"wp-block-media-text alignwide is-stacked-on-mobile is-vertically-aligned-center\" style=\"grid-template-columns:26% auto\"><figure class=\"wp-block-media-text__media\"><a href=\"https:\/\/nntt2.auria.org\/index.php\/recursos\/documentacio\/\"><img loading=\"lazy\" decoding=\"async\" width=\"402\" height=\"402\" src=\"https:\/\/nntt2.auria.org\/wp-content\/uploads\/2020\/10\/iconaLateralDocumentacio.png\" alt=\"\" class=\"wp-image-1210 size-full\" srcset=\"https:\/\/nntt2.auria.org\/wp-content\/uploads\/2020\/10\/iconaLateralDocumentacio.png 402w, https:\/\/nntt2.auria.org\/wp-content\/uploads\/2020\/10\/iconaLateralDocumentacio-300x300.png 300w, https:\/\/nntt2.auria.org\/wp-content\/uploads\/2020\/10\/iconaLateralDocumentacio-100x100.png 100w, https:\/\/nntt2.auria.org\/wp-content\/uploads\/2020\/10\/iconaLateralDocumentacio-150x150.png 150w\" sizes=\"auto, (max-width: 402px) 100vw, 402px\" \/><\/a><\/figure><div class=\"wp-block-media-text__content\">\n<p class=\"has-normal-font-size\">Una de les funcions que desenvolupem des de el programa de NNTT \u00e9s la creaci\u00f3 de material de <strong>formaci\u00f3<\/strong> i difusi\u00f3, com els <strong>consells tencol\u00f2gics<\/strong>, per tal de que les nostres professionals puguin actualitzar o aprendre els seus coneixements dintre de les NNTT i les TIC.<\/p>\n<\/div><\/div>\n\n\n\n<div style=\"height:50px\" aria-hidden=\"true\" class=\"wp-block-spacer\"><\/div>\n\n\n\n<div class=\"wp-block-media-text alignwide is-stacked-on-mobile\" style=\"grid-template-columns:26% auto\"><figure class=\"wp-block-media-text__media\"><img loading=\"lazy\" decoding=\"async\" width=\"402\" height=\"402\" src=\"https:\/\/nntt2.auria.org\/wp-content\/uploads\/2020\/10\/IconaLateralAdrecesInteres.png\" alt=\"\" class=\"wp-image-1204 size-full\" srcset=\"https:\/\/nntt2.auria.org\/wp-content\/uploads\/2020\/10\/IconaLateralAdrecesInteres.png 402w, https:\/\/nntt2.auria.org\/wp-content\/uploads\/2020\/10\/IconaLateralAdrecesInteres-300x300.png 300w, https:\/\/nntt2.auria.org\/wp-content\/uploads\/2020\/10\/IconaLateralAdrecesInteres-100x100.png 100w, https:\/\/nntt2.auria.org\/wp-content\/uploads\/2020\/10\/IconaLateralAdrecesInteres-150x150.png 150w\" sizes=\"auto, (max-width: 402px) 100vw, 402px\" \/><\/figure><div class=\"wp-block-media-text__content\">\n<p class=\"has-normal-font-size\">En aquest apartat podreu trobar totes les adreces del grup \u00c0uria aix\u00ed com algunes altres que creiem que poden ser del vostre inter\u00e8s.<\/p>\n<\/div><\/div>\n\n\n\n<div style=\"height:50px\" aria-hidden=\"true\" class=\"wp-block-spacer\"><\/div>\n\n\n\n<div class=\"wp-block-media-text alignwide is-stacked-on-mobile\" style=\"grid-template-columns:26% auto\"><figure class=\"wp-block-media-text__media\"><img loading=\"lazy\" decoding=\"async\" width=\"826\" height=\"840\" src=\"https:\/\/nntt2.auria.org\/wp-content\/uploads\/2023\/11\/ideesActivitats.png\" alt=\"\" class=\"wp-image-3672 size-full\" srcset=\"https:\/\/nntt2.auria.org\/wp-content\/uploads\/2023\/11\/ideesActivitats.png 826w, https:\/\/nntt2.auria.org\/wp-content\/uploads\/2023\/11\/ideesActivitats-600x610.png 600w, https:\/\/nntt2.auria.org\/wp-content\/uploads\/2023\/11\/ideesActivitats-295x300.png 295w, https:\/\/nntt2.auria.org\/wp-content\/uploads\/2023\/11\/ideesActivitats-768x781.png 768w\" sizes=\"auto, (max-width: 826px) 100vw, 826px\" \/><\/figure><div class=\"wp-block-media-text__content\">\n<p class=\"has-normal-font-size\">En aquest apartat podreu trobar algunes de les activitats que fem a la Fundaci\u00f3 per agafar idees per a les vostres.<\/p>\n<\/div><\/div>\n\n\n\n<div class=\"wp-block-columns is-layout-flex wp-container-core-columns-is-layout-9d6595d7 wp-block-columns-is-layout-flex\">\n<div class=\"wp-block-column is-layout-flow wp-block-column-is-layout-flow\"><\/div>\n\n\n\n<div class=\"wp-block-column is-layout-flow wp-block-column-is-layout-flow\"><\/div>\n\n\n\n<div class=\"wp-block-column is-layout-flow wp-block-column-is-layout-flow\"><\/div>\n<\/div>\n","protected":false},"excerpt":{"rendered":"<p>En aquest apartat trobareu un recull de jocs en l\u00ednia classificats per diferentes tem\u00e0tiques i car\u00e0cter\u00edstiques. Hi trobareu jocs d&#8217;associaci\u00f3, per a polsador, de caire visual, musicals, per treballar la lectoescriptura, de<a class=\"moretag\" href=\"https:\/\/nntt2.auria.org\/index.php\/recursos\/\">Read More&#8230;<\/a><\/p>\n","protected":false},"author":1,"featured_media":0,"parent":0,"menu_order":0,"comment_status":"closed","ping_status":"closed","template":"page-sidebar.php","meta":{"footnotes":""},"class_list":["post-884","page","type-page","status-publish","hentry"],"_links":{"self":[{"href":"https:\/\/nntt2.auria.org\/index.php\/wp-json\/wp\/v2\/pages\/884","targetHints":{"allow":["GET"]}}],"collection":[{"href":"https:\/\/nntt2.auria.org\/index.php\/wp-json\/wp\/v2\/pages"}],"about":[{"href":"https:\/\/nntt2.auria.org\/index.php\/wp-json\/wp\/v2\/types\/page"}],"author":[{"embeddable":true,"href":"https:\/\/nntt2.auria.org\/index.php\/wp-json\/wp\/v2\/users\/1"}],"replies":[{"embeddable":true,"href":"https:\/\/nntt2.auria.org\/index.php\/wp-json\/wp\/v2\/comments?post=884"}],"version-history":[{"count":20,"href":"https:\/\/nntt2.auria.org\/index.php\/wp-json\/wp\/v2\/pages\/884\/revisions"}],"predecessor-version":[{"id":3674,"href":"https:\/\/nntt2.auria.org\/index.php\/wp-json\/wp\/v2\/pages\/884\/revisions\/3674"}],"wp:attachment":[{"href":"https:\/\/nntt2.auria.org\/index.php\/wp-json\/wp\/v2\/media?parent=884"}],"curies":[{"name":"wp","href":"https:\/\/api.w.org\/{rel}","templated":true}]}}