{"id":839,"date":"2020-09-23T16:10:40","date_gmt":"2020-09-23T16:10:40","guid":{"rendered":"https:\/\/nntt.auria.org\/?page_id=839"},"modified":"2020-10-16T18:03:30","modified_gmt":"2020-10-16T18:03:30","slug":"memory-papunet","status":"publish","type":"page","link":"https:\/\/nntt2.auria.org\/index.php\/recursos\/jocs\/memory-papunet\/","title":{"rendered":"Memory Papunet"},"content":{"rendered":"\n<div class=\"wp-block-media-text alignwide is-stacked-on-mobile is-vertically-aligned-top\" style=\"grid-template-columns:33% auto\"><figure class=\"wp-block-media-text__media\"><a href=\"https:\/\/papunet.net\/games\/memory-games\"><img loading=\"lazy\" decoding=\"async\" width=\"1024\" height=\"756\" src=\"https:\/\/nntt2.auria.org\/wp-content\/uploads\/2020\/09\/memory_papunet-1024x756.png\" alt=\"\" class=\"wp-image-840\" srcset=\"https:\/\/nntt2.auria.org\/wp-content\/uploads\/2020\/09\/memory_papunet-1024x756.png 1024w, https:\/\/nntt2.auria.org\/wp-content\/uploads\/2020\/09\/memory_papunet-600x443.png 600w, https:\/\/nntt2.auria.org\/wp-content\/uploads\/2020\/09\/memory_papunet-300x222.png 300w, https:\/\/nntt2.auria.org\/wp-content\/uploads\/2020\/09\/memory_papunet-768x567.png 768w, https:\/\/nntt2.auria.org\/wp-content\/uploads\/2020\/09\/memory_papunet.png 1162w\" sizes=\"auto, (max-width: 1024px) 100vw, 1024px\" \/><\/a><\/figure><div class=\"wp-block-media-text__content\">\n<p>Veureu que hi ha tres tipus de&nbsp;memory: un amb imatges, l&#8217;altre que fa servir els n\u00fameros i, per \u00faltim, un que juga amb les formes i els colors.<\/p>\n\n\n\n<p>Dintre de cada tipus de&nbsp;memory&nbsp;trobarem diferents modalitats i dificultats, \u00e9s a dir, diferents tipus d&#8217;imatges (imatges reals, pictogrames,&nbsp;bliss, etc.) o emparellaments i el nombre de parelles (de 2 a 20).<\/p>\n\n\n\n<p>Tot i que inicialment el joc est\u00e0 pensat per jugar-se a l&#8217;ordinador amb el ratol\u00ed tamb\u00e9 s&#8217;hi pot accedir amb un dispositiu t\u00e0ctil i fer les parelles amb els dits.<\/p>\n\n\n\n<div class=\"wp-block-columns is-layout-flex wp-container-core-columns-is-layout-9d6595d7 wp-block-columns-is-layout-flex\">\n<div class=\"wp-block-column is-layout-flow wp-block-column-is-layout-flow\">\n<div class=\"wp-block-image\"><figure class=\"aligncenter size-large is-resized\"><img loading=\"lazy\" decoding=\"async\" src=\"https:\/\/nntt2.auria.org\/wp-content\/uploads\/2020\/06\/mouse-1024x704.jpg\" alt=\"\" class=\"wp-image-395\" width=\"256\" height=\"176\" srcset=\"https:\/\/nntt2.auria.org\/wp-content\/uploads\/2020\/06\/mouse-1024x704.jpg 1024w, https:\/\/nntt2.auria.org\/wp-content\/uploads\/2020\/06\/mouse-600x413.jpg 600w, https:\/\/nntt2.auria.org\/wp-content\/uploads\/2020\/06\/mouse-300x206.jpg 300w, https:\/\/nntt2.auria.org\/wp-content\/uploads\/2020\/06\/mouse-768x528.jpg 768w, https:\/\/nntt2.auria.org\/wp-content\/uploads\/2020\/06\/mouse.jpg 1291w\" sizes=\"auto, (max-width: 256px) 100vw, 256px\" \/><\/figure><\/div>\n<\/div>\n\n\n\n<div class=\"wp-block-column is-layout-flow wp-block-column-is-layout-flow\">\n<div class=\"wp-block-image\"><figure class=\"aligncenter size-large is-resized\"><img loading=\"lazy\" decoding=\"async\" src=\"https:\/\/nntt2.auria.org\/wp-content\/uploads\/2020\/09\/tactil.png\" alt=\"\" class=\"wp-image-836\" width=\"275\" height=\"210\" srcset=\"https:\/\/nntt2.auria.org\/wp-content\/uploads\/2020\/09\/tactil.png 550w, https:\/\/nntt2.auria.org\/wp-content\/uploads\/2020\/09\/tactil-300x229.png 300w\" sizes=\"auto, (max-width: 275px) 100vw, 275px\" \/><\/figure><\/div>\n\n\n\n<p><\/p>\n<\/div>\n<\/div>\n\n\n\n<p>Podeu trobar m\u00e9s recursos de la gent de Papunet a la seva web, la trobareu a l&#8217;apartat d\u2019<a href=\"https:\/\/nntt2.auria.org\/index.php\/accessibilitat\/\">accessibilitat.<\/a><\/p>\n<\/div><\/div>\n","protected":false},"excerpt":{"rendered":"","protected":false},"author":1,"featured_media":0,"parent":15,"menu_order":0,"comment_status":"closed","ping_status":"closed","template":"","meta":{"footnotes":""},"class_list":["post-839","page","type-page","status-publish","hentry"],"_links":{"self":[{"href":"https:\/\/nntt2.auria.org\/index.php\/wp-json\/wp\/v2\/pages\/839","targetHints":{"allow":["GET"]}}],"collection":[{"href":"https:\/\/nntt2.auria.org\/index.php\/wp-json\/wp\/v2\/pages"}],"about":[{"href":"https:\/\/nntt2.auria.org\/index.php\/wp-json\/wp\/v2\/types\/page"}],"author":[{"embeddable":true,"href":"https:\/\/nntt2.auria.org\/index.php\/wp-json\/wp\/v2\/users\/1"}],"replies":[{"embeddable":true,"href":"https:\/\/nntt2.auria.org\/index.php\/wp-json\/wp\/v2\/comments?post=839"}],"version-history":[{"count":2,"href":"https:\/\/nntt2.auria.org\/index.php\/wp-json\/wp\/v2\/pages\/839\/revisions"}],"predecessor-version":[{"id":1460,"href":"https:\/\/nntt2.auria.org\/index.php\/wp-json\/wp\/v2\/pages\/839\/revisions\/1460"}],"up":[{"embeddable":true,"href":"https:\/\/nntt2.auria.org\/index.php\/wp-json\/wp\/v2\/pages\/15"}],"wp:attachment":[{"href":"https:\/\/nntt2.auria.org\/index.php\/wp-json\/wp\/v2\/media?parent=839"}],"curies":[{"name":"wp","href":"https:\/\/api.w.org\/{rel}","templated":true}]}}