{"id":833,"date":"2020-09-23T15:50:51","date_gmt":"2020-09-23T15:50:51","guid":{"rendered":"https:\/\/nntt.auria.org\/?page_id=833"},"modified":"2020-10-16T18:14:31","modified_gmt":"2020-10-16T18:14:31","slug":"troba-lanimal-papunet","status":"publish","type":"page","link":"https:\/\/nntt2.auria.org\/index.php\/recursos\/jocs\/troba-lanimal-papunet\/","title":{"rendered":"Troba l&#8217;animal Papunet"},"content":{"rendered":"\n<div class=\"wp-block-media-text alignwide is-stacked-on-mobile is-vertically-aligned-top\" style=\"grid-template-columns:33% auto\"><figure class=\"wp-block-media-text__media\"><a href=\"https:\/\/papunet.net\/_pelit\/_ensipelit\/etsi_elain-en\/\"><img loading=\"lazy\" decoding=\"async\" width=\"1024\" height=\"604\" src=\"https:\/\/nntt2.auria.org\/wp-content\/uploads\/2020\/09\/find_animal_papunet-1024x604.png\" alt=\"\" class=\"wp-image-834\" srcset=\"https:\/\/nntt2.auria.org\/wp-content\/uploads\/2020\/09\/find_animal_papunet-1024x604.png 1024w, https:\/\/nntt2.auria.org\/wp-content\/uploads\/2020\/09\/find_animal_papunet-600x354.png 600w, https:\/\/nntt2.auria.org\/wp-content\/uploads\/2020\/09\/find_animal_papunet-300x177.png 300w, https:\/\/nntt2.auria.org\/wp-content\/uploads\/2020\/09\/find_animal_papunet-768x453.png 768w, https:\/\/nntt2.auria.org\/wp-content\/uploads\/2020\/09\/find_animal_papunet-1536x906.png 1536w, https:\/\/nntt2.auria.org\/wp-content\/uploads\/2020\/09\/find_animal_papunet.png 1591w\" sizes=\"auto, (max-width: 1024px) 100vw, 1024px\" \/><\/a><\/figure><div class=\"wp-block-media-text__content\">\n<p>Troba l&#8217;animal, \u00e9s un joc simple pensat per treballar amb el ratol\u00ed o amb algun dispositiu t\u00e0ctil com podria ser una tauleta.<\/p>\n\n\n\n<p>L&#8217;objectiu \u00e9s molt senzill, s&#8217;ha de trobar l&#8217;animal que hi ha amagat entre les fulles. Per tal de fer-lo m\u00e9s f\u00e0cil o m\u00e9s dif\u00edcil trobareu unes opcions a l&#8217;apartat\u00a0<strong>SETTINGS<\/strong>, b\u00e0sicament fer m\u00e9s gran o petit l&#8217;animal a trobar i canviar el fons de joc.<\/p>\n\n\n\n<p>Per tal d&#8217;apartar les diferents fulles que cobreixen tot l&#8217;espai del joc nom\u00e9s s&#8217;ha de passar el cursor per sobre, en el cas que juguem amb ratol\u00ed, o el dit, en el cas que juguem en un dispositiu t\u00e0ctil.<\/p>\n\n\n\n<div class=\"wp-block-columns is-layout-flex wp-container-core-columns-is-layout-9d6595d7 wp-block-columns-is-layout-flex\">\n<div class=\"wp-block-column is-layout-flow wp-block-column-is-layout-flow\">\n<div class=\"wp-block-image\"><figure class=\"aligncenter size-large is-resized\"><img loading=\"lazy\" decoding=\"async\" src=\"https:\/\/nntt2.auria.org\/wp-content\/uploads\/2020\/06\/mouse-1024x704.jpg\" alt=\"\" class=\"wp-image-395\" width=\"256\" height=\"176\" srcset=\"https:\/\/nntt2.auria.org\/wp-content\/uploads\/2020\/06\/mouse-1024x704.jpg 1024w, https:\/\/nntt2.auria.org\/wp-content\/uploads\/2020\/06\/mouse-600x413.jpg 600w, https:\/\/nntt2.auria.org\/wp-content\/uploads\/2020\/06\/mouse-300x206.jpg 300w, https:\/\/nntt2.auria.org\/wp-content\/uploads\/2020\/06\/mouse-768x528.jpg 768w, https:\/\/nntt2.auria.org\/wp-content\/uploads\/2020\/06\/mouse.jpg 1291w\" sizes=\"auto, (max-width: 256px) 100vw, 256px\" \/><\/figure><\/div>\n<\/div>\n\n\n\n<div class=\"wp-block-column is-layout-flow wp-block-column-is-layout-flow\">\n<div class=\"wp-block-image\"><figure class=\"aligncenter size-large is-resized\"><img loading=\"lazy\" decoding=\"async\" src=\"https:\/\/nntt2.auria.org\/wp-content\/uploads\/2020\/09\/tactil.png\" alt=\"\" class=\"wp-image-836\" width=\"275\" height=\"210\" srcset=\"https:\/\/nntt2.auria.org\/wp-content\/uploads\/2020\/09\/tactil.png 550w, https:\/\/nntt2.auria.org\/wp-content\/uploads\/2020\/09\/tactil-300x229.png 300w\" sizes=\"auto, (max-width: 275px) 100vw, 275px\" \/><\/figure><\/div>\n<\/div>\n<\/div>\n\n\n\n<p>Podeu trobar m\u00e9s recursos de la gent de Papunet a la seva web, la trobareu a l&#8217;apartat d\u2019<a href=\"https:\/\/nntt2.auria.org\/index.php\/accessibilitat\/\">accessibilitat.<\/a><\/p>\n<\/div><\/div>\n","protected":false},"excerpt":{"rendered":"","protected":false},"author":1,"featured_media":0,"parent":15,"menu_order":0,"comment_status":"closed","ping_status":"closed","template":"","meta":{"footnotes":""},"class_list":["post-833","page","type-page","status-publish","hentry"],"_links":{"self":[{"href":"https:\/\/nntt2.auria.org\/index.php\/wp-json\/wp\/v2\/pages\/833","targetHints":{"allow":["GET"]}}],"collection":[{"href":"https:\/\/nntt2.auria.org\/index.php\/wp-json\/wp\/v2\/pages"}],"about":[{"href":"https:\/\/nntt2.auria.org\/index.php\/wp-json\/wp\/v2\/types\/page"}],"author":[{"embeddable":true,"href":"https:\/\/nntt2.auria.org\/index.php\/wp-json\/wp\/v2\/users\/1"}],"replies":[{"embeddable":true,"href":"https:\/\/nntt2.auria.org\/index.php\/wp-json\/wp\/v2\/comments?post=833"}],"version-history":[{"count":3,"href":"https:\/\/nntt2.auria.org\/index.php\/wp-json\/wp\/v2\/pages\/833\/revisions"}],"predecessor-version":[{"id":1467,"href":"https:\/\/nntt2.auria.org\/index.php\/wp-json\/wp\/v2\/pages\/833\/revisions\/1467"}],"up":[{"embeddable":true,"href":"https:\/\/nntt2.auria.org\/index.php\/wp-json\/wp\/v2\/pages\/15"}],"wp:attachment":[{"href":"https:\/\/nntt2.auria.org\/index.php\/wp-json\/wp\/v2\/media?parent=833"}],"curies":[{"name":"wp","href":"https:\/\/api.w.org\/{rel}","templated":true}]}}