{"id":824,"date":"2020-09-23T15:35:39","date_gmt":"2020-09-23T15:35:39","guid":{"rendered":"https:\/\/nntt.auria.org\/?page_id=824"},"modified":"2020-10-16T18:00:03","modified_gmt":"2020-10-16T18:00:03","slug":"formes-papunet","status":"publish","type":"page","link":"https:\/\/nntt2.auria.org\/index.php\/recursos\/jocs\/formes-papunet\/","title":{"rendered":"Formes Papunet"},"content":{"rendered":"\n<div class=\"wp-block-media-text alignwide is-stacked-on-mobile is-vertically-aligned-top\" style=\"grid-template-columns:33% auto\"><figure class=\"wp-block-media-text__media\"><a href=\"https:\/\/papunet.net\/_pelit\/_palapelit\/kolopalapeli2\/app.php?lang=en_EN\"><img loading=\"lazy\" decoding=\"async\" width=\"1024\" height=\"662\" src=\"https:\/\/nntt2.auria.org\/wp-content\/uploads\/2020\/09\/shapes_papunet-1024x662.png\" alt=\"\" class=\"wp-image-825\" srcset=\"https:\/\/nntt2.auria.org\/wp-content\/uploads\/2020\/09\/shapes_papunet-1024x662.png 1024w, https:\/\/nntt2.auria.org\/wp-content\/uploads\/2020\/09\/shapes_papunet-600x388.png 600w, https:\/\/nntt2.auria.org\/wp-content\/uploads\/2020\/09\/shapes_papunet-300x194.png 300w, https:\/\/nntt2.auria.org\/wp-content\/uploads\/2020\/09\/shapes_papunet-768x497.png 768w, https:\/\/nntt2.auria.org\/wp-content\/uploads\/2020\/09\/shapes_papunet.png 1447w\" sizes=\"auto, (max-width: 1024px) 100vw, 1024px\" \/><\/a><\/figure><div class=\"wp-block-media-text__content\">\n<p>Complet joc de formes amb diferents tem\u00e0tiques i sons incorporats.<\/p>\n\n\n\n<p>Per tal de completar el joc de les formes l&#8217;usuari ha de fer clic a les peces i col\u00b7locar-les al lloc corresponent. No \u00e9s necessari mantenir el&nbsp;bot\u00f3&nbsp;del ratol\u00ed clicat per moure les peces. Per deixar anar les peces nom\u00e9s s&#8217;ha de tornar a fer clic, si s&#8217;ha col\u00b7locat la peca en el seu lloc correcte&nbsp;es&nbsp;reproduir\u00e0 un&nbsp;so&nbsp;acord amb la pe\u00e7a (animal, lloc, vehicle,&nbsp;etc.).<\/p>\n\n\n\n<p>Nom\u00e9s \u00e9s necessari utilitzar el ratol\u00ed&nbsp;per a jugar-hi. Una&nbsp;altra alternativa&nbsp;\u00e9s utilitzar un dispositiu t\u00e0ctil i interaccionar amb els dits.<\/p>\n\n\n\n<div class=\"wp-block-columns is-layout-flex wp-container-core-columns-is-layout-9d6595d7 wp-block-columns-is-layout-flex\">\n<div class=\"wp-block-column is-layout-flow wp-block-column-is-layout-flow\">\n<div class=\"wp-block-image\"><figure class=\"aligncenter size-large is-resized\"><img loading=\"lazy\" decoding=\"async\" src=\"https:\/\/nntt2.auria.org\/wp-content\/uploads\/2020\/06\/mouse-1024x704.jpg\" alt=\"\" class=\"wp-image-395\" width=\"256\" height=\"176\" srcset=\"https:\/\/nntt2.auria.org\/wp-content\/uploads\/2020\/06\/mouse-1024x704.jpg 1024w, https:\/\/nntt2.auria.org\/wp-content\/uploads\/2020\/06\/mouse-600x413.jpg 600w, https:\/\/nntt2.auria.org\/wp-content\/uploads\/2020\/06\/mouse-300x206.jpg 300w, https:\/\/nntt2.auria.org\/wp-content\/uploads\/2020\/06\/mouse-768x528.jpg 768w, https:\/\/nntt2.auria.org\/wp-content\/uploads\/2020\/06\/mouse.jpg 1291w\" sizes=\"auto, (max-width: 256px) 100vw, 256px\" \/><\/figure><\/div>\n<\/div>\n\n\n\n<div class=\"wp-block-column is-layout-flow wp-block-column-is-layout-flow\">\n<div class=\"wp-block-image\"><figure class=\"aligncenter size-large is-resized\"><img loading=\"lazy\" decoding=\"async\" src=\"https:\/\/nntt2.auria.org\/wp-content\/uploads\/2020\/09\/tactil.png\" alt=\"\" class=\"wp-image-836\" width=\"275\" height=\"210\" srcset=\"https:\/\/nntt2.auria.org\/wp-content\/uploads\/2020\/09\/tactil.png 550w, https:\/\/nntt2.auria.org\/wp-content\/uploads\/2020\/09\/tactil-300x229.png 300w\" sizes=\"auto, (max-width: 275px) 100vw, 275px\" \/><\/figure><\/div>\n<\/div>\n<\/div>\n\n\n\n<p>Podeu trobar m\u00e9s recursos de la gent de\u00a0Papunet\u00a0a la seva web, la trobareu\u00a0a l&#8217;apartat\u00a0d&#8217;accessibilitat.<\/p>\n<\/div><\/div>\n","protected":false},"excerpt":{"rendered":"","protected":false},"author":1,"featured_media":0,"parent":15,"menu_order":0,"comment_status":"closed","ping_status":"closed","template":"","meta":{"footnotes":""},"class_list":["post-824","page","type-page","status-publish","hentry"],"_links":{"self":[{"href":"https:\/\/nntt2.auria.org\/index.php\/wp-json\/wp\/v2\/pages\/824","targetHints":{"allow":["GET"]}}],"collection":[{"href":"https:\/\/nntt2.auria.org\/index.php\/wp-json\/wp\/v2\/pages"}],"about":[{"href":"https:\/\/nntt2.auria.org\/index.php\/wp-json\/wp\/v2\/types\/page"}],"author":[{"embeddable":true,"href":"https:\/\/nntt2.auria.org\/index.php\/wp-json\/wp\/v2\/users\/1"}],"replies":[{"embeddable":true,"href":"https:\/\/nntt2.auria.org\/index.php\/wp-json\/wp\/v2\/comments?post=824"}],"version-history":[{"count":4,"href":"https:\/\/nntt2.auria.org\/index.php\/wp-json\/wp\/v2\/pages\/824\/revisions"}],"predecessor-version":[{"id":1456,"href":"https:\/\/nntt2.auria.org\/index.php\/wp-json\/wp\/v2\/pages\/824\/revisions\/1456"}],"up":[{"embeddable":true,"href":"https:\/\/nntt2.auria.org\/index.php\/wp-json\/wp\/v2\/pages\/15"}],"wp:attachment":[{"href":"https:\/\/nntt2.auria.org\/index.php\/wp-json\/wp\/v2\/media?parent=824"}],"curies":[{"name":"wp","href":"https:\/\/api.w.org\/{rel}","templated":true}]}}