{"id":809,"date":"2020-09-23T14:45:23","date_gmt":"2020-09-23T14:45:23","guid":{"rendered":"https:\/\/nntt.auria.org\/?page_id=809"},"modified":"2020-10-16T17:50:57","modified_gmt":"2020-10-16T17:50:57","slug":"apple-catch","status":"publish","type":"page","link":"https:\/\/nntt2.auria.org\/index.php\/recursos\/jocs\/apple-catch\/","title":{"rendered":"Apple Catch"},"content":{"rendered":"\n<div class=\"wp-block-media-text alignwide is-stacked-on-mobile is-vertically-aligned-top\" style=\"grid-template-columns:33% auto\"><figure class=\"wp-block-media-text__media\"><a href=\"https:\/\/www.funbrain.com\/games\/apple-catch\"><img loading=\"lazy\" decoding=\"async\" width=\"650\" height=\"430\" src=\"https:\/\/nntt2.auria.org\/wp-content\/uploads\/2020\/09\/apple_catch.png\" alt=\"\" class=\"wp-image-810\" srcset=\"https:\/\/nntt2.auria.org\/wp-content\/uploads\/2020\/09\/apple_catch.png 650w, https:\/\/nntt2.auria.org\/wp-content\/uploads\/2020\/09\/apple_catch-600x397.png 600w, https:\/\/nntt2.auria.org\/wp-content\/uploads\/2020\/09\/apple_catch-300x198.png 300w\" sizes=\"auto, (max-width: 650px) 100vw, 650px\" \/><\/a><\/figure><div class=\"wp-block-media-text__content\">\n<p>El joc consisteix en que el personatge, en aquest cas un ocell, aconsegueixi recollir les pomes que cauen del arbre i deixar-les dins de la cistella que hi ha al centre del joc.<\/p>\n\n\n\n<p>El funcionament d&#8217;aquest joc \u00e9s molt simple. L&#8217;ocell seguira el nostre cursor de forma horitzontal per la finestra del joc. Si aconseguim que l&#8217;ocell arribi a una poma quan aquesta cau autom\u00e0ticament l&#8217;agafar\u00e0 i despr\u00e9s nom\u00e9s ens far\u00e0 falta situar l&#8217;ocell sobre la cistella i fer clic per tal de deixar anar la poma. Aquest ser\u00e0 l&#8217;\u00fanic moment en que el jugador haur\u00e0 de clicar el bot\u00f2 esquerra del ratol\u00ed.<\/p>\n\n\n\n<p>L&#8217;objectiu del joc \u00e9s aconseguir recollir 10 pomes de l&#8217;arbre i col\u00b7locar-les a la cistella, un cop aconseguit el joc s&#8217;acabar\u00e0.<\/p>\n\n\n\n<p>Nom\u00e9s \u00e9s necessari utilitzar el ratol\u00ed per tal de jugar-hi. Una altre alternativa \u00e9s utilitzar un dispositiu t\u00e0ctil i interaccionar amb els dits.<\/p>\n\n\n\n<div class=\"wp-block-columns is-layout-flex wp-container-core-columns-is-layout-9d6595d7 wp-block-columns-is-layout-flex\">\n<div class=\"wp-block-column is-layout-flow wp-block-column-is-layout-flow\">\n<div class=\"wp-block-image\"><figure class=\"aligncenter size-large is-resized\"><img loading=\"lazy\" decoding=\"async\" src=\"https:\/\/nntt2.auria.org\/wp-content\/uploads\/2020\/06\/mouse-1024x704.jpg\" alt=\"\" class=\"wp-image-395\" width=\"256\" height=\"176\" srcset=\"https:\/\/nntt2.auria.org\/wp-content\/uploads\/2020\/06\/mouse-1024x704.jpg 1024w, https:\/\/nntt2.auria.org\/wp-content\/uploads\/2020\/06\/mouse-600x413.jpg 600w, https:\/\/nntt2.auria.org\/wp-content\/uploads\/2020\/06\/mouse-300x206.jpg 300w, https:\/\/nntt2.auria.org\/wp-content\/uploads\/2020\/06\/mouse-768x528.jpg 768w, https:\/\/nntt2.auria.org\/wp-content\/uploads\/2020\/06\/mouse.jpg 1291w\" sizes=\"auto, (max-width: 256px) 100vw, 256px\" \/><\/figure><\/div>\n<\/div>\n\n\n\n<div class=\"wp-block-column is-layout-flow wp-block-column-is-layout-flow\">\n<div class=\"wp-block-image\"><figure class=\"aligncenter size-large is-resized\"><img loading=\"lazy\" decoding=\"async\" src=\"https:\/\/nntt2.auria.org\/wp-content\/uploads\/2020\/09\/tactil.png\" alt=\"\" class=\"wp-image-836\" width=\"275\" height=\"210\" srcset=\"https:\/\/nntt2.auria.org\/wp-content\/uploads\/2020\/09\/tactil.png 550w, https:\/\/nntt2.auria.org\/wp-content\/uploads\/2020\/09\/tactil-300x229.png 300w\" sizes=\"auto, (max-width: 275px) 100vw, 275px\" \/><\/figure><\/div>\n<\/div>\n<\/div>\n<\/div><\/div>\n","protected":false},"excerpt":{"rendered":"","protected":false},"author":1,"featured_media":0,"parent":15,"menu_order":0,"comment_status":"closed","ping_status":"closed","template":"","meta":{"footnotes":""},"class_list":["post-809","page","type-page","status-publish","hentry"],"_links":{"self":[{"href":"https:\/\/nntt2.auria.org\/index.php\/wp-json\/wp\/v2\/pages\/809","targetHints":{"allow":["GET"]}}],"collection":[{"href":"https:\/\/nntt2.auria.org\/index.php\/wp-json\/wp\/v2\/pages"}],"about":[{"href":"https:\/\/nntt2.auria.org\/index.php\/wp-json\/wp\/v2\/types\/page"}],"author":[{"embeddable":true,"href":"https:\/\/nntt2.auria.org\/index.php\/wp-json\/wp\/v2\/users\/1"}],"replies":[{"embeddable":true,"href":"https:\/\/nntt2.auria.org\/index.php\/wp-json\/wp\/v2\/comments?post=809"}],"version-history":[{"count":3,"href":"https:\/\/nntt2.auria.org\/index.php\/wp-json\/wp\/v2\/pages\/809\/revisions"}],"predecessor-version":[{"id":847,"href":"https:\/\/nntt2.auria.org\/index.php\/wp-json\/wp\/v2\/pages\/809\/revisions\/847"}],"up":[{"embeddable":true,"href":"https:\/\/nntt2.auria.org\/index.php\/wp-json\/wp\/v2\/pages\/15"}],"wp:attachment":[{"href":"https:\/\/nntt2.auria.org\/index.php\/wp-json\/wp\/v2\/media?parent=809"}],"curies":[{"name":"wp","href":"https:\/\/api.w.org\/{rel}","templated":true}]}}