{"id":805,"date":"2020-09-22T17:37:34","date_gmt":"2020-09-22T17:37:34","guid":{"rendered":"https:\/\/nntt.auria.org\/?page_id=805"},"modified":"2020-10-16T18:16:28","modified_gmt":"2020-10-16T18:16:28","slug":"when-pigs-fly","status":"publish","type":"page","link":"https:\/\/nntt2.auria.org\/index.php\/recursos\/jocs\/when-pigs-fly\/","title":{"rendered":"When Pigs Fly"},"content":{"rendered":"\n<div class=\"wp-block-media-text alignwide is-stacked-on-mobile is-vertically-aligned-top\" style=\"grid-template-columns:33% auto\"><figure class=\"wp-block-media-text__media\"><img loading=\"lazy\" decoding=\"async\" width=\"650\" height=\"429\" src=\"https:\/\/nntt2.auria.org\/wp-content\/uploads\/2020\/09\/when_pigs_fly.png\" alt=\"\" class=\"wp-image-798\" srcset=\"https:\/\/nntt2.auria.org\/wp-content\/uploads\/2020\/09\/when_pigs_fly.png 650w, https:\/\/nntt2.auria.org\/wp-content\/uploads\/2020\/09\/when_pigs_fly-600x396.png 600w, https:\/\/nntt2.auria.org\/wp-content\/uploads\/2020\/09\/when_pigs_fly-300x198.png 300w\" sizes=\"auto, (max-width: 650px) 100vw, 650px\" \/><\/figure><div class=\"wp-block-media-text__content\">\n<p>El joc consisteix a fer que el nostre personatge, en aquest cas un porc volador, aconsegueixi saltar de n\u00favol en n\u00favol i recollir les diferents fruites voladores que hi ha repartit per cel. El t\u00edtol del joc fa refer\u00e8ncia a la frase feta &#8220;Quan les vaques volin&#8221; que en angl\u00e8s \u00e9s &#8220;Quan els porcs volin&#8221;\/&#8221;When&nbsp;pigs&nbsp;fly&#8221;.<\/p>\n\n\n\n<p>En aquest cas nom\u00e9s haurem de clicar un sol cop a l&#8217;inici per tal de fer que el porc comenci a saltar. A partir d&#8217;aqu\u00ed nom\u00e9s ser\u00e0 necessari moure el ratol\u00ed de forma horitzontal per tal d&#8217;arribar al seg\u00fcent n\u00favol i recollir les diferents peces de fruita que apareguin.<\/p>\n\n\n\n<p>En el moment en qu\u00e8 el porc volador hagi aconseguit cinc peces de fruita s&#8217;haur\u00e0 acabat el joc.<\/p>\n\n\n\n<p>Nom\u00e9s \u00e9s necessari utilitzar el ratol\u00ed per a jugar-hi. Una altra alternativa \u00e9s utilitzar un dispositiu t\u00e0ctil i interaccionar amb els dits.<\/p>\n\n\n\n<div class=\"wp-block-columns is-layout-flex wp-container-core-columns-is-layout-9d6595d7 wp-block-columns-is-layout-flex\">\n<div class=\"wp-block-column is-layout-flow wp-block-column-is-layout-flow\">\n<div class=\"wp-block-image\"><figure class=\"aligncenter size-large is-resized\"><img loading=\"lazy\" decoding=\"async\" src=\"https:\/\/nntt2.auria.org\/wp-content\/uploads\/2020\/06\/mouse-1024x704.jpg\" alt=\"\" class=\"wp-image-395\" width=\"256\" height=\"176\" srcset=\"https:\/\/nntt2.auria.org\/wp-content\/uploads\/2020\/06\/mouse-1024x704.jpg 1024w, https:\/\/nntt2.auria.org\/wp-content\/uploads\/2020\/06\/mouse-600x413.jpg 600w, https:\/\/nntt2.auria.org\/wp-content\/uploads\/2020\/06\/mouse-300x206.jpg 300w, https:\/\/nntt2.auria.org\/wp-content\/uploads\/2020\/06\/mouse-768x528.jpg 768w, https:\/\/nntt2.auria.org\/wp-content\/uploads\/2020\/06\/mouse.jpg 1291w\" sizes=\"auto, (max-width: 256px) 100vw, 256px\" \/><\/figure><\/div>\n<\/div>\n\n\n\n<div class=\"wp-block-column is-layout-flow wp-block-column-is-layout-flow\">\n<div class=\"wp-block-image\"><figure class=\"aligncenter size-large is-resized\"><img loading=\"lazy\" decoding=\"async\" src=\"https:\/\/nntt2.auria.org\/wp-content\/uploads\/2020\/09\/tactil.png\" alt=\"\" class=\"wp-image-836\" width=\"275\" height=\"210\" srcset=\"https:\/\/nntt2.auria.org\/wp-content\/uploads\/2020\/09\/tactil.png 550w, https:\/\/nntt2.auria.org\/wp-content\/uploads\/2020\/09\/tactil-300x229.png 300w\" sizes=\"auto, (max-width: 275px) 100vw, 275px\" \/><\/figure><\/div>\n<\/div>\n<\/div>\n<\/div><\/div>\n","protected":false},"excerpt":{"rendered":"","protected":false},"author":1,"featured_media":0,"parent":15,"menu_order":0,"comment_status":"closed","ping_status":"closed","template":"","meta":{"footnotes":""},"class_list":["post-805","page","type-page","status-publish","hentry"],"_links":{"self":[{"href":"https:\/\/nntt2.auria.org\/index.php\/wp-json\/wp\/v2\/pages\/805","targetHints":{"allow":["GET"]}}],"collection":[{"href":"https:\/\/nntt2.auria.org\/index.php\/wp-json\/wp\/v2\/pages"}],"about":[{"href":"https:\/\/nntt2.auria.org\/index.php\/wp-json\/wp\/v2\/types\/page"}],"author":[{"embeddable":true,"href":"https:\/\/nntt2.auria.org\/index.php\/wp-json\/wp\/v2\/users\/1"}],"replies":[{"embeddable":true,"href":"https:\/\/nntt2.auria.org\/index.php\/wp-json\/wp\/v2\/comments?post=805"}],"version-history":[{"count":3,"href":"https:\/\/nntt2.auria.org\/index.php\/wp-json\/wp\/v2\/pages\/805\/revisions"}],"predecessor-version":[{"id":1469,"href":"https:\/\/nntt2.auria.org\/index.php\/wp-json\/wp\/v2\/pages\/805\/revisions\/1469"}],"up":[{"embeddable":true,"href":"https:\/\/nntt2.auria.org\/index.php\/wp-json\/wp\/v2\/pages\/15"}],"wp:attachment":[{"href":"https:\/\/nntt2.auria.org\/index.php\/wp-json\/wp\/v2\/media?parent=805"}],"curies":[{"name":"wp","href":"https:\/\/api.w.org\/{rel}","templated":true}]}}