{"id":797,"date":"2020-09-22T17:03:17","date_gmt":"2020-09-22T17:03:17","guid":{"rendered":"https:\/\/nntt.auria.org\/?page_id=797"},"modified":"2020-10-16T18:15:39","modified_gmt":"2020-10-16T18:15:39","slug":"vine-time","status":"publish","type":"page","link":"https:\/\/nntt2.auria.org\/index.php\/recursos\/jocs\/vine-time\/","title":{"rendered":"Vine Time"},"content":{"rendered":"\n<div class=\"wp-block-media-text alignwide is-stacked-on-mobile is-vertically-aligned-top\" style=\"grid-template-columns:33% auto\"><figure class=\"wp-block-media-text__media\"><a href=\"https:\/\/www.funbrain.com\/games\/vine-time\"><img loading=\"lazy\" decoding=\"async\" width=\"648\" height=\"430\" src=\"https:\/\/nntt2.auria.org\/wp-content\/uploads\/2020\/09\/Vine_Time.png\" alt=\"\" class=\"wp-image-799\" srcset=\"https:\/\/nntt2.auria.org\/wp-content\/uploads\/2020\/09\/Vine_Time.png 648w, https:\/\/nntt2.auria.org\/wp-content\/uploads\/2020\/09\/Vine_Time-600x398.png 600w, https:\/\/nntt2.auria.org\/wp-content\/uploads\/2020\/09\/Vine_Time-300x199.png 300w\" sizes=\"auto, (max-width: 648px) 100vw, 648px\" \/><\/a><\/figure><div class=\"wp-block-media-text__content\">\n<p>El joc consisteix a fer que el nostre personatge, semblant a un mico, reculli les fruites que hi ha repartides pels arbres i matolls i despr\u00e9s les col\u00b7loqui a la cistella que aguanta.<\/p>\n\n\n\n<p>Per tal de moure les mans del nostre mico s&#8217;utilitza la t\u00e8cnica de clicar i arrossegar (Click&amp;Drag) aquesta t\u00e8cnica pot donar alguns problemes a l&#8217;hora de mantenir el clic en alguns usuaris. Per recollir les diferents fruites nom\u00e9s s&#8217;ha de passar la m\u00e0 per damunt i autom\u00e0ticament agafar\u00e0 la fruita. Despr\u00e9s haurem d&#8217;apropar la m\u00e0 a la cistella i autom\u00e0ticament deixar\u00e0 anar la fruita.<\/p>\n\n\n\n<p>Com podreu escoltar un cop es deixen les fruites el mico anomena els n\u00fameros en angl\u00e8s. Si ho creieu oport\u00fa, tamb\u00e9 ho podeu aprofitar perqu\u00e8 els aprenguin.<\/p>\n\n\n\n<p>En aquest cas el joc s&#8217;acabar\u00e0 en el moment en qu\u00e8 es recullin 10 peces de fruita.<\/p>\n\n\n\n<p>Nom\u00e9s \u00e9s necessari utilitzar el ratol\u00ed per a jugar-hi. Una altra alternativa \u00e9s utilitzar un dispositiu t\u00e0ctil i interaccionar amb els dits.<\/p>\n\n\n\n<div class=\"wp-block-columns is-layout-flex wp-container-core-columns-is-layout-9d6595d7 wp-block-columns-is-layout-flex\">\n<div class=\"wp-block-column is-layout-flow wp-block-column-is-layout-flow\">\n<div class=\"wp-block-image\"><figure class=\"aligncenter size-large is-resized\"><img loading=\"lazy\" decoding=\"async\" src=\"https:\/\/nntt2.auria.org\/wp-content\/uploads\/2020\/06\/mouse-1024x704.jpg\" alt=\"\" class=\"wp-image-395\" width=\"256\" height=\"176\" srcset=\"https:\/\/nntt2.auria.org\/wp-content\/uploads\/2020\/06\/mouse-1024x704.jpg 1024w, https:\/\/nntt2.auria.org\/wp-content\/uploads\/2020\/06\/mouse-600x413.jpg 600w, https:\/\/nntt2.auria.org\/wp-content\/uploads\/2020\/06\/mouse-300x206.jpg 300w, https:\/\/nntt2.auria.org\/wp-content\/uploads\/2020\/06\/mouse-768x528.jpg 768w, https:\/\/nntt2.auria.org\/wp-content\/uploads\/2020\/06\/mouse.jpg 1291w\" sizes=\"auto, (max-width: 256px) 100vw, 256px\" \/><\/figure><\/div>\n<\/div>\n\n\n\n<div class=\"wp-block-column is-layout-flow wp-block-column-is-layout-flow\">\n<div class=\"wp-block-image\"><figure class=\"aligncenter size-large is-resized\"><img loading=\"lazy\" decoding=\"async\" src=\"https:\/\/nntt2.auria.org\/wp-content\/uploads\/2020\/09\/tactil.png\" alt=\"\" class=\"wp-image-836\" width=\"275\" height=\"210\" srcset=\"https:\/\/nntt2.auria.org\/wp-content\/uploads\/2020\/09\/tactil.png 550w, https:\/\/nntt2.auria.org\/wp-content\/uploads\/2020\/09\/tactil-300x229.png 300w\" sizes=\"auto, (max-width: 275px) 100vw, 275px\" \/><\/figure><\/div>\n<\/div>\n<\/div>\n<\/div><\/div>\n","protected":false},"excerpt":{"rendered":"","protected":false},"author":1,"featured_media":0,"parent":15,"menu_order":0,"comment_status":"closed","ping_status":"closed","template":"","meta":{"footnotes":""},"class_list":["post-797","page","type-page","status-publish","hentry"],"_links":{"self":[{"href":"https:\/\/nntt2.auria.org\/index.php\/wp-json\/wp\/v2\/pages\/797","targetHints":{"allow":["GET"]}}],"collection":[{"href":"https:\/\/nntt2.auria.org\/index.php\/wp-json\/wp\/v2\/pages"}],"about":[{"href":"https:\/\/nntt2.auria.org\/index.php\/wp-json\/wp\/v2\/types\/page"}],"author":[{"embeddable":true,"href":"https:\/\/nntt2.auria.org\/index.php\/wp-json\/wp\/v2\/users\/1"}],"replies":[{"embeddable":true,"href":"https:\/\/nntt2.auria.org\/index.php\/wp-json\/wp\/v2\/comments?post=797"}],"version-history":[{"count":3,"href":"https:\/\/nntt2.auria.org\/index.php\/wp-json\/wp\/v2\/pages\/797\/revisions"}],"predecessor-version":[{"id":1468,"href":"https:\/\/nntt2.auria.org\/index.php\/wp-json\/wp\/v2\/pages\/797\/revisions\/1468"}],"up":[{"embeddable":true,"href":"https:\/\/nntt2.auria.org\/index.php\/wp-json\/wp\/v2\/pages\/15"}],"wp:attachment":[{"href":"https:\/\/nntt2.auria.org\/index.php\/wp-json\/wp\/v2\/media?parent=797"}],"curies":[{"name":"wp","href":"https:\/\/api.w.org\/{rel}","templated":true}]}}