{"id":745,"date":"2020-09-18T16:14:55","date_gmt":"2020-09-18T16:14:55","guid":{"rendered":"https:\/\/nntt.auria.org\/?page_id=745"},"modified":"2020-10-16T17:52:38","modified_gmt":"2020-10-16T17:52:38","slug":"baseball","status":"publish","type":"page","link":"https:\/\/nntt2.auria.org\/index.php\/recursos\/jocs\/baseball\/","title":{"rendered":"Baseball"},"content":{"rendered":"\n<div class=\"wp-block-media-text alignwide is-stacked-on-mobile is-vertically-aligned-top\" style=\"grid-template-columns:40% auto\"><figure class=\"wp-block-media-text__media\"><a href=\"http:\/\/www.specialbites.com\/switch-activated-games\/selection-of-free-switch-accessible-sporty-games-for-special-needs.php\"><img loading=\"lazy\" decoding=\"async\" width=\"805\" height=\"507\" src=\"https:\/\/nntt2.auria.org\/wp-content\/uploads\/2020\/09\/baseball.png\" alt=\"\" class=\"wp-image-746\" srcset=\"https:\/\/nntt2.auria.org\/wp-content\/uploads\/2020\/09\/baseball.png 805w, https:\/\/nntt2.auria.org\/wp-content\/uploads\/2020\/09\/baseball-600x378.png 600w, https:\/\/nntt2.auria.org\/wp-content\/uploads\/2020\/09\/baseball-300x189.png 300w, https:\/\/nntt2.auria.org\/wp-content\/uploads\/2020\/09\/baseball-768x484.png 768w\" sizes=\"auto, (max-width: 805px) 100vw, 805px\" \/><\/a><\/figure><div class=\"wp-block-media-text__content\">\n<p>Una de les finalitats que persegueix aquest joc \u00e9s la de motivar aquells usuaris que utilitzen un polsador. Alternativament tamb\u00e9 es pot interactuar amb el joc mitjan\u00e7ant una sola tecla, el ratol\u00ed o algun dispositiu t\u00e0ctil.<\/p>\n\n\n\n<div class=\"wp-block-columns is-layout-flex wp-container-core-columns-is-layout-9d6595d7 wp-block-columns-is-layout-flex\">\n<div class=\"wp-block-column is-layout-flow wp-block-column-is-layout-flow\">\n<div class=\"wp-block-image\"><figure class=\"aligncenter size-large is-resized\"><img loading=\"lazy\" decoding=\"async\" src=\"https:\/\/nntt2.auria.org\/wp-content\/uploads\/2020\/09\/switch_red.jpg\" alt=\"\" class=\"wp-image-845\" width=\"256\" height=\"136\" srcset=\"https:\/\/nntt2.auria.org\/wp-content\/uploads\/2020\/09\/switch_red.jpg 1024w, https:\/\/nntt2.auria.org\/wp-content\/uploads\/2020\/09\/switch_red-600x319.jpg 600w, https:\/\/nntt2.auria.org\/wp-content\/uploads\/2020\/09\/switch_red-300x160.jpg 300w, https:\/\/nntt2.auria.org\/wp-content\/uploads\/2020\/09\/switch_red-768x409.jpg 768w\" sizes=\"auto, (max-width: 256px) 100vw, 256px\" \/><\/figure><\/div>\n<\/div>\n\n\n\n<div class=\"wp-block-column is-layout-flow wp-block-column-is-layout-flow\">\n<div class=\"wp-block-image\"><figure class=\"aligncenter size-large is-resized\"><img loading=\"lazy\" decoding=\"async\" src=\"https:\/\/nntt2.auria.org\/wp-content\/uploads\/2020\/06\/space.png\" alt=\"\" class=\"wp-image-379\" width=\"170\" height=\"68\"\/><\/figure><\/div>\n\n\n\n<p><\/p>\n<\/div>\n<\/div>\n\n\n\n<div class=\"wp-block-columns is-layout-flex wp-container-core-columns-is-layout-9d6595d7 wp-block-columns-is-layout-flex\">\n<div class=\"wp-block-column is-layout-flow wp-block-column-is-layout-flow\">\n<div class=\"wp-block-image\"><figure class=\"aligncenter size-large is-resized\"><img loading=\"lazy\" decoding=\"async\" src=\"https:\/\/nntt2.auria.org\/wp-content\/uploads\/2020\/06\/mouse-1024x704.jpg\" alt=\"\" class=\"wp-image-395\" width=\"256\" height=\"176\" srcset=\"https:\/\/nntt2.auria.org\/wp-content\/uploads\/2020\/06\/mouse-1024x704.jpg 1024w, https:\/\/nntt2.auria.org\/wp-content\/uploads\/2020\/06\/mouse-600x413.jpg 600w, https:\/\/nntt2.auria.org\/wp-content\/uploads\/2020\/06\/mouse-300x206.jpg 300w, https:\/\/nntt2.auria.org\/wp-content\/uploads\/2020\/06\/mouse-768x528.jpg 768w, https:\/\/nntt2.auria.org\/wp-content\/uploads\/2020\/06\/mouse.jpg 1291w\" sizes=\"auto, (max-width: 256px) 100vw, 256px\" \/><\/figure><\/div>\n<\/div>\n\n\n\n<div class=\"wp-block-column is-layout-flow wp-block-column-is-layout-flow\">\n<div class=\"wp-block-image\"><figure class=\"aligncenter size-large is-resized\"><img loading=\"lazy\" decoding=\"async\" src=\"https:\/\/nntt2.auria.org\/wp-content\/uploads\/2020\/09\/tactil.png\" alt=\"\" class=\"wp-image-836\" width=\"275\" height=\"210\" srcset=\"https:\/\/nntt2.auria.org\/wp-content\/uploads\/2020\/09\/tactil.png 550w, https:\/\/nntt2.auria.org\/wp-content\/uploads\/2020\/09\/tactil-300x229.png 300w\" sizes=\"auto, (max-width: 275px) 100vw, 275px\" \/><\/figure><\/div>\n\n\n\n<p><\/p>\n<\/div>\n<\/div>\n\n\n\n<p>Quan cliqueu a la imatge per anar al joc \u00fas redirigir\u00e0 a la seva p\u00e0gina web on trobareu diferents formats del joc, alguns en format causa-efecte on el resultat de cada tirada \u00e9s completament aleatori i d&#8217;altres amb un format que treballa la sincronitzaci\u00f3, \u00e9s a dir, el resultat de les tirades tindr\u00e0 a veure en el moment en qu\u00e8 han premut el polsador i quina \u00e9s la direcci\u00f3 que indica la fletxa.<\/p>\n\n\n\n<p>L&#8217;objectiu \u00e9s destruir els plats voladors situats a la part superior de la pantalla.<\/p>\n<\/div><\/div>\n","protected":false},"excerpt":{"rendered":"","protected":false},"author":1,"featured_media":0,"parent":15,"menu_order":0,"comment_status":"closed","ping_status":"closed","template":"","meta":{"footnotes":""},"class_list":["post-745","page","type-page","status-publish","hentry"],"_links":{"self":[{"href":"https:\/\/nntt2.auria.org\/index.php\/wp-json\/wp\/v2\/pages\/745","targetHints":{"allow":["GET"]}}],"collection":[{"href":"https:\/\/nntt2.auria.org\/index.php\/wp-json\/wp\/v2\/pages"}],"about":[{"href":"https:\/\/nntt2.auria.org\/index.php\/wp-json\/wp\/v2\/types\/page"}],"author":[{"embeddable":true,"href":"https:\/\/nntt2.auria.org\/index.php\/wp-json\/wp\/v2\/users\/1"}],"replies":[{"embeddable":true,"href":"https:\/\/nntt2.auria.org\/index.php\/wp-json\/wp\/v2\/comments?post=745"}],"version-history":[{"count":4,"href":"https:\/\/nntt2.auria.org\/index.php\/wp-json\/wp\/v2\/pages\/745\/revisions"}],"predecessor-version":[{"id":1452,"href":"https:\/\/nntt2.auria.org\/index.php\/wp-json\/wp\/v2\/pages\/745\/revisions\/1452"}],"up":[{"embeddable":true,"href":"https:\/\/nntt2.auria.org\/index.php\/wp-json\/wp\/v2\/pages\/15"}],"wp:attachment":[{"href":"https:\/\/nntt2.auria.org\/index.php\/wp-json\/wp\/v2\/media?parent=745"}],"curies":[{"name":"wp","href":"https:\/\/api.w.org\/{rel}","templated":true}]}}