{"id":736,"date":"2020-09-18T08:15:25","date_gmt":"2020-09-18T08:15:25","guid":{"rendered":"https:\/\/nntt.auria.org\/?page_id=736"},"modified":"2020-10-16T18:26:05","modified_gmt":"2020-10-16T18:26:05","slug":"robot-tiralinies","status":"publish","type":"page","link":"https:\/\/nntt2.auria.org\/index.php\/recursos\/material-tecnologic\/robot-tiralinies\/","title":{"rendered":"Robot &#8220;tiral\u00ednies&#8221;"},"content":{"rendered":"\n<p>Els robots &#8220;tiral\u00ednies&#8221; s\u00f3n aparells amb capacitat de moviment per despla\u00e7ar-se equipats amb uns sensors que els permeten seguir una l\u00ednia continua pintada a terra.<\/p>\n\n\n\n<p>Les l\u00ednies acostumen a ser negres sobre un fons blanc, tot i que aix\u00f2 pot variar.<\/p>\n\n\n\n<p>Existeixen gran varietat d&#8217;aquests robots segons la seva complexitat i forma externa. En el nostre cas disposem d&#8217;un robot&nbsp;en forma de cotxe i de gamma molt senzilla per\u00f2 que compleix el seu objectiu.<\/p>\n\n\n\n<p>Resumint podem pintar una l\u00ednia amb retolador negre en un full blanc o podem imprimir un recorregut amb la impressora, col\u00b7loquem el cotxe sobre la l\u00ednia i en engegar-lo aquest seguir\u00e0 la l\u00ednia fins que s&#8217;acabi o es talli.<\/p>\n\n\n\n<p>Amb aquesta premissa tan senzilla es poden dur a terme un gran nombre d&#8217;activitats:<\/p>\n\n\n\n<p><strong>Idees:<\/strong><\/p>\n\n\n\n<ul class=\"wp-block-list\" type=\"1\"><li>Col\u00b7loquem un full amb el punt de sortida i un full amb el punt d&#8217;arribada en llocs diferents de la sala. Sobre una taula deixem a disposici\u00f3 de la persona o persones un munt de fulls amb diferents tipus de &#8220;carreteres&#8221; rectes, corbes, etc. I els demanem que vagin conformant el recorregut. Per comprovar si est\u00e0 ben fet es col\u00b7locar\u00e0 en cotxe en el punt de sortida i aix\u00ed es podr\u00e0 comprovar si el cotxe arriba al punt d&#8217;arribada o no. La dificultat es pot anar variant allunyant m\u00e9s els dos punts.<\/li><\/ul>\n\n\n\n<ul class=\"wp-block-list\"><li>Es pot fer un joc de preguntes i a l\u2019hora de respondre col\u00b7loquen el cotxe al carril que va cap al S\u00ed o al carril que va cap al NO.<\/li><\/ul>\n\n\n\n<ul class=\"wp-block-list\"><li>Es pot treballar la grafomotricitat demanant a les persones que dibuixin ells un recorregut determinat.<\/li><\/ul>\n\n\n\n<p><\/p>\n\n\n\n<p>Aqu\u00ed us deixem un\u00a0PDF\u00a0amb trams de &#8220;carretera&#8221;\u00a0perqu\u00e8\u00a0pugueu imprimir i fer els vostres recorreguts:<\/p>\n\n\n\n<div class=\"wp-block-pdfjsblock-pdfjs-embed pdfjs-wrapper\"><\/div>\n","protected":false},"excerpt":{"rendered":"<p>Els robots &#8220;tiral\u00ednies&#8221; s\u00f3n aparells amb capacitat de moviment per despla\u00e7ar-se equipats amb uns sensors que els permeten seguir una l\u00ednia continua pintada a terra. Les l\u00ednies acostumen a ser negres sobre<a class=\"moretag\" href=\"https:\/\/nntt2.auria.org\/index.php\/recursos\/material-tecnologic\/robot-tiralinies\/\">Read More&#8230;<\/a><\/p>\n","protected":false},"author":1,"featured_media":0,"parent":2,"menu_order":0,"comment_status":"closed","ping_status":"closed","template":"","meta":{"footnotes":""},"class_list":["post-736","page","type-page","status-publish","hentry"],"_links":{"self":[{"href":"https:\/\/nntt2.auria.org\/index.php\/wp-json\/wp\/v2\/pages\/736","targetHints":{"allow":["GET"]}}],"collection":[{"href":"https:\/\/nntt2.auria.org\/index.php\/wp-json\/wp\/v2\/pages"}],"about":[{"href":"https:\/\/nntt2.auria.org\/index.php\/wp-json\/wp\/v2\/types\/page"}],"author":[{"embeddable":true,"href":"https:\/\/nntt2.auria.org\/index.php\/wp-json\/wp\/v2\/users\/1"}],"replies":[{"embeddable":true,"href":"https:\/\/nntt2.auria.org\/index.php\/wp-json\/wp\/v2\/comments?post=736"}],"version-history":[{"count":3,"href":"https:\/\/nntt2.auria.org\/index.php\/wp-json\/wp\/v2\/pages\/736\/revisions"}],"predecessor-version":[{"id":1476,"href":"https:\/\/nntt2.auria.org\/index.php\/wp-json\/wp\/v2\/pages\/736\/revisions\/1476"}],"up":[{"embeddable":true,"href":"https:\/\/nntt2.auria.org\/index.php\/wp-json\/wp\/v2\/pages\/2"}],"wp:attachment":[{"href":"https:\/\/nntt2.auria.org\/index.php\/wp-json\/wp\/v2\/media?parent=736"}],"curies":[{"name":"wp","href":"https:\/\/api.w.org\/{rel}","templated":true}]}}