{"id":731,"date":"2020-09-17T11:15:53","date_gmt":"2020-09-17T11:15:53","guid":{"rendered":"https:\/\/nntt.auria.org\/?page_id=731"},"modified":"2020-10-16T18:27:10","modified_gmt":"2020-10-16T18:27:10","slug":"teclats-adaptats","status":"publish","type":"page","link":"https:\/\/nntt2.auria.org\/index.php\/recursos\/material-tecnologic\/teclats-adaptats\/","title":{"rendered":"Teclats adaptats"},"content":{"rendered":"\n<p>Existeixen multitud de teclats amb certes adaptacions per facilitar l&#8217;acc\u00e9s a l&#8217;ordinador a les persones que tenen algun tipus de dificultat per accedir-hi a trav\u00e9s dels teclats convencionals, ja sigui per limitacions f\u00edsiques, cognitives, etc.<\/p>\n\n\n\n<p>Un dels teclats amb el que treballem nosaltres s&#8217;anomena&nbsp;Simplyworks.<\/p>\n\n\n\n<p>Aquest teclat funciona de sense fils cosa que permet col\u00b7locar-lo a molts m\u00e9s llocs que no pas si tingu\u00e9s la limitaci\u00f3 del cable USB penjant. Tamb\u00e9 disposa d&#8217;una mida de tecles m\u00e9s gran que l&#8217;habitual per facilitar la seva pulsaci\u00f3 i lectura i tamb\u00e9 es regeix per un codi de colors que permet identificar m\u00e9s f\u00e0cilment els grups de lletres.<\/p>\n\n\n\n<p>Tamb\u00e9 incorpora alguna altra caracter\u00edstica interessant com \u00e9s marcar nom\u00e9s una vegada la lletra si deixa el dit arrepenjat (opcional).<\/p>\n","protected":false},"excerpt":{"rendered":"<p>Existeixen multitud de teclats amb certes adaptacions per facilitar l&#8217;acc\u00e9s a l&#8217;ordinador a les persones que tenen algun tipus de dificultat per accedir-hi a trav\u00e9s dels teclats convencionals, ja sigui per limitacions<a class=\"moretag\" href=\"https:\/\/nntt2.auria.org\/index.php\/recursos\/material-tecnologic\/teclats-adaptats\/\">Read More&#8230;<\/a><\/p>\n","protected":false},"author":1,"featured_media":0,"parent":2,"menu_order":0,"comment_status":"closed","ping_status":"closed","template":"","meta":{"footnotes":""},"class_list":["post-731","page","type-page","status-publish","hentry"],"_links":{"self":[{"href":"https:\/\/nntt2.auria.org\/index.php\/wp-json\/wp\/v2\/pages\/731","targetHints":{"allow":["GET"]}}],"collection":[{"href":"https:\/\/nntt2.auria.org\/index.php\/wp-json\/wp\/v2\/pages"}],"about":[{"href":"https:\/\/nntt2.auria.org\/index.php\/wp-json\/wp\/v2\/types\/page"}],"author":[{"embeddable":true,"href":"https:\/\/nntt2.auria.org\/index.php\/wp-json\/wp\/v2\/users\/1"}],"replies":[{"embeddable":true,"href":"https:\/\/nntt2.auria.org\/index.php\/wp-json\/wp\/v2\/comments?post=731"}],"version-history":[{"count":3,"href":"https:\/\/nntt2.auria.org\/index.php\/wp-json\/wp\/v2\/pages\/731\/revisions"}],"predecessor-version":[{"id":1477,"href":"https:\/\/nntt2.auria.org\/index.php\/wp-json\/wp\/v2\/pages\/731\/revisions\/1477"}],"up":[{"embeddable":true,"href":"https:\/\/nntt2.auria.org\/index.php\/wp-json\/wp\/v2\/pages\/2"}],"wp:attachment":[{"href":"https:\/\/nntt2.auria.org\/index.php\/wp-json\/wp\/v2\/media?parent=731"}],"curies":[{"name":"wp","href":"https:\/\/api.w.org\/{rel}","templated":true}]}}