{"id":725,"date":"2020-09-17T11:00:10","date_gmt":"2020-09-17T11:00:10","guid":{"rendered":"https:\/\/nntt.auria.org\/?page_id=725"},"modified":"2020-10-16T18:24:26","modified_gmt":"2020-10-16T18:24:26","slug":"ratolins-adaptats-per-un-o-dos-polsadors","status":"publish","type":"page","link":"https:\/\/nntt2.auria.org\/index.php\/recursos\/material-tecnologic\/ratolins-adaptats-per-un-o-dos-polsadors\/","title":{"rendered":"Ratolins adaptats per un o dos polsadors"},"content":{"rendered":"\n<p>A la Fundaci\u00f3 disposem de forces ratolins preparats per a poder-hi connectar un o dos polsadors amb sortida Jack de 3,5 mm.<\/p>\n\n\n\n<p>Es tracta de ratolins aparentment normals, que es poden utilitzar com qualsevol altre ratol\u00ed per\u00f2 que tenen l&#8217;avantatge que disposen d&#8217;una o dues petites entrades de connector Jack de 3,5 mm, en les quals es pot connectar un o dos polsadors que simulin el clic del bot\u00f3 esquerre i el clic del bot\u00f3 dret.<\/p>\n\n\n\n<p>Aix\u00f2 facilita molt l&#8217;acc\u00e9s a l&#8217;ordinador a aquelles persones amb dificultats de moviment. A m\u00e9s a m\u00e9s els polsadors que s&#8217;acoblen acostumen a ser for\u00e7a grans i amb colors cridaners cosa que permet veure&#8217;ls m\u00e9s f\u00e0cilment i discriminar entre un i l&#8217;altre.<\/p>\n\n\n\n<p>Tamb\u00e9 s&#8217;afegeix el fet que els polsadors acostumen a portar un cable for\u00e7a llarg que permet col\u00b7locar-los a diferents al\u00e7ades i zones, m\u00e9s enll\u00e0 de la taula, per facilitar que la persona els pugui polsar m\u00e9s c\u00f2modament, sigui fixats amb velcro o qualsevol altre sistema de subjecci\u00f3.<\/p>\n\n\n\n<p>Tamb\u00e9 cal dir que aquest sistema que utilitza els jacks de 3,5 mm ha estat molt utilitzat durant molts anys per\u00f2 cada vegada va quedant m\u00e9s antiquat i relegat a altres sistemes m\u00e9s moderns com els polsadors Bluetooth, que m\u00e9s endavant tamb\u00e9 explicarem.<\/p>\n","protected":false},"excerpt":{"rendered":"<p>A la Fundaci\u00f3 disposem de forces ratolins preparats per a poder-hi connectar un o dos polsadors amb sortida Jack de 3,5 mm. Es tracta de ratolins aparentment normals, que es poden utilitzar<a class=\"moretag\" href=\"https:\/\/nntt2.auria.org\/index.php\/recursos\/material-tecnologic\/ratolins-adaptats-per-un-o-dos-polsadors\/\">Read More&#8230;<\/a><\/p>\n","protected":false},"author":1,"featured_media":0,"parent":2,"menu_order":0,"comment_status":"closed","ping_status":"closed","template":"","meta":{"footnotes":""},"class_list":["post-725","page","type-page","status-publish","hentry"],"_links":{"self":[{"href":"https:\/\/nntt2.auria.org\/index.php\/wp-json\/wp\/v2\/pages\/725","targetHints":{"allow":["GET"]}}],"collection":[{"href":"https:\/\/nntt2.auria.org\/index.php\/wp-json\/wp\/v2\/pages"}],"about":[{"href":"https:\/\/nntt2.auria.org\/index.php\/wp-json\/wp\/v2\/types\/page"}],"author":[{"embeddable":true,"href":"https:\/\/nntt2.auria.org\/index.php\/wp-json\/wp\/v2\/users\/1"}],"replies":[{"embeddable":true,"href":"https:\/\/nntt2.auria.org\/index.php\/wp-json\/wp\/v2\/comments?post=725"}],"version-history":[{"count":2,"href":"https:\/\/nntt2.auria.org\/index.php\/wp-json\/wp\/v2\/pages\/725\/revisions"}],"predecessor-version":[{"id":1475,"href":"https:\/\/nntt2.auria.org\/index.php\/wp-json\/wp\/v2\/pages\/725\/revisions\/1475"}],"up":[{"embeddable":true,"href":"https:\/\/nntt2.auria.org\/index.php\/wp-json\/wp\/v2\/pages\/2"}],"wp:attachment":[{"href":"https:\/\/nntt2.auria.org\/index.php\/wp-json\/wp\/v2\/media?parent=725"}],"curies":[{"name":"wp","href":"https:\/\/api.w.org\/{rel}","templated":true}]}}