{"id":721,"date":"2020-09-16T11:51:03","date_gmt":"2020-09-16T11:51:03","guid":{"rendered":"https:\/\/nntt.auria.org\/?page_id=721"},"modified":"2020-10-16T18:18:09","modified_gmt":"2020-10-16T18:18:09","slug":"caixa-de-connexions","status":"publish","type":"page","link":"https:\/\/nntt2.auria.org\/index.php\/recursos\/material-tecnologic\/caixa-de-connexions\/","title":{"rendered":"Caixa de connexions"},"content":{"rendered":"\n<p>Aquest \u00e9s un material anal\u00f2gic for\u00e7a m\u00e9s antic per\u00f2 que encara ara fem servir, de tant en tant, per algunes activitats.<\/p>\n\n\n\n<p>Es tracta d&#8217;una petita caixeta similar a un transformador el\u00e8ctric que s&#8217;endolla al corrent el\u00e8ctric a trav\u00e9s de qualsevol endoll i permet connectar-hi aparells el\u00e8ctrics i un commutar per poder controlar aquests aparells des del commutador mitjan\u00e7ant 3 modes diferents:<\/p>\n\n\n\n<ol class=\"wp-block-list\"><li>Mode interruptor (encendre apagar) <\/li><li>Mode temporitzador (que s&#8217;apagui al cap d&#8217;un temps determinat)<\/li><li>Mode pulsaci\u00f3 (s&#8217;ha de mantenir polsat el commutador perqu\u00e8 l&#8217;aparell funcioni)<\/li><\/ol>\n\n\n\n<p>Amb aquesta premissa tan senzilla es poden dur a terme multitud d&#8217;activitats i jocs.<\/p>\n\n\n\n<p>Aqu\u00ed us en proposem una de molt senzilla amb un r\u00e0dio:<\/p>\n\n\n\n<figure class=\"wp-block-image size-large\"><img loading=\"lazy\" decoding=\"async\" width=\"1024\" height=\"709\" src=\"https:\/\/nntt2.auria.org\/wp-content\/uploads\/2020\/09\/esquema-caixa-connexions-1024x709.jpg\" alt=\"\" class=\"wp-image-722\" srcset=\"https:\/\/nntt2.auria.org\/wp-content\/uploads\/2020\/09\/esquema-caixa-connexions-1024x709.jpg 1024w, https:\/\/nntt2.auria.org\/wp-content\/uploads\/2020\/09\/esquema-caixa-connexions-600x415.jpg 600w, https:\/\/nntt2.auria.org\/wp-content\/uploads\/2020\/09\/esquema-caixa-connexions-300x208.jpg 300w, https:\/\/nntt2.auria.org\/wp-content\/uploads\/2020\/09\/esquema-caixa-connexions-768x532.jpg 768w, https:\/\/nntt2.auria.org\/wp-content\/uploads\/2020\/09\/esquema-caixa-connexions.jpg 1040w\" sizes=\"auto, (max-width: 1024px) 100vw, 1024px\" \/><\/figure>\n","protected":false},"excerpt":{"rendered":"<p>Aquest \u00e9s un material anal\u00f2gic for\u00e7a m\u00e9s antic per\u00f2 que encara ara fem servir, de tant en tant, per algunes activitats. Es tracta d&#8217;una petita caixeta similar a un transformador el\u00e8ctric que<a class=\"moretag\" href=\"https:\/\/nntt2.auria.org\/index.php\/recursos\/material-tecnologic\/caixa-de-connexions\/\">Read More&#8230;<\/a><\/p>\n","protected":false},"author":1,"featured_media":0,"parent":2,"menu_order":0,"comment_status":"closed","ping_status":"closed","template":"","meta":{"footnotes":""},"class_list":["post-721","page","type-page","status-publish","hentry"],"_links":{"self":[{"href":"https:\/\/nntt2.auria.org\/index.php\/wp-json\/wp\/v2\/pages\/721","targetHints":{"allow":["GET"]}}],"collection":[{"href":"https:\/\/nntt2.auria.org\/index.php\/wp-json\/wp\/v2\/pages"}],"about":[{"href":"https:\/\/nntt2.auria.org\/index.php\/wp-json\/wp\/v2\/types\/page"}],"author":[{"embeddable":true,"href":"https:\/\/nntt2.auria.org\/index.php\/wp-json\/wp\/v2\/users\/1"}],"replies":[{"embeddable":true,"href":"https:\/\/nntt2.auria.org\/index.php\/wp-json\/wp\/v2\/comments?post=721"}],"version-history":[{"count":2,"href":"https:\/\/nntt2.auria.org\/index.php\/wp-json\/wp\/v2\/pages\/721\/revisions"}],"predecessor-version":[{"id":1471,"href":"https:\/\/nntt2.auria.org\/index.php\/wp-json\/wp\/v2\/pages\/721\/revisions\/1471"}],"up":[{"embeddable":true,"href":"https:\/\/nntt2.auria.org\/index.php\/wp-json\/wp\/v2\/pages\/2"}],"wp:attachment":[{"href":"https:\/\/nntt2.auria.org\/index.php\/wp-json\/wp\/v2\/media?parent=721"}],"curies":[{"name":"wp","href":"https:\/\/api.w.org\/{rel}","templated":true}]}}