{"id":716,"date":"2020-09-16T09:14:54","date_gmt":"2020-09-16T09:14:54","guid":{"rendered":"https:\/\/nntt.auria.org\/?page_id=716"},"modified":"2020-11-26T16:07:15","modified_gmt":"2020-11-26T15:07:15","slug":"interactive-wall-2","status":"publish","type":"page","link":"https:\/\/nntt2.auria.org\/index.php\/recursos\/material-tecnologic\/interactive-wall-2\/","title":{"rendered":"Interactive Wall"},"content":{"rendered":"\n<p><\/p>\n\n\n\n<div class=\"wp-block-media-text alignwide is-stacked-on-mobile\" style=\"grid-template-columns:40% auto\"><figure class=\"wp-block-media-text__media\"><img loading=\"lazy\" decoding=\"async\" width=\"365\" height=\"365\" src=\"https:\/\/nntt2.auria.org\/wp-content\/uploads\/2020\/11\/interactive-wall2.jpg\" alt=\"\" class=\"wp-image-1836\" srcset=\"https:\/\/nntt2.auria.org\/wp-content\/uploads\/2020\/11\/interactive-wall2.jpg 365w, https:\/\/nntt2.auria.org\/wp-content\/uploads\/2020\/11\/interactive-wall2-300x300.jpg 300w, https:\/\/nntt2.auria.org\/wp-content\/uploads\/2020\/11\/interactive-wall2-100x100.jpg 100w, https:\/\/nntt2.auria.org\/wp-content\/uploads\/2020\/11\/interactive-wall2-150x150.jpg 150w\" sizes=\"auto, (max-width: 365px) 100vw, 365px\" \/><\/figure><div class=\"wp-block-media-text__content\">\n<p><\/p>\n\n\n\n<p>L\u2019<strong>Interactive Wall <\/strong>\u00e9s un bon recurs per tenir a les nostres sales.<\/p>\n\n\n\n<p>Es tracta d&#8217;un mural de pl\u00e0stic finet, que es pot enrotllar perqu\u00e8 ocupi menys si es vol guardar. T\u00e9 dos forats per poder penjar-lo a la paret.<\/p>\n\n\n\n<p>El mural disposa de butxaquetes de pl\u00e0stic transparent en les que s&#8217;hi poden col\u00b7locar targetes, petits objectes, etc. A sobre d&#8217;aquestes butxaquetes trobem un bot\u00f3 que permet gravar missatges de 10 segons relacionat amb el contingut de la butxaca.<\/p>\n\n\n\n<p>Una bona idea \u00e9s fer l&#8217;horari setmanal, amb el nom de cada activitat gravat en veu, per facilitar i refor\u00e7ar la comprensi\u00f3 de les persones usu\u00e0ries.<\/p>\n\n\n\n<p>Tamb\u00e9 podr\u00e0s crear jocs de relacionar descripcions amb les imatges, en activitats de lectoescriptura, matem\u00e0tiques, etc. Les possibilitats s\u00f3n molt grans.<\/p>\n\n\n\n<p>Per gravar els missatges, nom\u00e9s \u00e9s necessari posar l&#8217;interruptor ubicat en el marc negre superior en manera de captaci\u00f3 &#8220;Record&#8221; i pr\u00e9mer el bot\u00f3 verd de cada butxaca. Per reproduir els missatges, nom\u00e9s s&#8217;ha de posar l&#8217;interruptor en el mode reproduir &#8220;Play&#8221;.<\/p>\n\n\n\n<p><\/p>\n\n\n\n<p>Descarregueu la fitxa t\u00e8cnica del producte: <a href=\"https:\/\/drive.google.com\/file\/d\/1oeVJa9_GUENyfLx9Ok1LCS91lZxZca92\/view?usp=sharing\"><strong>AQU\u00ed<\/strong><\/a><\/p>\n<\/div><\/div>\n\n\n\n<p><\/p>\n","protected":false},"excerpt":{"rendered":"<p>L\u2019Interactive Wall \u00e9s un bon recurs per tenir a les nostres sales. Es tracta d&#8217;un mural de pl\u00e0stic finet, que es pot enrotllar perqu\u00e8 ocupi menys si es vol guardar. T\u00e9 dos<a class=\"moretag\" href=\"https:\/\/nntt2.auria.org\/index.php\/recursos\/material-tecnologic\/interactive-wall-2\/\">Read More&#8230;<\/a><\/p>\n","protected":false},"author":1,"featured_media":0,"parent":2,"menu_order":0,"comment_status":"closed","ping_status":"closed","template":"","meta":{"footnotes":""},"class_list":["post-716","page","type-page","status-publish","hentry"],"_links":{"self":[{"href":"https:\/\/nntt2.auria.org\/index.php\/wp-json\/wp\/v2\/pages\/716","targetHints":{"allow":["GET"]}}],"collection":[{"href":"https:\/\/nntt2.auria.org\/index.php\/wp-json\/wp\/v2\/pages"}],"about":[{"href":"https:\/\/nntt2.auria.org\/index.php\/wp-json\/wp\/v2\/types\/page"}],"author":[{"embeddable":true,"href":"https:\/\/nntt2.auria.org\/index.php\/wp-json\/wp\/v2\/users\/1"}],"replies":[{"embeddable":true,"href":"https:\/\/nntt2.auria.org\/index.php\/wp-json\/wp\/v2\/comments?post=716"}],"version-history":[{"count":5,"href":"https:\/\/nntt2.auria.org\/index.php\/wp-json\/wp\/v2\/pages\/716\/revisions"}],"predecessor-version":[{"id":1840,"href":"https:\/\/nntt2.auria.org\/index.php\/wp-json\/wp\/v2\/pages\/716\/revisions\/1840"}],"up":[{"embeddable":true,"href":"https:\/\/nntt2.auria.org\/index.php\/wp-json\/wp\/v2\/pages\/2"}],"wp:attachment":[{"href":"https:\/\/nntt2.auria.org\/index.php\/wp-json\/wp\/v2\/media?parent=716"}],"curies":[{"name":"wp","href":"https:\/\/api.w.org\/{rel}","templated":true}]}}