{"id":704,"date":"2020-09-16T08:07:22","date_gmt":"2020-09-16T08:07:22","guid":{"rendered":"https:\/\/nntt.auria.org\/?page_id=704"},"modified":"2023-11-09T21:06:47","modified_gmt":"2023-11-09T20:06:47","slug":"makey-makey","status":"publish","type":"page","link":"https:\/\/nntt2.auria.org\/index.php\/recursos\/material-tecnologic\/makey-makey\/","title":{"rendered":"Makey Makey"},"content":{"rendered":"\n<div class=\"wp-block-pdfjsblock-pdfjs-embed pdfjs-wrapper\"><\/div>\n\n\n\n<div style=\"height:100px\" aria-hidden=\"true\" class=\"wp-block-spacer\"><\/div>\n\n\n\n<p>A la plataforma <a href=\"https:\/\/scratch.mit.edu\/\">Scratch<\/a> trobareu molt\u00edssims jocs compatibles amb la placa makey makey.<\/p>\n\n\n\n<p>Si us voleu animar a crear els vostres propis jocs amb aquesta plataforma a l&#8217;apartat de <a href=\"https:\/\/nntt2.auria.org\/index.php\/recursos\/documentacio\/\" data-type=\"page\" data-id=\"21\">Formacions<\/a> hi trobareu una introducci\u00f3 al Scratch i les seves aplicacions en l&#8217;\u00e0mbit social. <\/p>\n\n\n\n<p>A continuaci\u00f3 us deixem un petit cat\u00e0leg amb alguns d&#8217;aquests jocs que hem provat i ens han agradat. Alguns d&#8217;ells els hem modificat una mica per adaptar-los a les nostres necessitats.<\/p>\n\n\n\n<p>Per poder accedir als diferents jocs del cat\u00e0leg haureu de visitar el nostre <a href=\"https:\/\/scratch.mit.edu\/studios\/5900132\/\">estudi<\/a>, a la nostra compta d&#8217;Scratch.<\/p>\n\n\n\n<div class=\"wp-block-pdfjsblock-pdfjs-embed pdfjs-wrapper\"><\/div>\n\n\n\n<p><\/p>\n\n\n\n<p>Aqu\u00ed&nbsp;podreu trobar altres enlla\u00e7os amb&nbsp;v\u00eddeos&nbsp;i idees per utilitzar el&nbsp;Makey Makey:<\/p>\n\n\n\n<p><a href=\"https:\/\/www.youtube.com\/watch?v=wkPt9MYqDW0\">Exemples musicals<\/a><\/p>\n\n\n\n<figure class=\"wp-block-embed is-type-video is-provider-youtube wp-block-embed-youtube wp-embed-aspect-16-9 wp-has-aspect-ratio\"><div class=\"wp-block-embed__wrapper\">\n<iframe loading=\"lazy\" title=\"MaKey MaKey Music Examples\" width=\"604\" height=\"340\" src=\"https:\/\/www.youtube.com\/embed\/wkPt9MYqDW0?feature=oembed\" frameborder=\"0\" allow=\"accelerometer; autoplay; clipboard-write; encrypted-media; gyroscope; picture-in-picture; web-share\" referrerpolicy=\"strict-origin-when-cross-origin\" allowfullscreen><\/iframe>\n<\/div><\/figure>\n\n\n\n<p><\/p>\n\n\n\n<p><a href=\"https:\/\/www.youtube.com\/watch?v=0VR9Rj0ym5U\">Joc de moviment<\/a><\/p>\n\n\n\n<figure class=\"wp-block-embed is-type-video is-provider-youtube wp-block-embed-youtube wp-embed-aspect-16-9 wp-has-aspect-ratio\"><div class=\"wp-block-embed__wrapper\">\n<iframe loading=\"lazy\" title=\"Dance Dance Revolution con Scratch y Makey Makey\" width=\"604\" height=\"340\" src=\"https:\/\/www.youtube.com\/embed\/0VR9Rj0ym5U?feature=oembed\" frameborder=\"0\" allow=\"accelerometer; autoplay; clipboard-write; encrypted-media; gyroscope; picture-in-picture; web-share\" referrerpolicy=\"strict-origin-when-cross-origin\" allowfullscreen><\/iframe>\n<\/div><\/figure>\n","protected":false},"excerpt":{"rendered":"<p>A la plataforma Scratch trobareu molt\u00edssims jocs compatibles amb la placa makey makey. Si us voleu animar a crear els vostres propis jocs amb aquesta plataforma a l&#8217;apartat de Formacions hi trobareu<a class=\"moretag\" href=\"https:\/\/nntt2.auria.org\/index.php\/recursos\/material-tecnologic\/makey-makey\/\">Read More&#8230;<\/a><\/p>\n","protected":false},"author":1,"featured_media":0,"parent":2,"menu_order":0,"comment_status":"closed","ping_status":"closed","template":"","meta":{"footnotes":""},"class_list":["post-704","page","type-page","status-publish","hentry"],"_links":{"self":[{"href":"https:\/\/nntt2.auria.org\/index.php\/wp-json\/wp\/v2\/pages\/704","targetHints":{"allow":["GET"]}}],"collection":[{"href":"https:\/\/nntt2.auria.org\/index.php\/wp-json\/wp\/v2\/pages"}],"about":[{"href":"https:\/\/nntt2.auria.org\/index.php\/wp-json\/wp\/v2\/types\/page"}],"author":[{"embeddable":true,"href":"https:\/\/nntt2.auria.org\/index.php\/wp-json\/wp\/v2\/users\/1"}],"replies":[{"embeddable":true,"href":"https:\/\/nntt2.auria.org\/index.php\/wp-json\/wp\/v2\/comments?post=704"}],"version-history":[{"count":11,"href":"https:\/\/nntt2.auria.org\/index.php\/wp-json\/wp\/v2\/pages\/704\/revisions"}],"predecessor-version":[{"id":3617,"href":"https:\/\/nntt2.auria.org\/index.php\/wp-json\/wp\/v2\/pages\/704\/revisions\/3617"}],"up":[{"embeddable":true,"href":"https:\/\/nntt2.auria.org\/index.php\/wp-json\/wp\/v2\/pages\/2"}],"wp:attachment":[{"href":"https:\/\/nntt2.auria.org\/index.php\/wp-json\/wp\/v2\/media?parent=704"}],"curies":[{"name":"wp","href":"https:\/\/api.w.org\/{rel}","templated":true}]}}