{"id":674,"date":"2020-09-14T16:35:18","date_gmt":"2020-09-14T16:35:18","guid":{"rendered":"https:\/\/nntt.auria.org\/?page_id=674"},"modified":"2020-10-16T18:04:25","modified_gmt":"2020-10-16T18:04:25","slug":"oddball","status":"publish","type":"page","link":"https:\/\/nntt2.auria.org\/index.php\/recursos\/jocs\/oddball\/","title":{"rendered":"Oddball"},"content":{"rendered":"\n<div class=\"wp-block-media-text alignwide is-stacked-on-mobile is-vertically-aligned-top\" style=\"grid-template-columns:34% auto\"><figure class=\"wp-block-media-text__media\"><a href=\"https:\/\/www.funbrain.com\/games\/oddball\"><img loading=\"lazy\" decoding=\"async\" width=\"635\" height=\"416\" src=\"https:\/\/nntt2.auria.org\/wp-content\/uploads\/2020\/09\/Oddball_menu.png\" alt=\"\" class=\"wp-image-675\" srcset=\"https:\/\/nntt2.auria.org\/wp-content\/uploads\/2020\/09\/Oddball_menu.png 635w, https:\/\/nntt2.auria.org\/wp-content\/uploads\/2020\/09\/Oddball_menu-600x393.png 600w, https:\/\/nntt2.auria.org\/wp-content\/uploads\/2020\/09\/Oddball_menu-300x197.png 300w\" sizes=\"auto, (max-width: 635px) 100vw, 635px\" \/><\/a><\/figure><div class=\"wp-block-media-text__content\">\n<p>El men\u00fa d&#8217;aquest joc est\u00e0 escrit en angl\u00e8s per\u00f2 simplement ens pregunta si voldrem jugar amb animals, formes o m\u00e0quines. (Ho podeu observar a la imatge de l&#8217;esquerra)<\/p>\n\n\n\n<p>La finalitat del joc \u00e9s la de clicar sobre l&#8217;element diferent de cada s\u00e8rie que se&#8217;ns proposa. (Observeu imatge inferior)<\/p>\n\n\n\n<div class=\"wp-block-image\"><figure class=\"aligncenter size-large is-resized\"><img loading=\"lazy\" decoding=\"async\" src=\"https:\/\/nntt2.auria.org\/wp-content\/uploads\/2020\/09\/oddball.png\" alt=\"\" class=\"wp-image-676\" width=\"325\" height=\"216\" srcset=\"https:\/\/nntt2.auria.org\/wp-content\/uploads\/2020\/09\/oddball.png 649w, https:\/\/nntt2.auria.org\/wp-content\/uploads\/2020\/09\/oddball-600x398.png 600w, https:\/\/nntt2.auria.org\/wp-content\/uploads\/2020\/09\/oddball-300x199.png 300w\" sizes=\"auto, (max-width: 325px) 100vw, 325px\" \/><\/figure><\/div>\n\n\n\n<p>Per fer-ho el jugador haur\u00e0 de clicar aquell element que no correspon a la resta.<\/p>\n\n\n\n<p>La base del joc \u00e9s la de trobar quines s\u00f3n les caracter\u00edstiques que fan iguals certs elements i trobar aquell que no les comparteix.<\/p>\n\n\n\n<p>Nom\u00e9s \u00e9s necessari utilitzar el ratol\u00ed per a jugar-hi. Una altra alternativa \u00e9s utilitzar un dispositiu t\u00e0ctil i interaccionar amb els dits.<\/p>\n\n\n\n<div class=\"wp-block-columns is-layout-flex wp-container-core-columns-is-layout-9d6595d7 wp-block-columns-is-layout-flex\">\n<div class=\"wp-block-column is-layout-flow wp-block-column-is-layout-flow\">\n<div class=\"wp-block-image\"><figure class=\"aligncenter size-large is-resized\"><img loading=\"lazy\" decoding=\"async\" src=\"https:\/\/nntt2.auria.org\/wp-content\/uploads\/2020\/06\/mouse-1024x704.jpg\" alt=\"\" class=\"wp-image-395\" width=\"256\" height=\"176\" srcset=\"https:\/\/nntt2.auria.org\/wp-content\/uploads\/2020\/06\/mouse-1024x704.jpg 1024w, https:\/\/nntt2.auria.org\/wp-content\/uploads\/2020\/06\/mouse-600x413.jpg 600w, https:\/\/nntt2.auria.org\/wp-content\/uploads\/2020\/06\/mouse-300x206.jpg 300w, https:\/\/nntt2.auria.org\/wp-content\/uploads\/2020\/06\/mouse-768x528.jpg 768w, https:\/\/nntt2.auria.org\/wp-content\/uploads\/2020\/06\/mouse.jpg 1291w\" sizes=\"auto, (max-width: 256px) 100vw, 256px\" \/><\/figure><\/div>\n<\/div>\n\n\n\n<div class=\"wp-block-column is-layout-flow wp-block-column-is-layout-flow\">\n<div class=\"wp-block-image\"><figure class=\"aligncenter size-large is-resized\"><img loading=\"lazy\" decoding=\"async\" src=\"https:\/\/nntt2.auria.org\/wp-content\/uploads\/2020\/09\/tactil.png\" alt=\"\" class=\"wp-image-836\" width=\"275\" height=\"210\" srcset=\"https:\/\/nntt2.auria.org\/wp-content\/uploads\/2020\/09\/tactil.png 550w, https:\/\/nntt2.auria.org\/wp-content\/uploads\/2020\/09\/tactil-300x229.png 300w\" sizes=\"auto, (max-width: 275px) 100vw, 275px\" \/><\/figure><\/div>\n<\/div>\n<\/div>\n<\/div><\/div>\n","protected":false},"excerpt":{"rendered":"","protected":false},"author":1,"featured_media":0,"parent":15,"menu_order":0,"comment_status":"closed","ping_status":"closed","template":"","meta":{"footnotes":""},"class_list":["post-674","page","type-page","status-publish","hentry"],"_links":{"self":[{"href":"https:\/\/nntt2.auria.org\/index.php\/wp-json\/wp\/v2\/pages\/674","targetHints":{"allow":["GET"]}}],"collection":[{"href":"https:\/\/nntt2.auria.org\/index.php\/wp-json\/wp\/v2\/pages"}],"about":[{"href":"https:\/\/nntt2.auria.org\/index.php\/wp-json\/wp\/v2\/types\/page"}],"author":[{"embeddable":true,"href":"https:\/\/nntt2.auria.org\/index.php\/wp-json\/wp\/v2\/users\/1"}],"replies":[{"embeddable":true,"href":"https:\/\/nntt2.auria.org\/index.php\/wp-json\/wp\/v2\/comments?post=674"}],"version-history":[{"count":5,"href":"https:\/\/nntt2.auria.org\/index.php\/wp-json\/wp\/v2\/pages\/674\/revisions"}],"predecessor-version":[{"id":1461,"href":"https:\/\/nntt2.auria.org\/index.php\/wp-json\/wp\/v2\/pages\/674\/revisions\/1461"}],"up":[{"embeddable":true,"href":"https:\/\/nntt2.auria.org\/index.php\/wp-json\/wp\/v2\/pages\/15"}],"wp:attachment":[{"href":"https:\/\/nntt2.auria.org\/index.php\/wp-json\/wp\/v2\/media?parent=674"}],"curies":[{"name":"wp","href":"https:\/\/api.w.org\/{rel}","templated":true}]}}