{"id":668,"date":"2020-09-14T16:26:06","date_gmt":"2020-09-14T16:26:06","guid":{"rendered":"https:\/\/nntt.auria.org\/?page_id=668"},"modified":"2020-10-16T18:06:59","modified_gmt":"2020-10-16T18:06:59","slug":"shape-invasion","status":"publish","type":"page","link":"https:\/\/nntt2.auria.org\/index.php\/recursos\/jocs\/shape-invasion\/","title":{"rendered":"Shape Invasion"},"content":{"rendered":"\n<div class=\"wp-block-media-text alignwide is-stacked-on-mobile is-vertically-aligned-top\" style=\"grid-template-columns:33% auto\"><figure class=\"wp-block-media-text__media\"><a href=\"https:\/\/www.funbrain.com\/games\/shape-invasion\"><img loading=\"lazy\" decoding=\"async\" width=\"649\" height=\"429\" src=\"https:\/\/nntt2.auria.org\/wp-content\/uploads\/2020\/09\/Shape_Invasion.png\" alt=\"\" class=\"wp-image-669\" srcset=\"https:\/\/nntt2.auria.org\/wp-content\/uploads\/2020\/09\/Shape_Invasion.png 649w, https:\/\/nntt2.auria.org\/wp-content\/uploads\/2020\/09\/Shape_Invasion-600x397.png 600w, https:\/\/nntt2.auria.org\/wp-content\/uploads\/2020\/09\/Shape_Invasion-300x198.png 300w\" sizes=\"auto, (max-width: 649px) 100vw, 649px\" \/><\/a><\/figure><div class=\"wp-block-media-text__content\">\n<p>El joc consisteix a alinear els formes-personatge (inferior) amb les formes que cauen del cel (superior).<\/p>\n\n\n\n<p>Per fer-ho el jugador haur\u00e0 de clicar a dues formes-personatge per tal d&#8217;intercanviar les seves posicions.<\/p>\n\n\n\n<p>Un cop s&#8217;hagin pogut completar cinc combinacions diferents el joc s&#8217;acabar\u00e0.<\/p>\n\n\n\n<p>La idea principal d&#8217;aquest joc \u00e9s treballar l&#8217;associaci\u00f3 entre diferents imatges i les posicions dels diferents elements que aquestes conformen.<\/p>\n\n\n\n<p>Nom\u00e9s \u00e9s necessari utilitzar el ratol\u00ed per a jugar-hi. Una altra alternativa \u00e9s utilitzar un dispositiu t\u00e0ctil i interaccionar amb els dits.<\/p>\n\n\n\n<div class=\"wp-block-columns is-layout-flex wp-container-core-columns-is-layout-9d6595d7 wp-block-columns-is-layout-flex\">\n<div class=\"wp-block-column is-layout-flow wp-block-column-is-layout-flow\">\n<div class=\"wp-block-image\"><figure class=\"aligncenter size-large is-resized\"><img loading=\"lazy\" decoding=\"async\" src=\"https:\/\/nntt2.auria.org\/wp-content\/uploads\/2020\/06\/mouse-1024x704.jpg\" alt=\"\" class=\"wp-image-395\" width=\"256\" height=\"176\" srcset=\"https:\/\/nntt2.auria.org\/wp-content\/uploads\/2020\/06\/mouse-1024x704.jpg 1024w, https:\/\/nntt2.auria.org\/wp-content\/uploads\/2020\/06\/mouse-600x413.jpg 600w, https:\/\/nntt2.auria.org\/wp-content\/uploads\/2020\/06\/mouse-300x206.jpg 300w, https:\/\/nntt2.auria.org\/wp-content\/uploads\/2020\/06\/mouse-768x528.jpg 768w, https:\/\/nntt2.auria.org\/wp-content\/uploads\/2020\/06\/mouse.jpg 1291w\" sizes=\"auto, (max-width: 256px) 100vw, 256px\" \/><\/figure><\/div>\n<\/div>\n\n\n\n<div class=\"wp-block-column is-layout-flow wp-block-column-is-layout-flow\">\n<div class=\"wp-block-image\"><figure class=\"aligncenter size-large is-resized\"><img loading=\"lazy\" decoding=\"async\" src=\"https:\/\/nntt2.auria.org\/wp-content\/uploads\/2020\/09\/tactil.png\" alt=\"\" class=\"wp-image-836\" width=\"275\" height=\"210\" srcset=\"https:\/\/nntt2.auria.org\/wp-content\/uploads\/2020\/09\/tactil.png 550w, https:\/\/nntt2.auria.org\/wp-content\/uploads\/2020\/09\/tactil-300x229.png 300w\" sizes=\"auto, (max-width: 275px) 100vw, 275px\" \/><\/figure><\/div>\n<\/div>\n<\/div>\n<\/div><\/div>\n\n\n\n<p><\/p>\n","protected":false},"excerpt":{"rendered":"","protected":false},"author":1,"featured_media":0,"parent":15,"menu_order":0,"comment_status":"closed","ping_status":"closed","template":"","meta":{"footnotes":""},"class_list":["post-668","page","type-page","status-publish","hentry"],"_links":{"self":[{"href":"https:\/\/nntt2.auria.org\/index.php\/wp-json\/wp\/v2\/pages\/668","targetHints":{"allow":["GET"]}}],"collection":[{"href":"https:\/\/nntt2.auria.org\/index.php\/wp-json\/wp\/v2\/pages"}],"about":[{"href":"https:\/\/nntt2.auria.org\/index.php\/wp-json\/wp\/v2\/types\/page"}],"author":[{"embeddable":true,"href":"https:\/\/nntt2.auria.org\/index.php\/wp-json\/wp\/v2\/users\/1"}],"replies":[{"embeddable":true,"href":"https:\/\/nntt2.auria.org\/index.php\/wp-json\/wp\/v2\/comments?post=668"}],"version-history":[{"count":3,"href":"https:\/\/nntt2.auria.org\/index.php\/wp-json\/wp\/v2\/pages\/668\/revisions"}],"predecessor-version":[{"id":1464,"href":"https:\/\/nntt2.auria.org\/index.php\/wp-json\/wp\/v2\/pages\/668\/revisions\/1464"}],"up":[{"embeddable":true,"href":"https:\/\/nntt2.auria.org\/index.php\/wp-json\/wp\/v2\/pages\/15"}],"wp:attachment":[{"href":"https:\/\/nntt2.auria.org\/index.php\/wp-json\/wp\/v2\/media?parent=668"}],"curies":[{"name":"wp","href":"https:\/\/api.w.org\/{rel}","templated":true}]}}