{"id":3994,"date":"2024-04-16T15:41:18","date_gmt":"2024-04-16T14:41:18","guid":{"rendered":"https:\/\/nntt.auria.org\/?page_id=3994"},"modified":"2024-04-16T15:41:18","modified_gmt":"2024-04-16T14:41:18","slug":"llibre-electronic-ebook","status":"publish","type":"page","link":"https:\/\/nntt2.auria.org\/index.php\/llibre-electronic-ebook\/","title":{"rendered":"llibre electr\u00f2nic (ebook)"},"content":{"rendered":"\n<p class=\"has-medium-font-size\">A la Fundaci\u00f3 disposem d&#8217;un llibre electr\u00f2nic tamb\u00e9 coneguts com a ebooks de la marca ENERGY SISTEM, concretament tenim el model: <strong>energy ereader max<\/strong>:<\/p>\n\n\n<div class=\"wp-block-image\">\n<figure class=\"aligncenter size-full\"><img loading=\"lazy\" decoding=\"async\" width=\"589\" height=\"385\" src=\"https:\/\/nntt2.auria.org\/wp-content\/uploads\/2024\/04\/ebook.jpg\" alt=\"\" class=\"wp-image-3986\" srcset=\"https:\/\/nntt2.auria.org\/wp-content\/uploads\/2024\/04\/ebook.jpg 589w, https:\/\/nntt2.auria.org\/wp-content\/uploads\/2024\/04\/ebook-300x196.jpg 300w\" sizes=\"auto, (max-width: 589px) 100vw, 589px\" \/><\/figure>\n<\/div>\n\n\n<p class=\"has-medium-font-size\">Aquest dipositiu de 6&#8243; \u00e9s perfecte per llegir llibres, contes o relats de forma molt c\u00f2mode ja que la tinta electr\u00f2nica i la seva pantalla antireflexant fan que se senti com si s&#8217;est\u00e9s llegint en paper. A m\u00e9s a m\u00e9s permet emmagatzemar molts llibres dins.<\/p>\n\n\n\n<p class=\"has-medium-font-size\">\u00c9s molt c\u00f2mode per qu\u00e8 pesa molt poc, permet ajustar el tamany de la lletra i no cal estar aguantant les p\u00e0gines per tal que no es tanquin, aix\u00f2 fa que es pugui llegir c\u00f2modament amb una sola m\u00e0.<\/p>\n\n\n\n<p class=\"has-medium-font-size\">En motiu de la diada de Sant Jordi 2024 des del programa de noves tecnologies hem dut a terme un concurs de microrelats entre els diferents grups de l&#8217;entitat i entregarem aquest ebook al grup del microrelat guanyador. Esperem que el gaudeixin i que li treguin molt de suc.<\/p>\n\n\n\n<p class=\"has-medium-font-size\">Cartell de concurs:<\/p>\n\n\n<div class=\"wp-block-image\">\n<figure class=\"aligncenter size-full\"><img loading=\"lazy\" decoding=\"async\" width=\"566\" height=\"801\" src=\"https:\/\/nntt2.auria.org\/wp-content\/uploads\/2024\/04\/image-2.png\" alt=\"\" class=\"wp-image-3958\" srcset=\"https:\/\/nntt2.auria.org\/wp-content\/uploads\/2024\/04\/image-2.png 566w, https:\/\/nntt2.auria.org\/wp-content\/uploads\/2024\/04\/image-2-212x300.png 212w\" sizes=\"auto, (max-width: 566px) 100vw, 566px\" \/><\/figure>\n<\/div>","protected":false},"excerpt":{"rendered":"<p>A la Fundaci\u00f3 disposem d&#8217;un llibre electr\u00f2nic tamb\u00e9 coneguts com a ebooks de la marca ENERGY SISTEM, concretament tenim el model: energy ereader max: Aquest dipositiu de 6&#8243; \u00e9s perfecte per llegir<a class=\"moretag\" href=\"https:\/\/nntt2.auria.org\/index.php\/llibre-electronic-ebook\/\">Read More&#8230;<\/a><\/p>\n","protected":false},"author":1,"featured_media":0,"parent":0,"menu_order":0,"comment_status":"closed","ping_status":"closed","template":"","meta":{"footnotes":""},"class_list":["post-3994","page","type-page","status-publish","hentry"],"_links":{"self":[{"href":"https:\/\/nntt2.auria.org\/index.php\/wp-json\/wp\/v2\/pages\/3994","targetHints":{"allow":["GET"]}}],"collection":[{"href":"https:\/\/nntt2.auria.org\/index.php\/wp-json\/wp\/v2\/pages"}],"about":[{"href":"https:\/\/nntt2.auria.org\/index.php\/wp-json\/wp\/v2\/types\/page"}],"author":[{"embeddable":true,"href":"https:\/\/nntt2.auria.org\/index.php\/wp-json\/wp\/v2\/users\/1"}],"replies":[{"embeddable":true,"href":"https:\/\/nntt2.auria.org\/index.php\/wp-json\/wp\/v2\/comments?post=3994"}],"version-history":[{"count":1,"href":"https:\/\/nntt2.auria.org\/index.php\/wp-json\/wp\/v2\/pages\/3994\/revisions"}],"predecessor-version":[{"id":3995,"href":"https:\/\/nntt2.auria.org\/index.php\/wp-json\/wp\/v2\/pages\/3994\/revisions\/3995"}],"wp:attachment":[{"href":"https:\/\/nntt2.auria.org\/index.php\/wp-json\/wp\/v2\/media?parent=3994"}],"curies":[{"name":"wp","href":"https:\/\/api.w.org\/{rel}","templated":true}]}}