{"id":3974,"date":"2024-04-16T12:46:22","date_gmt":"2024-04-16T11:46:22","guid":{"rendered":"https:\/\/nntt.auria.org\/?page_id=3974"},"modified":"2024-04-16T12:46:22","modified_gmt":"2024-04-16T11:46:22","slug":"osmo-genius-kit","status":"publish","type":"page","link":"https:\/\/nntt2.auria.org\/index.php\/osmo-genius-kit\/","title":{"rendered":"OSMO Genius Kit"},"content":{"rendered":"\n<p class=\"has-medium-font-size\">Aquesta setmana incorporem material nou per a iPad.<\/p>\n\n\n\n<p class=\"has-medium-font-size\">Es tracta del Kit <strong>OSMO Genius<\/strong><\/p>\n\n\n<div class=\"wp-block-image\">\n<figure class=\"aligncenter size-large\"><img loading=\"lazy\" decoding=\"async\" width=\"1024\" height=\"767\" src=\"https:\/\/nntt2.auria.org\/wp-content\/uploads\/2024\/04\/osmoGenius-1024x767.jpg\" alt=\"\" class=\"wp-image-3972\" srcset=\"https:\/\/nntt2.auria.org\/wp-content\/uploads\/2024\/04\/osmoGenius-1024x767.jpg 1024w, https:\/\/nntt2.auria.org\/wp-content\/uploads\/2024\/04\/osmoGenius-600x450.jpg 600w, https:\/\/nntt2.auria.org\/wp-content\/uploads\/2024\/04\/osmoGenius-300x225.jpg 300w, https:\/\/nntt2.auria.org\/wp-content\/uploads\/2024\/04\/osmoGenius-768x575.jpg 768w, https:\/\/nntt2.auria.org\/wp-content\/uploads\/2024\/04\/osmoGenius.jpg 1260w\" sizes=\"auto, (max-width: 1024px) 100vw, 1024px\" \/><\/figure>\n<\/div>\n\n\n<p>OSMO \u00e9s una empresa que ha creat diferents activitats per a iPad que barregen el m\u00f3n digital i el m\u00f3n real.<\/p>\n\n\n\n<p>Gr\u00e0cies a un aparell que coloquem a la c\u00e0mera del nostre iPad i als diferents materials f\u00edsics que incorpora el Kit podrem intereaccionar amb la tauleta sense necessitat de tocar la pantalla, s\u00edmplement col\u00b7locant les fitxes o figuretes sobre la taula.<\/p>\n\n\n\n<p>Existeixen diferents Kits, en el nostre cas disposem del Kit anomenat GENIUS amb el qual podrem treballar amb el TANGRAM, practicar matem\u00e0tiques, treballar lectoescriptura, practicar dibuix i fins i tot treballar conceptes f\u00edsics mentre juguem:<\/p>\n\n\n\n<p><\/p>\n\n\n\n<p><strong>Tangram<\/strong><br>El joc de Tangram ha existit durant milers d&#8217;anys. Osme reinventa el joc cl\u00e0ssic amb un joc interactiu amb contingut visual, m\u00faltiples nivells de dificultat, \u00e8xits i molt m\u00e9s. Amb m\u00e9s de 500 puzles per solucionar, organitza les peces del puzle davant de l&#8217;iPad per fer la figura que apareix a la pantalla.<\/p>\n\n\n\n<p><\/p>\n\n\n<div class=\"wp-block-image\">\n<figure class=\"aligncenter size-full\"><img loading=\"lazy\" decoding=\"async\" width=\"623\" height=\"347\" src=\"https:\/\/nntt2.auria.org\/wp-content\/uploads\/2024\/04\/image-5.png\" alt=\"\" class=\"wp-image-3975\" srcset=\"https:\/\/nntt2.auria.org\/wp-content\/uploads\/2024\/04\/image-5.png 623w, https:\/\/nntt2.auria.org\/wp-content\/uploads\/2024\/04\/image-5-600x334.png 600w, https:\/\/nntt2.auria.org\/wp-content\/uploads\/2024\/04\/image-5-300x167.png 300w\" sizes=\"auto, (max-width: 623px) 100vw, 623px\" \/><\/figure>\n<\/div>\n\n\n<p><strong>Words<\/strong><br>Sigues el primer a endevinar i lletrejar la paraula misteriosa que apareix a la pantalla. Words \u00e9s divertit per jugar sol, per\u00f2 a m\u00e9s inclou maneres de jugar amb amics i fam\u00edlia. Treballa en equip per completar cada nivell.<\/p>\n\n\n<div class=\"wp-block-image\">\n<figure class=\"aligncenter size-full\"><img loading=\"lazy\" decoding=\"async\" width=\"623\" height=\"341\" src=\"https:\/\/nntt2.auria.org\/wp-content\/uploads\/2024\/04\/image-6.png\" alt=\"\" class=\"wp-image-3976\" srcset=\"https:\/\/nntt2.auria.org\/wp-content\/uploads\/2024\/04\/image-6.png 623w, https:\/\/nntt2.auria.org\/wp-content\/uploads\/2024\/04\/image-6-600x328.png 600w, https:\/\/nntt2.auria.org\/wp-content\/uploads\/2024\/04\/image-6-300x164.png 300w\" sizes=\"auto, (max-width: 623px) 100vw, 623px\" \/><\/figure>\n<\/div>\n\n\n<p><strong>Numbers<\/strong><br>Converteix les matem\u00e0tiques en una mica m\u00e9s creatiu amb Numbers! Organitza fitxes de punts o d\u00edgits per crear solucions i passar a altres nivells. Suma afegint fitxes, resta traient fitxes i multiplica connectant diferents fitxes.<\/p>\n\n\n<div class=\"wp-block-image\">\n<figure class=\"aligncenter size-full\"><img loading=\"lazy\" decoding=\"async\" width=\"623\" height=\"346\" src=\"https:\/\/nntt2.auria.org\/wp-content\/uploads\/2024\/04\/image-7.png\" alt=\"\" class=\"wp-image-3977\" srcset=\"https:\/\/nntt2.auria.org\/wp-content\/uploads\/2024\/04\/image-7.png 623w, https:\/\/nntt2.auria.org\/wp-content\/uploads\/2024\/04\/image-7-600x333.png 600w, https:\/\/nntt2.auria.org\/wp-content\/uploads\/2024\/04\/image-7-300x167.png 300w\" sizes=\"auto, (max-width: 623px) 100vw, 623px\" \/><\/figure>\n<\/div>\n\n\n<p><strong>Masterpiece<\/strong><br>Ajuda&#8217;ls a treure la seva m\u00e0xima creativitat. Selecciona una foto de la c\u00e0mera, de la galeria d&#8217;imatges o de la web, i Masterpiece la transformar\u00e0 en tra\u00e7os b\u00e0sics que l&#8217;ajudaran a dibuixar-la com un aut\u00e8ntic mestre, ia m\u00e9s podr\u00e0s compartir un v\u00eddeo en time-lapse de la teva creaci\u00f3 amb els teus familiars i amics perqu\u00e8 vegin l?artista que tens a casa.<\/p>\n\n\n<div class=\"wp-block-image\">\n<figure class=\"aligncenter size-full\"><img loading=\"lazy\" decoding=\"async\" width=\"623\" height=\"398\" src=\"https:\/\/nntt2.auria.org\/wp-content\/uploads\/2024\/04\/image-8.png\" alt=\"\" class=\"wp-image-3978\" srcset=\"https:\/\/nntt2.auria.org\/wp-content\/uploads\/2024\/04\/image-8.png 623w, https:\/\/nntt2.auria.org\/wp-content\/uploads\/2024\/04\/image-8-600x383.png 600w, https:\/\/nntt2.auria.org\/wp-content\/uploads\/2024\/04\/image-8-300x192.png 300w\" sizes=\"auto, (max-width: 623px) 100vw, 623px\" \/><\/figure>\n<\/div>\n\n\n<p><strong>Com funciona?<\/strong><br>Per iniciar la teva aventura amb Osmo, descarrega les aplicacions gratu\u00eftes a Apple Store. Despr\u00e9s posiciona el teu iPad sobre la base que inclou el kit i el sensor vermell sobre la c\u00e0mera frontal. Osme pot percebre a trav\u00e9s del sensor que hi ha davant seu i estar\u00e0 preparat per jugar<\/p>\n\n\n<div class=\"wp-block-image\">\n<figure class=\"aligncenter size-full\"><img loading=\"lazy\" decoding=\"async\" width=\"623\" height=\"326\" src=\"https:\/\/nntt2.auria.org\/wp-content\/uploads\/2024\/04\/image-9.png\" alt=\"\" class=\"wp-image-3979\" srcset=\"https:\/\/nntt2.auria.org\/wp-content\/uploads\/2024\/04\/image-9.png 623w, https:\/\/nntt2.auria.org\/wp-content\/uploads\/2024\/04\/image-9-600x314.png 600w, https:\/\/nntt2.auria.org\/wp-content\/uploads\/2024\/04\/image-9-300x157.png 300w\" sizes=\"auto, (max-width: 623px) 100vw, 623px\" \/><\/figure>\n<\/div>\n\n\n<p><strong>Caracter\u00edstiques<\/strong><\/p>\n\n\n\n<p><br>Accessori educatiu amb kit de jocs i base per a iPad<br>Pots descarregar l&#8217;APP a l&#8217;Apple Store<br>Soluciona m\u00e9s de 500 puzles diferents d&#8217;animals, n\u00fameros i personatges amb Tangram<br>Puja de nivell esbrinant o lletrejant la paraula que apareix a la pantalla del teu iPad amb Words<br>Soluciona problemes matem\u00e0tics de manera creativa i divertida amb Numbers<br><\/p>\n\n\n\n<p>Inclou cinc apps gratu\u00eftes per jugar<br>    Tangram<br>    Newton<br>    Words<br>    Masterpiece<br>    Numbers<\/p>\n\n\n\n<p><br><strong>Especificacions t\u00e8cniques<\/strong><br><\/p>\n\n\n\n<p><strong>Dimensions<\/strong><br>Alt: 22cm<br>Amplada 13.9cm<br>Profunditat 12cm<br>Pes<br>99 g<\/p>\n\n\n\n<p><br><strong>Compatibilitat<\/strong><br>iPad mini 2 (o posterior)<br>iPad 5a gen. (o posterior)<br>iPad Air 1a \/ 2a \/ 3a gener.<br>iPad Pro 9,7&#8243;<br>iPad Pro 10,5&#8243;<\/p>\n\n\n\n<p><br><strong>Contingut de la caixa<\/strong><br>Base Osme per a iPad<br>Sensor<br>Peces de tangram<br>Peces de n\u00fameros<br>Peces de paraules<br>Emmagatzematge apilable<br>iPad no incl\u00f2s<br><\/p>\n","protected":false},"excerpt":{"rendered":"<p>Aquesta setmana incorporem material nou per a iPad. Es tracta del Kit OSMO Genius OSMO \u00e9s una empresa que ha creat diferents activitats per a iPad que barregen el m\u00f3n digital i<a class=\"moretag\" href=\"https:\/\/nntt2.auria.org\/index.php\/osmo-genius-kit\/\">Read More&#8230;<\/a><\/p>\n","protected":false},"author":1,"featured_media":0,"parent":0,"menu_order":0,"comment_status":"closed","ping_status":"closed","template":"","meta":{"footnotes":""},"class_list":["post-3974","page","type-page","status-publish","hentry"],"_links":{"self":[{"href":"https:\/\/nntt2.auria.org\/index.php\/wp-json\/wp\/v2\/pages\/3974","targetHints":{"allow":["GET"]}}],"collection":[{"href":"https:\/\/nntt2.auria.org\/index.php\/wp-json\/wp\/v2\/pages"}],"about":[{"href":"https:\/\/nntt2.auria.org\/index.php\/wp-json\/wp\/v2\/types\/page"}],"author":[{"embeddable":true,"href":"https:\/\/nntt2.auria.org\/index.php\/wp-json\/wp\/v2\/users\/1"}],"replies":[{"embeddable":true,"href":"https:\/\/nntt2.auria.org\/index.php\/wp-json\/wp\/v2\/comments?post=3974"}],"version-history":[{"count":1,"href":"https:\/\/nntt2.auria.org\/index.php\/wp-json\/wp\/v2\/pages\/3974\/revisions"}],"predecessor-version":[{"id":3980,"href":"https:\/\/nntt2.auria.org\/index.php\/wp-json\/wp\/v2\/pages\/3974\/revisions\/3980"}],"wp:attachment":[{"href":"https:\/\/nntt2.auria.org\/index.php\/wp-json\/wp\/v2\/media?parent=3974"}],"curies":[{"name":"wp","href":"https:\/\/api.w.org\/{rel}","templated":true}]}}