{"id":314,"date":"2020-06-09T08:17:12","date_gmt":"2020-06-09T08:17:12","guid":{"rendered":"https:\/\/nntt.auria.org\/?page_id=314"},"modified":"2020-07-01T16:40:59","modified_gmt":"2020-07-01T16:40:59","slug":"pong-2","status":"publish","type":"page","link":"https:\/\/nntt2.auria.org\/index.php\/recursos\/jocs\/pong-2\/","title":{"rendered":"Pong"},"content":{"rendered":"\n<div class=\"wp-block-media-text alignwide is-stacked-on-mobile is-vertically-aligned-top\" style=\"grid-template-columns:40% auto\"><figure class=\"wp-block-media-text__media\"><a href=\"https:\/\/scratch.mit.edu\/projects\/283106036\/\"><img loading=\"lazy\" decoding=\"async\" width=\"480\" height=\"360\" src=\"https:\/\/nntt2.auria.org\/wp-content\/uploads\/2020\/06\/pong.png\" alt=\"\" class=\"wp-image-509\" srcset=\"https:\/\/nntt2.auria.org\/wp-content\/uploads\/2020\/06\/pong.png 480w, https:\/\/nntt2.auria.org\/wp-content\/uploads\/2020\/06\/pong-300x225.png 300w\" sizes=\"auto, (max-width: 480px) 100vw, 480px\" \/><\/a><\/figure><div class=\"wp-block-media-text__content\">\n<p>El joc \u00e9s una versi\u00f3 del cl\u00e0ssic\u00a0<em>Pong!<\/em>, pensada\u00a0per a dos jugadors.<\/p>\n\n\n\n<p>El jugador pot controlar la seva barra mitjan\u00e7ant el teclat o els&nbsp;switch&nbsp;de dos botons.<\/p>\n\n\n\n<p>Per&nbsp;altra banda&nbsp;en les dues cantonades superiors, per incrementar una mica la compet\u00e8ncia entre usuaris, trobem la puntuaci\u00f3 total de la partida de cadascun.<\/p>\n<\/div><\/div>\n\n\n\n<div style=\"height:30px\" aria-hidden=\"true\" class=\"wp-block-spacer\"><\/div>\n\n\n\n<p class=\"has-normal-font-size\">Principalment treballa la motricitat fina i la coordinaci\u00f3 en els despla\u00e7aments verticals, \u00e9s a dir, discernir entre amunt i avall i la\u00a0coordinaci\u00f3 espai-temps. Per fer-ho s&#8217;ha decidit que el <strong><em>jugador 1<\/em><\/strong> interaccionar\u00e0 amb la barra mitjan\u00e7ant les tecles <strong><em>Q <\/em><\/strong>per moure la barra cap a dalt i <strong><em>A<\/em><\/strong> cap avall. El<strong><em> jugador 2<\/em><\/strong> ho far\u00e0 mitjan\u00e7ant les tecles<strong><em> O<\/em><\/strong> i<strong><em> L<\/em><\/strong> seguint la l\u00f2gica anterior. Tamb\u00e9 es poden configurar els\u00a0switch\u00a0i jugar amb ells de forma vertical.<\/p>\n\n\n\n<div class=\"wp-block-columns is-layout-flex wp-container-core-columns-is-layout-9d6595d7 wp-block-columns-is-layout-flex\">\n<div class=\"wp-block-column is-layout-flow wp-block-column-is-layout-flow\">\n<div class=\"wp-block-image\"><figure class=\"alignright is-resized\"><img loading=\"lazy\" decoding=\"async\" src=\"https:\/\/nntt2.auria.org\/wp-content\/uploads\/2020\/06\/teclat_pong.png\" alt=\"Aquesta imatge t\u00e9 l'atribut alt buit; el seu nom \u00e9s teclat_pong.png\" width=\"492\" height=\"166\"\/><\/figure><\/div>\n<\/div>\n\n\n\n<div class=\"wp-block-column is-layout-flow wp-block-column-is-layout-flow\">\n<figure class=\"wp-block-image\"><img decoding=\"async\" src=\"https:\/\/nntt2.auria.org\/wp-content\/uploads\/2020\/06\/switch-e1591893893902.jpg\" alt=\"Aquesta imatge t\u00e9 l'atribut alt buit; el seu nom \u00e9s switch-e1591893893902.jpg\"\/><\/figure>\n<\/div>\n<\/div>\n\n\n\n<p class=\"has-normal-font-size\">Recordeu, per comen\u00e7ar a jugar heu\u00a0de fer clic a la bandera verda  ( <img loading=\"lazy\" decoding=\"async\" width=\"17\" height=\"18\" class=\"wp-image-484\" style=\"width: 17px;\" src=\"https:\/\/nntt2.auria.org\/wp-content\/uploads\/2020\/06\/green_flag.png\" alt=\"\">)<\/p>\n\n\n\n<figure><iframe loading=\"lazy\" src=\"https:\/\/jamesbmadden.github.io\/scratch-silicon\/#283106036\" width=\"640px\" height=\"480px\" allowfullscreen=\"\"><\/iframe><\/figure>\n","protected":false},"excerpt":{"rendered":"<p>El joc \u00e9s una versi\u00f3 del cl\u00e0ssic\u00a0Pong!, pensada\u00a0per a dos jugadors. El jugador pot controlar la seva barra mitjan\u00e7ant el teclat o els&nbsp;switch&nbsp;de dos botons. Per&nbsp;altra banda&nbsp;en les dues cantonades superiors, per<a class=\"moretag\" href=\"https:\/\/nntt2.auria.org\/index.php\/recursos\/jocs\/pong-2\/\">Read More&#8230;<\/a><\/p>\n","protected":false},"author":1,"featured_media":0,"parent":15,"menu_order":0,"comment_status":"closed","ping_status":"closed","template":"","meta":{"footnotes":""},"class_list":["post-314","page","type-page","status-publish","hentry"],"_links":{"self":[{"href":"https:\/\/nntt2.auria.org\/index.php\/wp-json\/wp\/v2\/pages\/314","targetHints":{"allow":["GET"]}}],"collection":[{"href":"https:\/\/nntt2.auria.org\/index.php\/wp-json\/wp\/v2\/pages"}],"about":[{"href":"https:\/\/nntt2.auria.org\/index.php\/wp-json\/wp\/v2\/types\/page"}],"author":[{"embeddable":true,"href":"https:\/\/nntt2.auria.org\/index.php\/wp-json\/wp\/v2\/users\/1"}],"replies":[{"embeddable":true,"href":"https:\/\/nntt2.auria.org\/index.php\/wp-json\/wp\/v2\/comments?post=314"}],"version-history":[{"count":5,"href":"https:\/\/nntt2.auria.org\/index.php\/wp-json\/wp\/v2\/pages\/314\/revisions"}],"predecessor-version":[{"id":617,"href":"https:\/\/nntt2.auria.org\/index.php\/wp-json\/wp\/v2\/pages\/314\/revisions\/617"}],"up":[{"embeddable":true,"href":"https:\/\/nntt2.auria.org\/index.php\/wp-json\/wp\/v2\/pages\/15"}],"wp:attachment":[{"href":"https:\/\/nntt2.auria.org\/index.php\/wp-json\/wp\/v2\/media?parent=314"}],"curies":[{"name":"wp","href":"https:\/\/api.w.org\/{rel}","templated":true}]}}