{"id":310,"date":"2020-06-09T08:14:53","date_gmt":"2020-06-09T08:14:53","guid":{"rendered":"https:\/\/nntt.auria.org\/?page_id=310"},"modified":"2020-07-01T16:52:12","modified_gmt":"2020-07-01T16:52:12","slug":"segueix-el-cami","status":"publish","type":"page","link":"https:\/\/nntt2.auria.org\/index.php\/recursos\/jocs\/segueix-el-cami\/","title":{"rendered":"Segueix el cam\u00ed"},"content":{"rendered":"\n<div class=\"wp-block-media-text alignwide is-stacked-on-mobile is-vertically-aligned-top\" style=\"grid-template-columns:41% auto\"><figure class=\"wp-block-media-text__media\"><a href=\"https:\/\/scratch.mit.edu\/projects\/244961768\/\"><img loading=\"lazy\" decoding=\"async\" width=\"480\" height=\"360\" src=\"https:\/\/nntt2.auria.org\/wp-content\/uploads\/2020\/06\/segueix.png\" alt=\"\" class=\"wp-image-515\" srcset=\"https:\/\/nntt2.auria.org\/wp-content\/uploads\/2020\/06\/segueix.png 480w, https:\/\/nntt2.auria.org\/wp-content\/uploads\/2020\/06\/segueix-300x225.png 300w\" sizes=\"auto, (max-width: 480px) 100vw, 480px\" \/><\/a><\/figure><div class=\"wp-block-media-text__content\">\n<p>El joc consisteix en&nbsp;rec\u00f3rrer&nbsp;i superar els diferents nivells que el jugador anir\u00e0 trobant, la dificultat anir\u00e0 augmentant a mesura que passa nivells.<\/p>\n\n\n\n<p>El disseny d&#8217;aquest joc contempla un nombre limitat de vides quan es toca la l\u00ednia vermella el personatge retorna a la posici\u00f3 inicial i en perd una, l&#8217;objectiu \u00e9s evitar que surtin dels l\u00edmits del laberint.<\/p>\n<\/div><\/div>\n\n\n\n<div style=\"height:30px\" aria-hidden=\"true\" class=\"wp-block-spacer\"><\/div>\n\n\n\n<p class=\"has-normal-font-size\">L&#8217;objectiu que vol treballar\u00a0aquest joc\u00a0\u00e9s la interioritzaci\u00f3 de les direccions de les fletxes del teclat. Aprendre a despla\u00e7ar-se per l&#8217;espai mitjan\u00e7ant aquesta tecnologia\/t\u00e8cnica.<\/p>\n\n\n\n<div class=\"wp-block-image\"><figure class=\"aligncenter size-large is-resized\"><img loading=\"lazy\" decoding=\"async\" src=\"https:\/\/nntt2.auria.org\/wp-content\/uploads\/2020\/06\/all_arrow.jpg\" alt=\"\" class=\"wp-image-388\" width=\"174\" height=\"174\" srcset=\"https:\/\/nntt2.auria.org\/wp-content\/uploads\/2020\/06\/all_arrow.jpg 347w, https:\/\/nntt2.auria.org\/wp-content\/uploads\/2020\/06\/all_arrow-300x300.jpg 300w, https:\/\/nntt2.auria.org\/wp-content\/uploads\/2020\/06\/all_arrow-100x100.jpg 100w, https:\/\/nntt2.auria.org\/wp-content\/uploads\/2020\/06\/all_arrow-150x150.jpg 150w\" sizes=\"auto, (max-width: 174px) 100vw, 174px\" \/><\/figure><\/div>\n\n\n\n<p class=\"has-normal-font-size\">Una altra\u00a0de les habilitats que treballa \u00e9s la coordinaci\u00f3 entre la pantalla i el perif\u00e8ric utilitzat, teclat,\u00a0switcher\u00a0o\u00a0makey-makey.<\/p>\n\n\n\n<p class=\"has-normal-font-size\">Recordeu, per comen\u00e7ar a jugar heu\u00a0de fer clic a la bandera verda  ( <img loading=\"lazy\" decoding=\"async\" width=\"17\" height=\"18\" class=\"wp-image-484\" style=\"width: 17px;\" src=\"https:\/\/nntt2.auria.org\/wp-content\/uploads\/2020\/06\/green_flag.png\" alt=\"\">)<\/p>\n\n\n\n<iframe loading=\"lazy\" src=\"https:\/\/jamesbmadden.github.io\/scratch-silicon\/#244961768\" width=\"640px\" height=\"480px\" allowFullscreen scrolling=\"no\" allowtransparency=\"true\" frameborder=\"0\"><\/iframe>\n\n\n\n<p><\/p>\n","protected":false},"excerpt":{"rendered":"<p>El joc consisteix en&nbsp;rec\u00f3rrer&nbsp;i superar els diferents nivells que el jugador anir\u00e0 trobant, la dificultat anir\u00e0 augmentant a mesura que passa nivells. El disseny d&#8217;aquest joc contempla un nombre limitat de vides<a class=\"moretag\" href=\"https:\/\/nntt2.auria.org\/index.php\/recursos\/jocs\/segueix-el-cami\/\">Read More&#8230;<\/a><\/p>\n","protected":false},"author":1,"featured_media":0,"parent":15,"menu_order":0,"comment_status":"closed","ping_status":"closed","template":"","meta":{"footnotes":""},"class_list":["post-310","page","type-page","status-publish","hentry"],"_links":{"self":[{"href":"https:\/\/nntt2.auria.org\/index.php\/wp-json\/wp\/v2\/pages\/310","targetHints":{"allow":["GET"]}}],"collection":[{"href":"https:\/\/nntt2.auria.org\/index.php\/wp-json\/wp\/v2\/pages"}],"about":[{"href":"https:\/\/nntt2.auria.org\/index.php\/wp-json\/wp\/v2\/types\/page"}],"author":[{"embeddable":true,"href":"https:\/\/nntt2.auria.org\/index.php\/wp-json\/wp\/v2\/users\/1"}],"replies":[{"embeddable":true,"href":"https:\/\/nntt2.auria.org\/index.php\/wp-json\/wp\/v2\/comments?post=310"}],"version-history":[{"count":6,"href":"https:\/\/nntt2.auria.org\/index.php\/wp-json\/wp\/v2\/pages\/310\/revisions"}],"predecessor-version":[{"id":622,"href":"https:\/\/nntt2.auria.org\/index.php\/wp-json\/wp\/v2\/pages\/310\/revisions\/622"}],"up":[{"embeddable":true,"href":"https:\/\/nntt2.auria.org\/index.php\/wp-json\/wp\/v2\/pages\/15"}],"wp:attachment":[{"href":"https:\/\/nntt2.auria.org\/index.php\/wp-json\/wp\/v2\/media?parent=310"}],"curies":[{"name":"wp","href":"https:\/\/api.w.org\/{rel}","templated":true}]}}