{"id":304,"date":"2020-06-09T08:10:49","date_gmt":"2020-06-09T08:10:49","guid":{"rendered":"https:\/\/nntt.auria.org\/?page_id=304"},"modified":"2020-07-01T16:29:31","modified_gmt":"2020-07-01T16:29:31","slug":"crazy-frog","status":"publish","type":"page","link":"https:\/\/nntt2.auria.org\/index.php\/recursos\/jocs\/crazy-frog\/","title":{"rendered":"Crazy Frog"},"content":{"rendered":"\n<div class=\"wp-block-media-text alignwide is-stacked-on-mobile is-vertically-aligned-top\" style=\"grid-template-columns:40% auto\"><figure class=\"wp-block-media-text__media\"><a href=\"https:\/\/scratch.mit.edu\/projects\/295848907\/\"><img loading=\"lazy\" decoding=\"async\" width=\"480\" height=\"360\" src=\"https:\/\/nntt2.auria.org\/wp-content\/uploads\/2020\/06\/crazy_frog.png\" alt=\"\" class=\"wp-image-512\" srcset=\"https:\/\/nntt2.auria.org\/wp-content\/uploads\/2020\/06\/crazy_frog.png 480w, https:\/\/nntt2.auria.org\/wp-content\/uploads\/2020\/06\/crazy_frog-300x225.png 300w\" sizes=\"auto, (max-width: 480px) 100vw, 480px\" \/><\/a><\/figure><div class=\"wp-block-media-text__content\">\n<p>El joc consisteix&nbsp;en el fet que&nbsp;la granota esquivi els cotxes que apareixen en el seu cam\u00ed a buscar la poma.<\/p>\n\n\n\n<p>El jugador pot controlar la granota mitjan\u00e7ant el teclat o els&nbsp;switch&nbsp;de dos botons.<\/p>\n\n\n\n<p>Per tal de proporcionar-li un al\u00b7licient s&#8217;han implementat tres dificultats diferents les quals les pot seleccionar el professional mitjan\u00e7ant el ratol\u00ed.<\/p>\n<\/div><\/div>\n\n\n\n<div style=\"height:30px\" aria-hidden=\"true\" class=\"wp-block-spacer\"><\/div>\n\n\n\n<p>Per&nbsp;altra banda&nbsp;a les dues cantonades de l&#8217;esquerra, per incrementar una mica la compet\u00e8ncia entre usuaris, trobem la puntuaci\u00f3 total de la partida i les vides restants, superior i inferior respectivament. Per sumar punts s&#8217;ha d&#8217;agafar la poma i tornar al lloc d&#8217;inici d&#8217;aquesta manera s&#8217;aconsegueix un punt.<\/p>\n\n\n\n<p>Principalment treballa la motricitat fina i la coordinaci\u00f3 en&nbsp;els despla\u00e7aments&nbsp;verticals, \u00e9s a dir, discernir entre amunt i avall. Per tant ho farem amb les fletxes amunt i avall del teclat o amb el&nbsp;switch&nbsp;orientat de forma vertical.<\/p>\n\n\n\n<div class=\"wp-block-columns is-layout-flex wp-container-core-columns-is-layout-9d6595d7 wp-block-columns-is-layout-flex\">\n<div class=\"wp-block-column is-layout-flow wp-block-column-is-layout-flow\">\n<div class=\"wp-block-image\"><figure class=\"alignright size-large is-resized\"><img loading=\"lazy\" decoding=\"async\" src=\"https:\/\/nntt2.auria.org\/wp-content\/uploads\/2020\/06\/up_down.jpg\" alt=\"\" class=\"wp-image-369\" width=\"191\" height=\"191\" srcset=\"https:\/\/nntt2.auria.org\/wp-content\/uploads\/2020\/06\/up_down.jpg 254w, https:\/\/nntt2.auria.org\/wp-content\/uploads\/2020\/06\/up_down-100x100.jpg 100w, https:\/\/nntt2.auria.org\/wp-content\/uploads\/2020\/06\/up_down-150x150.jpg 150w\" sizes=\"auto, (max-width: 191px) 100vw, 191px\" \/><\/figure><\/div>\n<\/div>\n\n\n\n<div class=\"wp-block-column is-layout-flow wp-block-column-is-layout-flow\">\n<figure class=\"wp-block-image size-large is-resized\"><img loading=\"lazy\" decoding=\"async\" src=\"https:\/\/nntt2.auria.org\/wp-content\/uploads\/2020\/06\/switch-e1591893893902.jpg\" alt=\"\" class=\"wp-image-368\" width=\"188\" height=\"188\" srcset=\"https:\/\/nntt2.auria.org\/wp-content\/uploads\/2020\/06\/switch-e1591893893902.jpg 250w, https:\/\/nntt2.auria.org\/wp-content\/uploads\/2020\/06\/switch-e1591893893902-100x100.jpg 100w, https:\/\/nntt2.auria.org\/wp-content\/uploads\/2020\/06\/switch-e1591893893902-150x150.jpg 150w\" sizes=\"auto, (max-width: 188px) 100vw, 188px\" \/><\/figure>\n<\/div>\n<\/div>\n\n\n\n<p class=\"has-normal-font-size\">Una altra\u00a0de les habilitats que treballa \u00e9s la coordinaci\u00f3 entre la pantalla i el perif\u00e8ric utilitzat, teclat,\u00a0switcher\u00a0o\u00a0makey-makey.<\/p>\n\n\n\n<p class=\"has-normal-font-size\">Recordeu, per comen\u00e7ar a jugar heu\u00a0de fer clic a la bandera verda  ( <img loading=\"lazy\" decoding=\"async\" width=\"17\" height=\"18\" class=\"wp-image-484\" style=\"width: 17px;\" src=\"https:\/\/nntt2.auria.org\/wp-content\/uploads\/2020\/06\/green_flag.png\" alt=\"\">)<\/p>\n\n\n\n<iframe loading=\"lazy\" src=\"https:\/\/jamesbmadden.github.io\/scratch-silicon\/#295848907\" width=\"640px\" height=\"480px\" allowfullscreen=\"\" scrolling=\"no\" allowtransparency=\"true\" frameborder=\"0\"><\/iframe>\n","protected":false},"excerpt":{"rendered":"<p>El joc consisteix&nbsp;en el fet que&nbsp;la granota esquivi els cotxes que apareixen en el seu cam\u00ed a buscar la poma. El jugador pot controlar la granota mitjan\u00e7ant el teclat o els&nbsp;switch&nbsp;de dos<a class=\"moretag\" href=\"https:\/\/nntt2.auria.org\/index.php\/recursos\/jocs\/crazy-frog\/\">Read More&#8230;<\/a><\/p>\n","protected":false},"author":1,"featured_media":0,"parent":15,"menu_order":0,"comment_status":"closed","ping_status":"closed","template":"","meta":{"footnotes":""},"class_list":["post-304","page","type-page","status-publish","hentry"],"_links":{"self":[{"href":"https:\/\/nntt2.auria.org\/index.php\/wp-json\/wp\/v2\/pages\/304","targetHints":{"allow":["GET"]}}],"collection":[{"href":"https:\/\/nntt2.auria.org\/index.php\/wp-json\/wp\/v2\/pages"}],"about":[{"href":"https:\/\/nntt2.auria.org\/index.php\/wp-json\/wp\/v2\/types\/page"}],"author":[{"embeddable":true,"href":"https:\/\/nntt2.auria.org\/index.php\/wp-json\/wp\/v2\/users\/1"}],"replies":[{"embeddable":true,"href":"https:\/\/nntt2.auria.org\/index.php\/wp-json\/wp\/v2\/comments?post=304"}],"version-history":[{"count":10,"href":"https:\/\/nntt2.auria.org\/index.php\/wp-json\/wp\/v2\/pages\/304\/revisions"}],"predecessor-version":[{"id":608,"href":"https:\/\/nntt2.auria.org\/index.php\/wp-json\/wp\/v2\/pages\/304\/revisions\/608"}],"up":[{"embeddable":true,"href":"https:\/\/nntt2.auria.org\/index.php\/wp-json\/wp\/v2\/pages\/15"}],"wp:attachment":[{"href":"https:\/\/nntt2.auria.org\/index.php\/wp-json\/wp\/v2\/media?parent=304"}],"curies":[{"name":"wp","href":"https:\/\/api.w.org\/{rel}","templated":true}]}}