{"id":3002,"date":"2022-07-26T14:29:41","date_gmt":"2022-07-26T13:29:41","guid":{"rendered":"https:\/\/nntt.auria.org\/?page_id=3002"},"modified":"2022-07-26T14:29:41","modified_gmt":"2022-07-26T13:29:41","slug":"impressora-3d-creality-ender-6","status":"publish","type":"page","link":"https:\/\/nntt2.auria.org\/index.php\/impressora-3d-creality-ender-6\/","title":{"rendered":"Impressora 3D Creality Ender 6"},"content":{"rendered":"\n<div class=\"wp-block-image\"><figure class=\"aligncenter size-large is-resized\"><img loading=\"lazy\" decoding=\"async\" src=\"https:\/\/nntt2.auria.org\/wp-content\/uploads\/2022\/07\/creality-ender-6-1-ud-339098-es-1.jpg\" alt=\"\" class=\"wp-image-3003\" width=\"492\" height=\"515\" srcset=\"https:\/\/nntt2.auria.org\/wp-content\/uploads\/2022\/07\/creality-ender-6-1-ud-339098-es-1.jpg 623w, https:\/\/nntt2.auria.org\/wp-content\/uploads\/2022\/07\/creality-ender-6-1-ud-339098-es-1-600x628.jpg 600w, https:\/\/nntt2.auria.org\/wp-content\/uploads\/2022\/07\/creality-ender-6-1-ud-339098-es-1-287x300.jpg 287w\" sizes=\"auto, (max-width: 492px) 100vw, 492px\" \/><\/figure><\/div>\n\n\n\n<p>Gr\u00e0cies a una subvenci\u00f3 de &#8220;La Caixa&#8221; aquest any vam poder adquirir una impressora 3D Creality Ender 6.<\/p>\n\n\n\n<p>Una fant\u00e0stica impressora 3D de filament amb estructura tancada.<\/p>\n\n\n\n<p>\u00c9s for\u00e7a silenciosa, els  controladors TMC2208 garantitzen un soroll sempre per sota dels 50 dB.<\/p>\n\n\n\n<p>\u00c9s espaiosa ja que t\u00e9 una area de treball real de 250 x 250 x 400 mm.<\/p>\n\n\n\n<p>\u00c9s r\u00e0pida, fins a un m\u00e0xim de 150 mm\/s i una precisi\u00f3 de +- 0.01 mm. Gr\u00e0cies a la seva estructura Core XY i als seus components d&#8217;alta qualitat.<\/p>\n\n\n\n<p>Una gran incorporaci\u00f3 de l&#8217;Ender 6 \u00e9s el sensor de filament, que us avisar\u00e0 si el material pateix un trencament, o si us quedeu sense material, pausant la impressi\u00f3, fins que la m\u00e0quina es carregui amb m\u00e9s filament.<\/p>\n\n\n\n<p>Aquesta millora evita la p\u00e8rdua d&#8217;impressions per esgotament de material.<\/p>\n\n\n\n<p><\/p>\n","protected":false},"excerpt":{"rendered":"<p>Gr\u00e0cies a una subvenci\u00f3 de &#8220;La Caixa&#8221; aquest any vam poder adquirir una impressora 3D Creality Ender 6. Una fant\u00e0stica impressora 3D de filament amb estructura tancada. \u00c9s for\u00e7a silenciosa, els controladors<a class=\"moretag\" href=\"https:\/\/nntt2.auria.org\/index.php\/impressora-3d-creality-ender-6\/\">Read More&#8230;<\/a><\/p>\n","protected":false},"author":1,"featured_media":0,"parent":0,"menu_order":0,"comment_status":"closed","ping_status":"closed","template":"","meta":{"footnotes":""},"class_list":["post-3002","page","type-page","status-publish","hentry"],"_links":{"self":[{"href":"https:\/\/nntt2.auria.org\/index.php\/wp-json\/wp\/v2\/pages\/3002","targetHints":{"allow":["GET"]}}],"collection":[{"href":"https:\/\/nntt2.auria.org\/index.php\/wp-json\/wp\/v2\/pages"}],"about":[{"href":"https:\/\/nntt2.auria.org\/index.php\/wp-json\/wp\/v2\/types\/page"}],"author":[{"embeddable":true,"href":"https:\/\/nntt2.auria.org\/index.php\/wp-json\/wp\/v2\/users\/1"}],"replies":[{"embeddable":true,"href":"https:\/\/nntt2.auria.org\/index.php\/wp-json\/wp\/v2\/comments?post=3002"}],"version-history":[{"count":1,"href":"https:\/\/nntt2.auria.org\/index.php\/wp-json\/wp\/v2\/pages\/3002\/revisions"}],"predecessor-version":[{"id":3005,"href":"https:\/\/nntt2.auria.org\/index.php\/wp-json\/wp\/v2\/pages\/3002\/revisions\/3005"}],"wp:attachment":[{"href":"https:\/\/nntt2.auria.org\/index.php\/wp-json\/wp\/v2\/media?parent=3002"}],"curies":[{"name":"wp","href":"https:\/\/api.w.org\/{rel}","templated":true}]}}