{"id":300,"date":"2020-06-09T08:05:28","date_gmt":"2020-06-09T08:05:28","guid":{"rendered":"https:\/\/nntt.auria.org\/?page_id=300"},"modified":"2020-07-01T16:35:09","modified_gmt":"2020-07-01T16:35:09","slug":"goal-2","status":"publish","type":"page","link":"https:\/\/nntt2.auria.org\/index.php\/recursos\/jocs\/goal-2\/","title":{"rendered":"Goal!"},"content":{"rendered":"\n<div class=\"wp-block-media-text alignwide is-stacked-on-mobile is-vertically-aligned-top\" style=\"grid-template-columns:40% auto\"><figure class=\"wp-block-media-text__media\"><a href=\"https:\/\/scratch.mit.edu\/projects\/285874841\/\"><img loading=\"lazy\" decoding=\"async\" width=\"480\" height=\"360\" src=\"https:\/\/nntt2.auria.org\/wp-content\/uploads\/2020\/06\/goal.png\" alt=\"\" class=\"wp-image-510\" srcset=\"https:\/\/nntt2.auria.org\/wp-content\/uploads\/2020\/06\/goal.png 480w, https:\/\/nntt2.auria.org\/wp-content\/uploads\/2020\/06\/goal-300x225.png 300w\" sizes=\"auto, (max-width: 480px) 100vw, 480px\" \/><\/a><\/figure><div class=\"wp-block-media-text__content\">\n<p>El joc consisteix&nbsp;a&nbsp;marcar gols i per fer-ho s&#8217;haur\u00e0 de polsar la tecla que correspon al n\u00famero visible en aquell moment.<\/p>\n\n\n\n<p>No hi ha cap problema si no s&#8217;encerta el nombre perqu\u00e8 aquest joc no contempla un sistema de vides.<\/p>\n\n\n\n<p>Per donar-li un al\u00b7licient extra al joc hem afegit diferents nivells. El primer nivell \u00e9s molt senzill i contempla&nbsp;els nombres&nbsp;de l&#8217;1&nbsp;al 6, el seg\u00fcent \u00e9s una mica m\u00e9s r\u00e0pid i contempla els nombres&nbsp;de l&#8217;1&nbsp;al 8.<\/p>\n<\/div><\/div>\n\n\n\n<p>El tercer i \u00faltim nivell t\u00e9 una velocitat bastant alta per tal de practicar m\u00e9s l&#8217;habilitat de mirar a la pantalla i no al teclat, intentar interioritzar\/memoritzar on&nbsp;s\u00f3n&nbsp;les tecles.<\/p>\n\n\n\n<p>Cada vegada que s&#8217;encerta una de les esferes aleshores el marcador s&#8217;incrementa en un, d&#8217;aquesta forma li donem una mica de competitivitat al joc.<\/p>\n\n\n\n<p>La idea principal \u00e9s la de treballar i recon\u00e8ixer els nombres, de la mateixa forma que entendre&nbsp;per a qu\u00e8&nbsp;funciona el&nbsp;NumPad. Per&nbsp;altra banda&nbsp;tamb\u00e9 treballem l&#8217;acci\u00f3-reacci\u00f3 mitjan\u00e7ant les noves tecnologies i en aquest cas introdu\u00efm el&nbsp;NumPad.<\/p>\n\n\n\n<div class=\"wp-block-image\"><figure class=\"aligncenter is-resized\"><img loading=\"lazy\" decoding=\"async\" src=\"https:\/\/nntt2.auria.org\/wp-content\/uploads\/2020\/06\/numpad.png\" alt=\"Aquesta imatge t\u00e9 l'atribut alt buit; el seu nom \u00e9s numpad.png\" width=\"249\" height=\"288\"\/><\/figure><\/div>\n\n\n\n<p class=\"has-normal-font-size\">Tamb\u00e9\u00a0es\u00a0podria utilitzar la filera de nombres que hi ha a l&#8217;altra part\u00a0d&#8217;un teclat\u00a0est\u00e0ndard. El\u00a0bloc s&#8217;ha eliminat o no est\u00e0 disponible.<\/p>\n\n\n\n<p class=\"has-normal-font-size\">Recordeu, per comen\u00e7ar a jugar heu\u00a0de fer clic a la bandera verda  ( <img loading=\"lazy\" decoding=\"async\" width=\"17\" height=\"18\" class=\"wp-image-484\" style=\"width: 17px;\" src=\"https:\/\/nntt2.auria.org\/wp-content\/uploads\/2020\/06\/green_flag.png\" alt=\"\">)<\/p>\n\n\n\n<figure><iframe loading=\"lazy\" src=\"https:\/\/jamesbmadden.github.io\/scratch-silicon\/#285874841\" width=\"640px\" height=\"480px\" allowfullscreen=\"\"><\/iframe><\/figure>\n","protected":false},"excerpt":{"rendered":"<p>El joc consisteix&nbsp;a&nbsp;marcar gols i per fer-ho s&#8217;haur\u00e0 de polsar la tecla que correspon al n\u00famero visible en aquell moment. No hi ha cap problema si no s&#8217;encerta el nombre perqu\u00e8 aquest<a class=\"moretag\" href=\"https:\/\/nntt2.auria.org\/index.php\/recursos\/jocs\/goal-2\/\">Read More&#8230;<\/a><\/p>\n","protected":false},"author":1,"featured_media":0,"parent":15,"menu_order":0,"comment_status":"closed","ping_status":"closed","template":"","meta":{"footnotes":""},"class_list":["post-300","page","type-page","status-publish","hentry"],"_links":{"self":[{"href":"https:\/\/nntt2.auria.org\/index.php\/wp-json\/wp\/v2\/pages\/300","targetHints":{"allow":["GET"]}}],"collection":[{"href":"https:\/\/nntt2.auria.org\/index.php\/wp-json\/wp\/v2\/pages"}],"about":[{"href":"https:\/\/nntt2.auria.org\/index.php\/wp-json\/wp\/v2\/types\/page"}],"author":[{"embeddable":true,"href":"https:\/\/nntt2.auria.org\/index.php\/wp-json\/wp\/v2\/users\/1"}],"replies":[{"embeddable":true,"href":"https:\/\/nntt2.auria.org\/index.php\/wp-json\/wp\/v2\/comments?post=300"}],"version-history":[{"count":8,"href":"https:\/\/nntt2.auria.org\/index.php\/wp-json\/wp\/v2\/pages\/300\/revisions"}],"predecessor-version":[{"id":612,"href":"https:\/\/nntt2.auria.org\/index.php\/wp-json\/wp\/v2\/pages\/300\/revisions\/612"}],"up":[{"embeddable":true,"href":"https:\/\/nntt2.auria.org\/index.php\/wp-json\/wp\/v2\/pages\/15"}],"wp:attachment":[{"href":"https:\/\/nntt2.auria.org\/index.php\/wp-json\/wp\/v2\/media?parent=300"}],"curies":[{"name":"wp","href":"https:\/\/api.w.org\/{rel}","templated":true}]}}