{"id":295,"date":"2020-06-09T08:02:17","date_gmt":"2020-06-09T08:02:17","guid":{"rendered":"https:\/\/nntt.auria.org\/?page_id=295"},"modified":"2020-07-01T16:32:30","modified_gmt":"2020-07-01T16:32:30","slug":"far-west","status":"publish","type":"page","link":"https:\/\/nntt2.auria.org\/index.php\/recursos\/jocs\/far-west\/","title":{"rendered":"Far West"},"content":{"rendered":"\n<div class=\"wp-block-media-text alignwide is-stacked-on-mobile\" style=\"grid-template-columns:40% auto\"><figure class=\"wp-block-media-text__media\"><a href=\"https:\/\/scratch.mit.edu\/projects\/293565074\/\"><img loading=\"lazy\" decoding=\"async\" width=\"480\" height=\"360\" src=\"https:\/\/nntt2.auria.org\/wp-content\/uploads\/2020\/06\/far_est.png\" alt=\"\" class=\"wp-image-513\" srcset=\"https:\/\/nntt2.auria.org\/wp-content\/uploads\/2020\/06\/far_est.png 480w, https:\/\/nntt2.auria.org\/wp-content\/uploads\/2020\/06\/far_est-300x225.png 300w\" sizes=\"auto, (max-width: 480px) 100vw, 480px\" \/><\/a><\/figure><div class=\"wp-block-media-text__content\">\n<p>El joc consisteix&nbsp;a&nbsp;alimentar els eri\u00e7ons i el tuc\u00e0&nbsp;per mitj\u00e0 de&nbsp;tirar pomes.<\/p>\n\n\n\n<p>Mitjan\u00e7ant la direcci\u00f3 de la fletxa central el jugador pot apuntar cap als diferents animals i llen\u00e7ar una poma, d&#8217;aquesta forma sumar\u00e0 un punt a la puntuaci\u00f3 total.<\/p>\n\n\n\n<p>Per tal de proporcionar-li un al\u00b7licient s&#8217;han implementat tres dificultats diferents les quals les pot seleccionar el professional mitjan\u00e7ant el ratol\u00ed.<\/p>\n<\/div><\/div>\n\n\n\n<p>Per&nbsp;altra banda&nbsp;a la cantonada inferior esquerra, per incrementar una mica la compet\u00e8ncia entre usuaris, trobem la puntuaci\u00f3 total de la partida. A&nbsp;difer\u00e8ncia&nbsp;d&#8217;altres jocs en aquest no hi ha un l\u00edmit de vides per tant el jugador pot experimentar i aprendre la din\u00e0mica i els conceptes a base de prova i error.<\/p>\n\n\n\n<p>Principalment treballa el concepte direcci\u00f3 i velocitat,&nbsp;\u00e9s&nbsp;a dir, l&#8217;espai-temps. Per tant ho farem amb la tecla espai o amb el&nbsp;switch&nbsp;orientat de forma vertical, utilitzant nom\u00e9s un dels polsadors.<\/p>\n\n\n\n<div class=\"wp-block-columns are-vertically-aligned-center is-layout-flex wp-container-core-columns-is-layout-9d6595d7 wp-block-columns-is-layout-flex\">\n<div class=\"wp-block-column is-vertically-aligned-center is-layout-flow wp-block-column-is-layout-flow\">\n<div class=\"wp-block-image\"><figure class=\"alignright size-large is-resized\"><img loading=\"lazy\" decoding=\"async\" src=\"https:\/\/nntt2.auria.org\/wp-content\/uploads\/2020\/06\/space.png\" alt=\"\" class=\"wp-image-379\" width=\"170\" height=\"68\"\/><\/figure><\/div>\n<\/div>\n\n\n\n<div class=\"wp-block-column is-vertically-aligned-center is-layout-flow wp-block-column-is-layout-flow\">\n<figure class=\"wp-block-image size-large is-resized\"><img loading=\"lazy\" decoding=\"async\" src=\"https:\/\/nntt2.auria.org\/wp-content\/uploads\/2020\/06\/switch-e1591893893902.jpg\" alt=\"\" class=\"wp-image-368\" width=\"188\" height=\"188\" srcset=\"https:\/\/nntt2.auria.org\/wp-content\/uploads\/2020\/06\/switch-e1591893893902.jpg 250w, https:\/\/nntt2.auria.org\/wp-content\/uploads\/2020\/06\/switch-e1591893893902-100x100.jpg 100w, https:\/\/nntt2.auria.org\/wp-content\/uploads\/2020\/06\/switch-e1591893893902-150x150.jpg 150w\" sizes=\"auto, (max-width: 188px) 100vw, 188px\" \/><\/figure>\n<\/div>\n<\/div>\n\n\n\n<p class=\"has-normal-font-size\">Una altra\u00a0de les habilitats que treballa \u00e9s la coordinaci\u00f3 entre la pantalla i el perif\u00e8ric utilitzat, teclat,\u00a0switcher\u00a0o\u00a0makey-makey.<\/p>\n\n\n\n<p class=\"has-normal-font-size\">Recordeu, per comen\u00e7ar a jugar heu\u00a0de fer clic a la bandera verda  ( <img loading=\"lazy\" decoding=\"async\" width=\"17\" height=\"18\" class=\"wp-image-484\" style=\"width: 17px;\" src=\"https:\/\/nntt2.auria.org\/wp-content\/uploads\/2020\/06\/green_flag.png\" alt=\"\">)<\/p>\n\n\n\n<iframe loading=\"lazy\" src=\"https:\/\/jamesbmadden.github.io\/scratch-silicon\/#293565074\" width=\"640px\" height=\"480px\" allowFullscreen scrolling=\"no\" allowtransparency=\"true\" frameborder=\"0\"><\/iframe>\n\n\n\n<p><\/p>\n","protected":false},"excerpt":{"rendered":"<p>El joc consisteix&nbsp;a&nbsp;alimentar els eri\u00e7ons i el tuc\u00e0&nbsp;per mitj\u00e0 de&nbsp;tirar pomes. Mitjan\u00e7ant la direcci\u00f3 de la fletxa central el jugador pot apuntar cap als diferents animals i llen\u00e7ar una poma, d&#8217;aquesta forma<a class=\"moretag\" href=\"https:\/\/nntt2.auria.org\/index.php\/recursos\/jocs\/far-west\/\">Read More&#8230;<\/a><\/p>\n","protected":false},"author":1,"featured_media":0,"parent":15,"menu_order":0,"comment_status":"closed","ping_status":"closed","template":"","meta":{"footnotes":""},"class_list":["post-295","page","type-page","status-publish","hentry"],"_links":{"self":[{"href":"https:\/\/nntt2.auria.org\/index.php\/wp-json\/wp\/v2\/pages\/295","targetHints":{"allow":["GET"]}}],"collection":[{"href":"https:\/\/nntt2.auria.org\/index.php\/wp-json\/wp\/v2\/pages"}],"about":[{"href":"https:\/\/nntt2.auria.org\/index.php\/wp-json\/wp\/v2\/types\/page"}],"author":[{"embeddable":true,"href":"https:\/\/nntt2.auria.org\/index.php\/wp-json\/wp\/v2\/users\/1"}],"replies":[{"embeddable":true,"href":"https:\/\/nntt2.auria.org\/index.php\/wp-json\/wp\/v2\/comments?post=295"}],"version-history":[{"count":6,"href":"https:\/\/nntt2.auria.org\/index.php\/wp-json\/wp\/v2\/pages\/295\/revisions"}],"predecessor-version":[{"id":610,"href":"https:\/\/nntt2.auria.org\/index.php\/wp-json\/wp\/v2\/pages\/295\/revisions\/610"}],"up":[{"embeddable":true,"href":"https:\/\/nntt2.auria.org\/index.php\/wp-json\/wp\/v2\/pages\/15"}],"wp:attachment":[{"href":"https:\/\/nntt2.auria.org\/index.php\/wp-json\/wp\/v2\/media?parent=295"}],"curies":[{"name":"wp","href":"https:\/\/api.w.org\/{rel}","templated":true}]}}