{"id":2724,"date":"2021-10-29T11:40:30","date_gmt":"2021-10-29T10:40:30","guid":{"rendered":"https:\/\/nntt.auria.org\/?page_id=2724"},"modified":"2021-10-29T11:42:23","modified_gmt":"2021-10-29T10:42:23","slug":"assitent-de-veu-alexa-echo-dot","status":"publish","type":"page","link":"https:\/\/nntt2.auria.org\/index.php\/assitent-de-veu-alexa-echo-dot\/","title":{"rendered":"Assitent de veu Alexa Echo Dot"},"content":{"rendered":"\n<p>A banda de l&#8217;Alexa Echo Show amb pantalla tamb\u00e9 disposem d&#8217;unes quantes Alexes Echo Dot, que podriem dir que \u00e9s el model m\u00e9s senzill d&#8217;Alexa per\u00f2 que funcionen molt b\u00e9.<\/p>\n\n\n\n<div class=\"wp-block-image\"><figure class=\"aligncenter size-large\"><img loading=\"lazy\" decoding=\"async\" width=\"800\" height=\"800\" src=\"https:\/\/nntt2.auria.org\/wp-content\/uploads\/2021\/10\/echo-dot-foto.jpg\" alt=\"\" class=\"wp-image-2725\" srcset=\"https:\/\/nntt2.auria.org\/wp-content\/uploads\/2021\/10\/echo-dot-foto.jpg 800w, https:\/\/nntt2.auria.org\/wp-content\/uploads\/2021\/10\/echo-dot-foto-300x300.jpg 300w, https:\/\/nntt2.auria.org\/wp-content\/uploads\/2021\/10\/echo-dot-foto-100x100.jpg 100w, https:\/\/nntt2.auria.org\/wp-content\/uploads\/2021\/10\/echo-dot-foto-600x600.jpg 600w, https:\/\/nntt2.auria.org\/wp-content\/uploads\/2021\/10\/echo-dot-foto-150x150.jpg 150w, https:\/\/nntt2.auria.org\/wp-content\/uploads\/2021\/10\/echo-dot-foto-768x768.jpg 768w\" sizes=\"auto, (max-width: 800px) 100vw, 800px\" \/><\/figure><\/div>\n\n\n\n<p>Disposa de 4 botons mec\u00e0nics: <\/p>\n\n\n\n<ol class=\"wp-block-list\"><li>el que t\u00e9 el signe (+) serveix per pujar el volum<\/li><li>el que t\u00e9 el signe (-) serveix per baixar el volum<\/li><li>el bot\u00f3 amb un puntet (\u00b7) es diu bot\u00f3 d&#8217;acci\u00f3 i \u00e9s l&#8217;equivalent a pronunciar la paraula d&#8217;activaci\u00f3. \u00c9s a dir que al pulsar-lo l&#8217;Alexa es posa en mode escolta per que li puguis demanar qualsevol cosa. Si el mantenim polsat una estona (uns 10 segons) for\u00e7arem que l&#8217;Alexa es passi a mode configuraci\u00f3.<\/li><li>finalment el bot\u00f3 amb una rodoneta tatxada amb una l&#8217;\u00ednia diagonal serveix per desactivar \/ activar el micr\u00f2fon de l&#8217;Alexa.<\/li><\/ol>\n\n\n\n<p><\/p>\n\n\n\n<p>A banda dels quatre botons mec\u00e0nics aquest model disposa d&#8217;una anella led molt xula i molt \u00fatil ja que a simple vista podrem saber si l&#8217;Alexa est\u00e0 escoltant la nostre ordre (ja que estar\u00e0 de color blau), si es troba fora de funcionament ja sigui per qu\u00e8 no t\u00e9 connexi\u00f3 o per que tens el micr\u00f2fon desactivat (estar\u00e0 de color vermell), est\u00e0 en mode configuraci\u00f3 (color taronja) o tens algun missatge (color groc).<\/p>\n\n\n\n<p>La resta \u00e9s tot altaveu menys a la part de sota i del darrera on trobarem la zona de connexions.<\/p>\n\n\n\n<p>N&#8217;hi ha dues: una d&#8217;entrada per a l&#8217;alimentaci\u00f3 i l&#8217;altra de sortida per a poder endollar un altaveu extern:<\/p>\n\n\n\n<div class=\"wp-block-image\"><figure class=\"aligncenter size-large is-resized\"><img loading=\"lazy\" decoding=\"async\" src=\"https:\/\/nntt2.auria.org\/wp-content\/uploads\/2021\/10\/conectores-amazon-echo-dot-3.jpg\" alt=\"\" class=\"wp-image-2726\" width=\"790\" height=\"481\" srcset=\"https:\/\/nntt2.auria.org\/wp-content\/uploads\/2021\/10\/conectores-amazon-echo-dot-3.jpg 600w, https:\/\/nntt2.auria.org\/wp-content\/uploads\/2021\/10\/conectores-amazon-echo-dot-3-300x183.jpg 300w\" sizes=\"auto, (max-width: 790px) 100vw, 790px\" \/><\/figure><\/div>\n\n\n\n<div class=\"wp-block-pdfjsblock-pdfjs-embed pdfjs-wrapper\"><\/div>\n","protected":false},"excerpt":{"rendered":"<p>A banda de l&#8217;Alexa Echo Show amb pantalla tamb\u00e9 disposem d&#8217;unes quantes Alexes Echo Dot, que podriem dir que \u00e9s el model m\u00e9s senzill d&#8217;Alexa per\u00f2 que funcionen molt b\u00e9. Disposa de<a class=\"moretag\" href=\"https:\/\/nntt2.auria.org\/index.php\/assitent-de-veu-alexa-echo-dot\/\">Read More&#8230;<\/a><\/p>\n","protected":false},"author":1,"featured_media":0,"parent":0,"menu_order":0,"comment_status":"closed","ping_status":"closed","template":"","meta":{"footnotes":""},"class_list":["post-2724","page","type-page","status-publish","hentry"],"_links":{"self":[{"href":"https:\/\/nntt2.auria.org\/index.php\/wp-json\/wp\/v2\/pages\/2724","targetHints":{"allow":["GET"]}}],"collection":[{"href":"https:\/\/nntt2.auria.org\/index.php\/wp-json\/wp\/v2\/pages"}],"about":[{"href":"https:\/\/nntt2.auria.org\/index.php\/wp-json\/wp\/v2\/types\/page"}],"author":[{"embeddable":true,"href":"https:\/\/nntt2.auria.org\/index.php\/wp-json\/wp\/v2\/users\/1"}],"replies":[{"embeddable":true,"href":"https:\/\/nntt2.auria.org\/index.php\/wp-json\/wp\/v2\/comments?post=2724"}],"version-history":[{"count":2,"href":"https:\/\/nntt2.auria.org\/index.php\/wp-json\/wp\/v2\/pages\/2724\/revisions"}],"predecessor-version":[{"id":2730,"href":"https:\/\/nntt2.auria.org\/index.php\/wp-json\/wp\/v2\/pages\/2724\/revisions\/2730"}],"wp:attachment":[{"href":"https:\/\/nntt2.auria.org\/index.php\/wp-json\/wp\/v2\/media?parent=2724"}],"curies":[{"name":"wp","href":"https:\/\/api.w.org\/{rel}","templated":true}]}}