{"id":260,"date":"2020-06-04T14:32:16","date_gmt":"2020-06-04T14:32:16","guid":{"rendered":"https:\/\/nntt.auria.org\/?page_id=260"},"modified":"2020-07-01T16:37:41","modified_gmt":"2020-07-01T16:37:41","slug":"pilotes-saltadores-2","status":"publish","type":"page","link":"https:\/\/nntt2.auria.org\/index.php\/recursos\/jocs\/pilotes-saltadores-2\/","title":{"rendered":"Pilotes saltadores"},"content":{"rendered":"\n<div class=\"wp-block-media-text alignwide is-stacked-on-mobile is-vertically-aligned-top\" style=\"grid-template-columns:17% auto\"><figure class=\"wp-block-media-text__media\"><a href=\"http:\/\/neave.com\/es\/pelotas-saltarinas\/\"><img loading=\"lazy\" decoding=\"async\" width=\"200\" height=\"200\" src=\"https:\/\/nntt2.auria.org\/wp-content\/uploads\/2020\/06\/Pilotes-Saltadores.png\" alt=\"\" class=\"wp-image-150\" srcset=\"https:\/\/nntt2.auria.org\/wp-content\/uploads\/2020\/06\/Pilotes-Saltadores.png 200w, https:\/\/nntt2.auria.org\/wp-content\/uploads\/2020\/06\/Pilotes-Saltadores-100x100.png 100w, https:\/\/nntt2.auria.org\/wp-content\/uploads\/2020\/06\/Pilotes-Saltadores-150x150.png 150w\" sizes=\"auto, (max-width: 200px) 100vw, 200px\" \/><\/a><\/figure><div class=\"wp-block-media-text__content\">\n<p>Un joc b\u00e0sic de causa-efecte basat en la interacci\u00f3 entre l&#8217;usuari i l&#8217;ordinador mitjan\u00e7ant el micr\u00f2fon.<\/p>\n\n\n\n<p>En el moment en qu\u00e8 l&#8217;usuari fa algun soroll les pilotes reaccionen a la intensitat d&#8217;aquest soroll.<\/p>\n\n\n\n<p>Funciona molt b\u00e9 amb aquells usuaris amb baixa mobilitat i interacci\u00f3 amb l&#8217;entorn i, per altra banda, tamb\u00e9 serveix d&#8217;exemple per introduir nous perif\u00e8rics i noves formes d&#8217;interactuar amb un ordinador amb aquells usuaris que es vulgui a profunditzar m\u00e9s l&#8217;\u00fas de l&#8217;ordinador.<\/p>\n\n\n\n<p>Per tant necessitarem un micr\u00f2fon o una webcam amb micr\u00f2fon integrat, actualment quasi totes en tenen.<\/p>\n\n\n\n<div class=\"wp-block-columns are-vertically-aligned-center is-layout-flex wp-container-core-columns-is-layout-9d6595d7 wp-block-columns-is-layout-flex\">\n<div class=\"wp-block-column is-vertically-aligned-center is-layout-flow wp-block-column-is-layout-flow\">\n<div class=\"wp-block-image\"><figure class=\"aligncenter size-thumbnail is-resized\"><img loading=\"lazy\" decoding=\"async\" src=\"https:\/\/nntt2.auria.org\/wp-content\/uploads\/2020\/06\/microfon-150x150.jpg\" alt=\"\" class=\"wp-image-392\" width=\"150\" height=\"150\" srcset=\"https:\/\/nntt2.auria.org\/wp-content\/uploads\/2020\/06\/microfon-150x150.jpg 150w, https:\/\/nntt2.auria.org\/wp-content\/uploads\/2020\/06\/microfon-300x300.jpg 300w, https:\/\/nntt2.auria.org\/wp-content\/uploads\/2020\/06\/microfon-100x100.jpg 100w, https:\/\/nntt2.auria.org\/wp-content\/uploads\/2020\/06\/microfon-600x600.jpg 600w, https:\/\/nntt2.auria.org\/wp-content\/uploads\/2020\/06\/microfon-1024x1024.jpg 1024w, https:\/\/nntt2.auria.org\/wp-content\/uploads\/2020\/06\/microfon-768x768.jpg 768w, https:\/\/nntt2.auria.org\/wp-content\/uploads\/2020\/06\/microfon.jpg 1100w\" sizes=\"auto, (max-width: 150px) 100vw, 150px\" \/><\/figure><\/div>\n<\/div>\n\n\n\n<div class=\"wp-block-column is-vertically-aligned-center is-layout-flow wp-block-column-is-layout-flow\">\n<div class=\"wp-block-image\"><figure class=\"aligncenter size-large is-resized\"><img loading=\"lazy\" decoding=\"async\" src=\"https:\/\/nntt2.auria.org\/wp-content\/uploads\/2020\/06\/webcam.jpg\" alt=\"\" class=\"wp-image-393\" width=\"199\" height=\"213\" srcset=\"https:\/\/nntt2.auria.org\/wp-content\/uploads\/2020\/06\/webcam.jpg 398w, https:\/\/nntt2.auria.org\/wp-content\/uploads\/2020\/06\/webcam-281x300.jpg 281w\" sizes=\"auto, (max-width: 199px) 100vw, 199px\" \/><\/figure><\/div>\n<\/div>\n<\/div>\n<\/div><\/div>\n\n\n\n<p><\/p>\n","protected":false},"excerpt":{"rendered":"","protected":false},"author":1,"featured_media":0,"parent":15,"menu_order":0,"comment_status":"closed","ping_status":"closed","template":"","meta":{"footnotes":""},"class_list":["post-260","page","type-page","status-publish","hentry"],"_links":{"self":[{"href":"https:\/\/nntt2.auria.org\/index.php\/wp-json\/wp\/v2\/pages\/260","targetHints":{"allow":["GET"]}}],"collection":[{"href":"https:\/\/nntt2.auria.org\/index.php\/wp-json\/wp\/v2\/pages"}],"about":[{"href":"https:\/\/nntt2.auria.org\/index.php\/wp-json\/wp\/v2\/types\/page"}],"author":[{"embeddable":true,"href":"https:\/\/nntt2.auria.org\/index.php\/wp-json\/wp\/v2\/users\/1"}],"replies":[{"embeddable":true,"href":"https:\/\/nntt2.auria.org\/index.php\/wp-json\/wp\/v2\/comments?post=260"}],"version-history":[{"count":3,"href":"https:\/\/nntt2.auria.org\/index.php\/wp-json\/wp\/v2\/pages\/260\/revisions"}],"predecessor-version":[{"id":615,"href":"https:\/\/nntt2.auria.org\/index.php\/wp-json\/wp\/v2\/pages\/260\/revisions\/615"}],"up":[{"embeddable":true,"href":"https:\/\/nntt2.auria.org\/index.php\/wp-json\/wp\/v2\/pages\/15"}],"wp:attachment":[{"href":"https:\/\/nntt2.auria.org\/index.php\/wp-json\/wp\/v2\/media?parent=260"}],"curies":[{"name":"wp","href":"https:\/\/api.w.org\/{rel}","templated":true}]}}