{"id":2596,"date":"2021-06-18T10:27:17","date_gmt":"2021-06-18T09:27:17","guid":{"rendered":"https:\/\/nntt.auria.org\/?page_id=2596"},"modified":"2021-06-18T10:27:55","modified_gmt":"2021-06-18T09:27:55","slug":"enfonsa-el-vaixell","status":"publish","type":"page","link":"https:\/\/nntt2.auria.org\/index.php\/recursos\/jocs-i-aplicacions-propies\/enfonsa-el-vaixell\/","title":{"rendered":"Enfonsa el vaixell"},"content":{"rendered":"\n<div class=\"wp-block-media-text alignwide is-stacked-on-mobile\" style=\"grid-template-columns:34% auto\"><figure class=\"wp-block-media-text__media\"><a href=\"https:\/\/auria-nntt.itch.io\/enfonsa-el-vaixell\" target=\"_blank\" rel=\"noopener noreferrer\"><img loading=\"lazy\" decoding=\"async\" width=\"1024\" height=\"304\" src=\"https:\/\/nntt2.auria.org\/wp-content\/uploads\/2021\/06\/LogoJocEnfonsaElVaixell-1024x304.png\" alt=\"\" class=\"wp-image-2597\" srcset=\"https:\/\/nntt2.auria.org\/wp-content\/uploads\/2021\/06\/LogoJocEnfonsaElVaixell-1024x304.png 1024w, https:\/\/nntt2.auria.org\/wp-content\/uploads\/2021\/06\/LogoJocEnfonsaElVaixell-600x178.png 600w, https:\/\/nntt2.auria.org\/wp-content\/uploads\/2021\/06\/LogoJocEnfonsaElVaixell-300x89.png 300w, https:\/\/nntt2.auria.org\/wp-content\/uploads\/2021\/06\/LogoJocEnfonsaElVaixell-768x228.png 768w, https:\/\/nntt2.auria.org\/wp-content\/uploads\/2021\/06\/LogoJocEnfonsaElVaixell-1536x456.png 1536w, https:\/\/nntt2.auria.org\/wp-content\/uploads\/2021\/06\/LogoJocEnfonsaElVaixell.png 1897w\" sizes=\"auto, (max-width: 1024px) 100vw, 1024px\" \/><\/a><\/figure><div class=\"wp-block-media-text__content\">\n<p><strong>Enfonsa el vaixell&nbsp;<\/strong> t\u00e9 com a idea principal treballar la temporalitzaci\u00f3 i la paci\u00e8ncia. En quant a temporalitzaci\u00f3 ens referim al fet d&#8217;esperar a que un objecte estigui en el punt optim per dur a terme una acci\u00f3, tocar la pantalla, premer un boto, etc.<\/p>\n\n\n\n<p>&nbsp;L&#8217;objectiu del joc \u00e9s que els jugadors aconsegueixin enfonsar els diferents vaixells que apareixen des de la part dreta de la pantalla. Aquests vaixells aniran apareixen en diferents posicions i velocitats de forma aleatoria.<\/p>\n\n\n\n<p>En el moment en que el jugador enfonsa un vaixell sumar\u00e0 punts en aquesta ocasi\u00f3 si dispara i no aconsegueix enfonsar un vaixell no se li restaran punts. Hem decidit que aquest joc no tindr\u00e0 un sistema de vides, d&#8217;aquesta forma facilitem l&#8217;aprenentatge del joc mitjan\u00e7at la prova i error.<\/p>\n\n\n\n<p>Existeixen avisos sonors per tal d&#8217;anunciar si la resposta que s&#8217;ha escollit \u00e9s correcta o no.<\/p>\n\n\n\n<p>Per la versi\u00f3 Android tamb\u00e9 hi ha alternativa per jugar-la amb polsador aix\u00f2 si necessitarem un polsadro Blue2 o un cable OTG on connectar-hi un ratoli adaptat per a polsadors.<\/p>\n\n\n\n<p>Podeu descarregar l&#8217;apk d&#8217;aquest joc per al vostre m\u00f2bil i\/o tauleta i, si ho preferiu, descarregar l&#8217;executable per Windows per tal de jugar-hi sense dependre de connexi\u00f3 a internet.<\/p>\n<\/div><\/div>\n","protected":false},"excerpt":{"rendered":"<p>Enfonsa el vaixell&nbsp; t\u00e9 com a idea principal treballar la temporalitzaci\u00f3 i la paci\u00e8ncia. En quant a temporalitzaci\u00f3 ens referim al fet d&#8217;esperar a que un objecte estigui en el punt optim<a class=\"moretag\" href=\"https:\/\/nntt2.auria.org\/index.php\/recursos\/jocs-i-aplicacions-propies\/enfonsa-el-vaixell\/\">Read More&#8230;<\/a><\/p>\n","protected":false},"author":1,"featured_media":0,"parent":2129,"menu_order":0,"comment_status":"closed","ping_status":"closed","template":"","meta":{"footnotes":""},"class_list":["post-2596","page","type-page","status-publish","hentry"],"_links":{"self":[{"href":"https:\/\/nntt2.auria.org\/index.php\/wp-json\/wp\/v2\/pages\/2596","targetHints":{"allow":["GET"]}}],"collection":[{"href":"https:\/\/nntt2.auria.org\/index.php\/wp-json\/wp\/v2\/pages"}],"about":[{"href":"https:\/\/nntt2.auria.org\/index.php\/wp-json\/wp\/v2\/types\/page"}],"author":[{"embeddable":true,"href":"https:\/\/nntt2.auria.org\/index.php\/wp-json\/wp\/v2\/users\/1"}],"replies":[{"embeddable":true,"href":"https:\/\/nntt2.auria.org\/index.php\/wp-json\/wp\/v2\/comments?post=2596"}],"version-history":[{"count":1,"href":"https:\/\/nntt2.auria.org\/index.php\/wp-json\/wp\/v2\/pages\/2596\/revisions"}],"predecessor-version":[{"id":2598,"href":"https:\/\/nntt2.auria.org\/index.php\/wp-json\/wp\/v2\/pages\/2596\/revisions\/2598"}],"up":[{"embeddable":true,"href":"https:\/\/nntt2.auria.org\/index.php\/wp-json\/wp\/v2\/pages\/2129"}],"wp:attachment":[{"href":"https:\/\/nntt2.auria.org\/index.php\/wp-json\/wp\/v2\/media?parent=2596"}],"curies":[{"name":"wp","href":"https:\/\/api.w.org\/{rel}","templated":true}]}}