{"id":2548,"date":"2021-03-08T17:28:05","date_gmt":"2021-03-08T16:28:05","guid":{"rendered":"https:\/\/nntt.auria.org\/?page_id=2548"},"modified":"2021-03-08T17:28:05","modified_gmt":"2021-03-08T16:28:05","slug":"sogama","status":"publish","type":"page","link":"https:\/\/nntt2.auria.org\/index.php\/sogama\/","title":{"rendered":"Sogama"},"content":{"rendered":"\n<div class=\"wp-block-media-text alignwide is-stacked-on-mobile\" style=\"grid-template-columns:45% auto\"><figure class=\"wp-block-media-text__media\"><a href=\"http:\/\/www.sogama.gal\/es\/info\/juegos-escolares\"><img loading=\"lazy\" decoding=\"async\" width=\"1024\" height=\"352\" src=\"https:\/\/nntt2.auria.org\/wp-content\/uploads\/2021\/03\/sogama2-1024x352.png\" alt=\"\" class=\"wp-image-2549\" srcset=\"https:\/\/nntt2.auria.org\/wp-content\/uploads\/2021\/03\/sogama2-1024x352.png 1024w, https:\/\/nntt2.auria.org\/wp-content\/uploads\/2021\/03\/sogama2-600x206.png 600w, https:\/\/nntt2.auria.org\/wp-content\/uploads\/2021\/03\/sogama2-300x103.png 300w, https:\/\/nntt2.auria.org\/wp-content\/uploads\/2021\/03\/sogama2-768x264.png 768w, https:\/\/nntt2.auria.org\/wp-content\/uploads\/2021\/03\/sogama2.png 1412w\" sizes=\"auto, (max-width: 1024px) 100vw, 1024px\" \/><\/a><\/figure><div class=\"wp-block-media-text__content\">\n<p class=\"has-medium-font-size\">En aquesta p\u00e0gina de la l&#8217;Asociaci\u00f3 Gallega del Medi Ambient trobarem varis jocs interactius relacionats amb el reciclatge.<\/p>\n\n\n\n<p class=\"has-medium-font-size\"><a href=\"http:\/\/www.sogama.gal\/es\/info\/juegos-escolares\">V\u00e9s a la p\u00e0gina<\/a><\/p>\n<\/div><\/div>\n\n\n\n<p><\/p>\n","protected":false},"excerpt":{"rendered":"<p>En aquesta p\u00e0gina de la l&#8217;Asociaci\u00f3 Gallega del Medi Ambient trobarem varis jocs interactius relacionats amb el reciclatge. V\u00e9s a la p\u00e0gina<\/p>\n","protected":false},"author":1,"featured_media":0,"parent":0,"menu_order":0,"comment_status":"closed","ping_status":"closed","template":"","meta":{"footnotes":""},"class_list":["post-2548","page","type-page","status-publish","hentry"],"_links":{"self":[{"href":"https:\/\/nntt2.auria.org\/index.php\/wp-json\/wp\/v2\/pages\/2548","targetHints":{"allow":["GET"]}}],"collection":[{"href":"https:\/\/nntt2.auria.org\/index.php\/wp-json\/wp\/v2\/pages"}],"about":[{"href":"https:\/\/nntt2.auria.org\/index.php\/wp-json\/wp\/v2\/types\/page"}],"author":[{"embeddable":true,"href":"https:\/\/nntt2.auria.org\/index.php\/wp-json\/wp\/v2\/users\/1"}],"replies":[{"embeddable":true,"href":"https:\/\/nntt2.auria.org\/index.php\/wp-json\/wp\/v2\/comments?post=2548"}],"version-history":[{"count":1,"href":"https:\/\/nntt2.auria.org\/index.php\/wp-json\/wp\/v2\/pages\/2548\/revisions"}],"predecessor-version":[{"id":2550,"href":"https:\/\/nntt2.auria.org\/index.php\/wp-json\/wp\/v2\/pages\/2548\/revisions\/2550"}],"wp:attachment":[{"href":"https:\/\/nntt2.auria.org\/index.php\/wp-json\/wp\/v2\/media?parent=2548"}],"curies":[{"name":"wp","href":"https:\/\/api.w.org\/{rel}","templated":true}]}}