{"id":253,"date":"2020-06-04T14:28:13","date_gmt":"2020-06-04T14:28:13","guid":{"rendered":"https:\/\/nntt.auria.org\/?page_id=253"},"modified":"2020-07-01T16:44:36","modified_gmt":"2020-07-01T16:44:36","slug":"puzzle-flor-2","status":"publish","type":"page","link":"https:\/\/nntt2.auria.org\/index.php\/recursos\/jocs\/puzzle-flor-2\/","title":{"rendered":"Puzle flor"},"content":{"rendered":"\n<div class=\"wp-block-media-text alignwide is-stacked-on-mobile is-vertically-aligned-top\" style=\"grid-template-columns:17% auto\"><figure class=\"wp-block-media-text__media\"><a href=\"http:\/\/www.jigsawplanet.com\/?rc=play&amp;pid=15371096921f\"><img loading=\"lazy\" decoding=\"async\" width=\"200\" height=\"200\" src=\"https:\/\/nntt2.auria.org\/wp-content\/uploads\/2020\/06\/Puzzle-Flor.png\" alt=\"\" class=\"wp-image-153\" srcset=\"https:\/\/nntt2.auria.org\/wp-content\/uploads\/2020\/06\/Puzzle-Flor.png 200w, https:\/\/nntt2.auria.org\/wp-content\/uploads\/2020\/06\/Puzzle-Flor-100x100.png 100w, https:\/\/nntt2.auria.org\/wp-content\/uploads\/2020\/06\/Puzzle-Flor-150x150.png 150w\" sizes=\"auto, (max-width: 200px) 100vw, 200px\" \/><\/a><\/figure><div class=\"wp-block-media-text__content\">\n<p>Puzle&nbsp;de la web de&nbsp;puzles&nbsp;Jigsaw&nbsp;Planet&nbsp;on els usuaris podran resoldre el&nbsp;puzle&nbsp;creat a partir d&#8217;una imatge d&#8217;unes flors.<\/p>\n\n\n\n<p>Per poder interactuar i resoldre el&nbsp;puzle&nbsp;s&#8217;haur\u00e0 de fer mitjan\u00e7ant el ratol\u00ed. \u00c9s interessant remarcar que per poder moure les diferents peces del&nbsp;puzle&nbsp;nom\u00e9s \u00e9s necessari clicar-les, sense necessitat de seguir&nbsp;prement&nbsp;el bot\u00f3, moure i tornar a clicar per deixar-les anar all\u00e0 on&nbsp;vulguem.<\/p>\n\n\n\n<div class=\"wp-block-image\"><figure class=\"aligncenter size-medium is-resized\"><img loading=\"lazy\" decoding=\"async\" src=\"https:\/\/nntt2.auria.org\/wp-content\/uploads\/2020\/06\/mouse-300x206.jpg\" alt=\"\" class=\"wp-image-395\" width=\"150\" height=\"103\" srcset=\"https:\/\/nntt2.auria.org\/wp-content\/uploads\/2020\/06\/mouse-300x206.jpg 300w, https:\/\/nntt2.auria.org\/wp-content\/uploads\/2020\/06\/mouse-600x413.jpg 600w, https:\/\/nntt2.auria.org\/wp-content\/uploads\/2020\/06\/mouse-1024x704.jpg 1024w, https:\/\/nntt2.auria.org\/wp-content\/uploads\/2020\/06\/mouse-768x528.jpg 768w, https:\/\/nntt2.auria.org\/wp-content\/uploads\/2020\/06\/mouse.jpg 1291w\" sizes=\"auto, (max-width: 150px) 100vw, 150px\" \/><\/figure><\/div>\n\n\n\n<iframe src=\"https:\/\/www.jigsawplanet.com\/?rc=play&amp;pid=15371096921f&amp;view=iframe\" style=\"width:100%;height:600px\" frameborder=\"0\" allowfullscreen=\"\"><\/iframe>\n<\/div><\/div>\n","protected":false},"excerpt":{"rendered":"","protected":false},"author":1,"featured_media":0,"parent":15,"menu_order":0,"comment_status":"closed","ping_status":"closed","template":"","meta":{"footnotes":""},"class_list":["post-253","page","type-page","status-publish","hentry"],"_links":{"self":[{"href":"https:\/\/nntt2.auria.org\/index.php\/wp-json\/wp\/v2\/pages\/253","targetHints":{"allow":["GET"]}}],"collection":[{"href":"https:\/\/nntt2.auria.org\/index.php\/wp-json\/wp\/v2\/pages"}],"about":[{"href":"https:\/\/nntt2.auria.org\/index.php\/wp-json\/wp\/v2\/types\/page"}],"author":[{"embeddable":true,"href":"https:\/\/nntt2.auria.org\/index.php\/wp-json\/wp\/v2\/users\/1"}],"replies":[{"embeddable":true,"href":"https:\/\/nntt2.auria.org\/index.php\/wp-json\/wp\/v2\/comments?post=253"}],"version-history":[{"count":4,"href":"https:\/\/nntt2.auria.org\/index.php\/wp-json\/wp\/v2\/pages\/253\/revisions"}],"predecessor-version":[{"id":620,"href":"https:\/\/nntt2.auria.org\/index.php\/wp-json\/wp\/v2\/pages\/253\/revisions\/620"}],"up":[{"embeddable":true,"href":"https:\/\/nntt2.auria.org\/index.php\/wp-json\/wp\/v2\/pages\/15"}],"wp:attachment":[{"href":"https:\/\/nntt2.auria.org\/index.php\/wp-json\/wp\/v2\/media?parent=253"}],"curies":[{"name":"wp","href":"https:\/\/api.w.org\/{rel}","templated":true}]}}