{"id":2522,"date":"2021-03-08T16:50:55","date_gmt":"2021-03-08T15:50:55","guid":{"rendered":"https:\/\/nntt.auria.org\/?page_id=2522"},"modified":"2021-03-08T16:54:38","modified_gmt":"2021-03-08T15:54:38","slug":"incredibox","status":"publish","type":"page","link":"https:\/\/nntt2.auria.org\/index.php\/incredibox\/","title":{"rendered":"Incredibox"},"content":{"rendered":"\n<figure class=\"wp-block-image size-large is-resized\"><a href=\"https:\/\/www.incredibox.com\/\"><img loading=\"lazy\" decoding=\"async\" src=\"https:\/\/nntt2.auria.org\/wp-content\/uploads\/2021\/03\/incredibox2.jpg\" alt=\"\" class=\"wp-image-2523\" width=\"865\" height=\"607\" srcset=\"https:\/\/nntt2.auria.org\/wp-content\/uploads\/2021\/03\/incredibox2.jpg 692w, https:\/\/nntt2.auria.org\/wp-content\/uploads\/2021\/03\/incredibox2-600x421.jpg 600w, https:\/\/nntt2.auria.org\/wp-content\/uploads\/2021\/03\/incredibox2-300x210.jpg 300w\" sizes=\"auto, (max-width: 865px) 100vw, 865px\" \/><\/a><\/figure>\n\n\n\n<p>Incredibox \u00e9s una p\u00e0gina web que et permet compondre m\u00fasica gr\u00e0cies a la combinaci\u00f3 d&#8217;efectes creats amb la veu. L&#8217;aplicaci\u00f3 ha estat ideada per l&#8217;artista franc\u00e8s de beatbox The Incredible Pol juntament amb altres artistes per compartir la seva habilitat musical i que la gent pugui crear la seva pr\u00f2pia m\u00fasica. Aquest recurs pot esdevenir un magn\u00edfic aliat per motivar als teus alumnes en les classes de M\u00fasica i emp\u00e8nyer-a la composici\u00f3 musical.<\/p>\n\n\n\n<p>DESCOBREIX LA M\u00daSICA A TRAV\u00c9S D&#8217;UNA CAIXA DE RITMES VOCAL<\/p>\n\n\n\n<p>Encara que est\u00e0 en angl\u00e8s, Incredibox compta amb una navegaci\u00f3 molt intu\u00eftiva que facilita l&#8217;usuari la interacci\u00f3. Aquest ha d&#8217;anar prenent decisions i seleccionant efectes fins a aconseguir la seva pr\u00f2pia composici\u00f3 musical. La selecci\u00f3 comen\u00e7a ja en la primera p\u00e0gina, on cal triar entre tres jocs musicals diferents. El seu funcionament, per\u00f2, \u00e9s similar.<\/p>\n\n\n\n<p>L&#8217;escenari \u00e9s una pantalla on van apareixent diferents personatges animats. Segons es mostren, l&#8217;usuari ha d&#8217;arrossegar sobre d&#8217;ells l&#8217;efecte desitjat fins a completar un m\u00e0xim de 7 elements alhora. Els efectes estan distribu\u00efts en quatre categories: Effects (efectes), Beats (ritmes), Melodies (melodies), Chorus (cors) i Voices (veus), i tots han estat generats per la veu del cantant franc\u00e8s. Cada so t\u00e9 el seu propi color i icona, el que facilita la seva identificaci\u00f3.<\/p>\n\n\n\n<p>L&#8217;aplicaci\u00f3 tamb\u00e9 ofereix l&#8217;opci\u00f3 de silenciar cada personatge per separat, a tots en conjunt o anar eliminant aquells que ja no siguin necessaris. Un cop s&#8217;han provat els diferents efectes i controls, l&#8217;usuari pot utilitzar la funci\u00f3 Gravar per registrar la seva composici\u00f3, que no ha de superar els tres minuts.<\/p>\n\n\n\n<p>Un cop finalitzada la gravaci\u00f3, aquesta pot tornar-se a escoltar, compartir per Facebook, Twitter o correu electr\u00f2nic a trav\u00e9s d&#8217;una URL que genera el programa i fins i tot, previ pagament de 0,69 euros, descarregar a l&#8217;ordinador. A m\u00e9s, la composici\u00f3 pot formar part de la comunitat Incredibox, on altres usuaris poden veure i votar si els agrada.<\/p>\n\n\n\n<p>CREA JOCS MUSICALS INTERACTIUS A CLASSE<\/p>\n\n\n\n<p>L&#8217;aplicaci\u00f3 convertir\u00e0 la teva classe de M\u00fasica en un estudi de composici\u00f3 on els teus alumnes poden aprendre mentre juguen. Animeu-los a descobrir cada un dels efectes, com combinar-los de la millor manera possible i quan utilitzar la funci\u00f3 silenciar correctament.<\/p>\n\n\n\n<p><\/p>\n\n\n\n<p>Tamb\u00e9 hi ha disponible l&#8217;App per descarregar.<\/p>\n\n\n\n<p class=\"has-large-font-size\"><a href=\"https:\/\/www.incredibox.com\/\">ves a la p\u00e0gina<\/a><\/p>\n\n\n\n<p><\/p>\n\n\n\n<p>recurs i explicaci\u00f3 extret de: <a href=\"https:\/\/www.aulaplaneta.com\/\">https:\/\/www.aulaplaneta.com\/<\/a><\/p>\n\n\n\n<p><\/p>\n","protected":false},"excerpt":{"rendered":"<p>Incredibox \u00e9s una p\u00e0gina web que et permet compondre m\u00fasica gr\u00e0cies a la combinaci\u00f3 d&#8217;efectes creats amb la veu. L&#8217;aplicaci\u00f3 ha estat ideada per l&#8217;artista franc\u00e8s de beatbox The Incredible Pol juntament<a class=\"moretag\" href=\"https:\/\/nntt2.auria.org\/index.php\/incredibox\/\">Read More&#8230;<\/a><\/p>\n","protected":false},"author":1,"featured_media":0,"parent":0,"menu_order":0,"comment_status":"closed","ping_status":"closed","template":"","meta":{"footnotes":""},"class_list":["post-2522","page","type-page","status-publish","hentry"],"_links":{"self":[{"href":"https:\/\/nntt2.auria.org\/index.php\/wp-json\/wp\/v2\/pages\/2522","targetHints":{"allow":["GET"]}}],"collection":[{"href":"https:\/\/nntt2.auria.org\/index.php\/wp-json\/wp\/v2\/pages"}],"about":[{"href":"https:\/\/nntt2.auria.org\/index.php\/wp-json\/wp\/v2\/types\/page"}],"author":[{"embeddable":true,"href":"https:\/\/nntt2.auria.org\/index.php\/wp-json\/wp\/v2\/users\/1"}],"replies":[{"embeddable":true,"href":"https:\/\/nntt2.auria.org\/index.php\/wp-json\/wp\/v2\/comments?post=2522"}],"version-history":[{"count":3,"href":"https:\/\/nntt2.auria.org\/index.php\/wp-json\/wp\/v2\/pages\/2522\/revisions"}],"predecessor-version":[{"id":2530,"href":"https:\/\/nntt2.auria.org\/index.php\/wp-json\/wp\/v2\/pages\/2522\/revisions\/2530"}],"wp:attachment":[{"href":"https:\/\/nntt2.auria.org\/index.php\/wp-json\/wp\/v2\/media?parent=2522"}],"curies":[{"name":"wp","href":"https:\/\/api.w.org\/{rel}","templated":true}]}}