{"id":25,"date":"2020-05-28T14:06:45","date_gmt":"2020-05-28T14:06:45","guid":{"rendered":"https:\/\/nntt.auria.org\/?page_id=25"},"modified":"2020-10-14T15:20:59","modified_gmt":"2020-10-14T15:20:59","slug":"sobre-nosaltres","status":"publish","type":"page","link":"https:\/\/nntt2.auria.org\/index.php\/sobre-nosaltres\/","title":{"rendered":"Sobre nosaltres"},"content":{"rendered":"\n<p class=\"has-normal-font-size\">L\u2019any 2018 va n\u00e9ixer el <strong>Program<\/strong><strong>a<\/strong><strong> <\/strong><strong>transversal de noves <\/strong><strong>tecnologies,<\/strong><strong> <\/strong>fruit d\u2019una forta aposta d\u2019\u00c0uria Fundaci\u00f3 per millorar i innovar en els processos educatius, formatius i rehabilitadors dels nostres programes i serveis mitjan\u00e7ant l\u2019\u00fas de les noves tecnologies.<\/p>\n\n\n\n<p class=\"has-normal-font-size\">Tot i que es va iniciar amb un sol professional, actualment el conforma un equip de 3 professionals a temps parcial: El Xavi, l\u2019Aran i el Jordi.<\/p>\n\n\n\n<p><\/p>\n\n\n\n<div class=\"wp-block-image\"><figure class=\"aligncenter size-large\"><img loading=\"lazy\" decoding=\"async\" width=\"722\" height=\"407\" src=\"https:\/\/nntt2.auria.org\/wp-content\/uploads\/2020\/06\/info-blog-nntt.jpg\" alt=\"\" class=\"wp-image-333\" srcset=\"https:\/\/nntt2.auria.org\/wp-content\/uploads\/2020\/06\/info-blog-nntt.jpg 722w, https:\/\/nntt2.auria.org\/wp-content\/uploads\/2020\/06\/info-blog-nntt-600x338.jpg 600w, https:\/\/nntt2.auria.org\/wp-content\/uploads\/2020\/06\/info-blog-nntt-300x169.jpg 300w\" sizes=\"auto, (max-width: 722px) 100vw, 722px\" \/><\/figure><\/div>\n","protected":false},"excerpt":{"rendered":"<p>L\u2019any 2018 va n\u00e9ixer el Programa transversal de noves tecnologies, fruit d\u2019una forta aposta d\u2019\u00c0uria Fundaci\u00f3 per millorar i innovar en els processos educatius, formatius i rehabilitadors dels nostres programes i serveis<a class=\"moretag\" href=\"https:\/\/nntt2.auria.org\/index.php\/sobre-nosaltres\/\">Read More&#8230;<\/a><\/p>\n","protected":false},"author":1,"featured_media":0,"parent":0,"menu_order":0,"comment_status":"closed","ping_status":"closed","template":"page-sidebar.php","meta":{"footnotes":""},"class_list":["post-25","page","type-page","status-publish","hentry"],"_links":{"self":[{"href":"https:\/\/nntt2.auria.org\/index.php\/wp-json\/wp\/v2\/pages\/25","targetHints":{"allow":["GET"]}}],"collection":[{"href":"https:\/\/nntt2.auria.org\/index.php\/wp-json\/wp\/v2\/pages"}],"about":[{"href":"https:\/\/nntt2.auria.org\/index.php\/wp-json\/wp\/v2\/types\/page"}],"author":[{"embeddable":true,"href":"https:\/\/nntt2.auria.org\/index.php\/wp-json\/wp\/v2\/users\/1"}],"replies":[{"embeddable":true,"href":"https:\/\/nntt2.auria.org\/index.php\/wp-json\/wp\/v2\/comments?post=25"}],"version-history":[{"count":5,"href":"https:\/\/nntt2.auria.org\/index.php\/wp-json\/wp\/v2\/pages\/25\/revisions"}],"predecessor-version":[{"id":1275,"href":"https:\/\/nntt2.auria.org\/index.php\/wp-json\/wp\/v2\/pages\/25\/revisions\/1275"}],"wp:attachment":[{"href":"https:\/\/nntt2.auria.org\/index.php\/wp-json\/wp\/v2\/media?parent=25"}],"curies":[{"name":"wp","href":"https:\/\/api.w.org\/{rel}","templated":true}]}}